{"id":20615,"date":"2026-02-27T00:09:11","date_gmt":"2026-02-27T00:09:11","guid":{"rendered":"https:\/\/nordicmart.andreevmaster.com\/product\/feber-hello-kitty-bornehavehus\/"},"modified":"2026-02-27T08:53:59","modified_gmt":"2026-02-27T08:53:59","slug":"feber-hello-kitty-bornehavehus","status":"publish","type":"product","link":"https:\/\/nordicmart.andreevmaster.com\/da\/vare\/feber-hello-kitty-bornehavehus\/","title":{"rendered":"FEBER HELLO KITTY B\u00f8rnehavehus"},"content":{"rendered":"<p>#### Hello Kitty House legehus \u2013 eventyrlig sjov i det fri.<\/p>\n<p>Oplev det charmerende Hello Kitty legehus fra FEBER \u2013 det perfekte sted at lege for alle sm\u00e5 opdagelsesrejsende i alderen 2 til 6 \u00e5r. Dette s\u00f8de pastellrosa legehus med m\u00f8rkegr\u00f8nt tag er et sandt gl\u00e6desrige! Vores uerstattelige Hello Kitty har forberedt noget helt s\u00e6rligt \u2013 hun har dekoreret legehuset med sine yndlingsmotiver, s\u00e5 alle b\u00f8rn kan f\u00f8le sig som i et eventyr. P\u00e5 v\u00e6ggene finder du s\u00f8de blomster og charmerende billeder af Hello Kitty, der f\u00e5r dig til at smile ved f\u00f8rste blik.#### Egenskaber:<\/p>\n<p>* &#8211; Til b\u00f8rn i alderen 2-6 \u00e5r<br \/>\n* &#8211; Hovedd\u00f8ren kan \u00e5bnes, s\u00e5 de sm\u00e5 kan komme og g\u00e5 frit, mens de leger<br \/>\n* &#8211; Vinduerne giver barnet mulighed for at kigge ud i haven<br \/>\n* &#8211; Takket v\u00e6re Anti-UV-bel\u00e6gningen er legehuset modstandsdygtigt over for sollys \u2013 farverne falmer ikke, og materialet bevarer sin holdbarhed i lang tid<br \/>\n* &#8211; Velegnet til b\u00e5de indend\u00f8rs og udend\u00f8rs brug<br \/>\n* &#8211; Solid og stabil konstruktion, modstandsdygtig over for intens leg<br \/>\n* &#8211; Let at samle \u2013 klar til leg p\u00e5 ingen tid<\/p>\n<p>#### Leget\u00f8jet udvikler:<\/p>\n<p>* &#8211; Kreativitet og fantasi \u2013 skab dine egne scener og roller<br \/>\n* &#8211; Sociale f\u00e6rdigheder \u2013 leg i en gruppe, deling af plads<br \/>\n* &#8211; Bev\u00e6gelse og motoriske f\u00e6rdigheder \u2013 g\u00e5 ind, g\u00e5 ud, \u00e5bne d\u00f8re og vinduer<br \/>\n* &#8211; Uafh\u00e6ngighed \u2013 l\u00e6r at organisere dit eget legerum<\/p>\n","protected":false},"excerpt":{"rendered":"<p>#### Hello Kitty House legehus \u2013 eventyrlig sjov i det fri. Oplev det charmerende Hello Kitty legehus fra FEBER \u2013 det perfekte sted at lege for alle sm\u00e5 opdagelsesrejsende i alderen 2 til 6 \u00e5r. Dette s\u00f8de pastellrosa legehus med m\u00f8rkegr\u00f8nt tag er et sandt gl\u00e6desrige! Vores uerstattelige Hello Kitty har forberedt noget helt s\u00e6rligt [&hellip;]<\/p>\n","protected":false},"featured_media":0,"comment_status":"open","ping_status":"closed","template":"","meta":[],"product_brand":[],"product_cat":[31],"product_tag":[],"class_list":{"0":"post-20615","1":"product","2":"type-product","3":"status-publish","5":"product_cat-uncategorized-da","7":"first","8":"instock","9":"shipping-taxable","10":"purchasable","11":"product-type-simple"},"_links":{"self":[{"href":"https:\/\/nordicmart.andreevmaster.com\/da\/wp-json\/wp\/v2\/product\/20615","targetHints":{"allow":["GET"]}}],"collection":[{"href":"https:\/\/nordicmart.andreevmaster.com\/da\/wp-json\/wp\/v2\/product"}],"about":[{"href":"https:\/\/nordicmart.andreevmaster.com\/da\/wp-json\/wp\/v2\/types\/product"}],"replies":[{"embeddable":true,"href":"https:\/\/nordicmart.andreevmaster.com\/da\/wp-json\/wp\/v2\/comments?post=20615"}],"wp:attachment":[{"href":"https:\/\/nordicmart.andreevmaster.com\/da\/wp-json\/wp\/v2\/media?parent=20615"}],"wp:term":[{"taxonomy":"product_brand","embeddable":true,"href":"https:\/\/nordicmart.andreevmaster.com\/da\/wp-json\/wp\/v2\/product_brand?post=20615"},{"taxonomy":"product_cat","embeddable":true,"href":"https:\/\/nordicmart.andreevmaster.com\/da\/wp-json\/wp\/v2\/product_cat?post=20615"},{"taxonomy":"product_tag","embeddable":true,"href":"https:\/\/nordicmart.andreevmaster.com\/da\/wp-json\/wp\/v2\/product_tag?post=20615"}],"curies":[{"name":"wp","href":"https:\/\/api.w.org\/{rel}","templated":true}]}}