{"id":20614,"date":"2026-02-27T00:09:11","date_gmt":"2026-02-27T00:09:11","guid":{"rendered":"https:\/\/nordicmart.andreevmaster.com\/product\/feber-hello-kitty-motor-ride-on-toy-2\/"},"modified":"2026-02-27T08:53:59","modified_gmt":"2026-02-27T08:53:59","slug":"feber-hello-kitty-motor-ride-on-toy-2","status":"publish","type":"product","link":"https:\/\/nordicmart.andreevmaster.com\/da\/vare\/feber-hello-kitty-motor-ride-on-toy-2\/","title":{"rendered":"FEBER Hello Kitty Motor Ride-On Toy"},"content":{"rendered":"<p>### Hello Kitty Motofeber leget\u00f8jsmotorcykel \u2013 stabil og sikker leg for de sm\u00e5.<\/p>\n<p>Hello Kitty Motofeber leget\u00f8jsmotorcyklen er det perfekte f\u00f8rste &#8220;motorcykel&#8221;-leget\u00f8j til b\u00f8rn fra 18 m\u00e5neder og opefter. Takket v\u00e6re de brede hjul og den robuste konstruktion giver den stabilitet og sikkerhed for sm\u00e5b\u00f8rn, mens de l\u00e6rer at k\u00f8re. Den lette konstruktion og det charmerende Hello Kitty-design g\u00f8r det til den perfekte ledsager til hverdagens aktiviteter, b\u00e5de hjemme og udend\u00f8rs.<\/p>\n<p>### Egenskaber:<\/p>\n<p>* &#8211; Designet til b\u00f8rn fra 18 m\u00e5neder og opefter<br \/>\n* &#8211; Brede hjul for fremragende stabilitet<br \/>\n* &#8211; Let konstruktion \u2013 nem at b\u00e6re for et barn eller en omsorgsperson<br \/>\n* &#8211; Komfortabelt s\u00e6de og styr designet til sm\u00e5 h\u00e6nder<br \/>\n* &#8211; Holdbare materialer, der kan modst\u00e5 intens leg<\/p>\n<p>### Leget\u00f8jet udvikler:<\/p>\n<p>* &#8211; Motorisk koordination og motoriske f\u00e6rdigheder<br \/>\n* &#8211; Balance under k\u00f8rsel<br \/>\n* &#8211; Selvtillid og uafh\u00e6ngighed i bev\u00e6gelser<br \/>\n* &#8211; Fantasi og fysisk aktivitet \u2013 b\u00e5de hjemme og udend\u00f8rs<\/p>\n","protected":false},"excerpt":{"rendered":"<p>### Hello Kitty Motofeber leget\u00f8jsmotorcykel \u2013 stabil og sikker leg for de sm\u00e5. Hello Kitty Motofeber leget\u00f8jsmotorcyklen er det perfekte f\u00f8rste &#8220;motorcykel&#8221;-leget\u00f8j til b\u00f8rn fra 18 m\u00e5neder og opefter. Takket v\u00e6re de brede hjul og den robuste konstruktion giver den stabilitet og sikkerhed for sm\u00e5b\u00f8rn, mens de l\u00e6rer at k\u00f8re. Den lette konstruktion og det [&hellip;]<\/p>\n","protected":false},"featured_media":0,"comment_status":"open","ping_status":"closed","template":"","meta":[],"product_brand":[],"product_cat":[31],"product_tag":[],"class_list":{"0":"post-20614","1":"product","2":"type-product","3":"status-publish","5":"product_cat-uncategorized-da","7":"first","8":"instock","9":"shipping-taxable","10":"purchasable","11":"product-type-simple"},"_links":{"self":[{"href":"https:\/\/nordicmart.andreevmaster.com\/da\/wp-json\/wp\/v2\/product\/20614","targetHints":{"allow":["GET"]}}],"collection":[{"href":"https:\/\/nordicmart.andreevmaster.com\/da\/wp-json\/wp\/v2\/product"}],"about":[{"href":"https:\/\/nordicmart.andreevmaster.com\/da\/wp-json\/wp\/v2\/types\/product"}],"replies":[{"embeddable":true,"href":"https:\/\/nordicmart.andreevmaster.com\/da\/wp-json\/wp\/v2\/comments?post=20614"}],"wp:attachment":[{"href":"https:\/\/nordicmart.andreevmaster.com\/da\/wp-json\/wp\/v2\/media?parent=20614"}],"wp:term":[{"taxonomy":"product_brand","embeddable":true,"href":"https:\/\/nordicmart.andreevmaster.com\/da\/wp-json\/wp\/v2\/product_brand?post=20614"},{"taxonomy":"product_cat","embeddable":true,"href":"https:\/\/nordicmart.andreevmaster.com\/da\/wp-json\/wp\/v2\/product_cat?post=20614"},{"taxonomy":"product_tag","embeddable":true,"href":"https:\/\/nordicmart.andreevmaster.com\/da\/wp-json\/wp\/v2\/product_tag?post=20614"}],"curies":[{"name":"wp","href":"https:\/\/api.w.org\/{rel}","templated":true}]}}