{"id":20607,"date":"2026-02-27T00:09:09","date_gmt":"2026-02-27T00:09:09","guid":{"rendered":"https:\/\/nordicmart.andreevmaster.com\/product\/dream-nest-fyrretraesskuffe-80x160\/"},"modified":"2026-02-27T08:53:58","modified_gmt":"2026-02-27T08:53:58","slug":"dream-nest-fyrretraesskuffe-80x160","status":"publish","type":"product","link":"https:\/\/nordicmart.andreevmaster.com\/da\/vare\/dream-nest-fyrretraesskuffe-80x160\/","title":{"rendered":"Dream Nest fyrretr\u00e6sskuffe 80&#215;160"},"content":{"rendered":"<p>Dream Nest fyrretr\u00e6sskuffe 80&#215;160 <\/p>\n<p>Skuffen er en meget praktisk l\u00f8sning til ethvert b\u00f8rnev\u00e6relse. Den kan bruges som opbevaringsplads til leget\u00f8j og senget\u00f8j og hj\u00e6lper med at holde orden og organisere hverdagens ting. <\/p>\n<p>Vigtigste fordele: <\/p>\n<p>\u2022 Overholder europ\u00e6iske sikkerhedsstandarder og -regler <\/p>\n<p>\u2022 Naturligt, \u00f8kologisk materiale <\/p>\n<p>\u2022 Skuffe p\u00e5 hjul, udstyret med praktiske gummipuder for at undg\u00e5 ridser i gulvet <\/p>\n<p> M\u00e5l (cm):  \u2022 L\u00e6ngde: 157,5 \u2022 Dybde: 85 \u2022 H\u00f8jde: 19 Indvendige skuffem\u00e5l (cm): \u2022 L\u00e6ngde: 152,7 \u2022 Dybde: 80,7 <\/p>\n<p>\u2022 H\u00f8jde: 14 <\/p>\n<p>Materiale og finish: <\/p>\n<p>\u2022 Forside, sider og bagside af skuffen: lakeret fyrretr\u00e6 <\/p>\n<p>\u2022 Bund: HDF-plade af h\u00f8j kvalitet De vandbaserede lakker, der anvendes i lakeringprocessen, er sikre for b\u00f8rn og certificeret i henhold til EN71\/3-standarden for b\u00f8rnem\u00f8bler og leget\u00f8j. <\/p>\n<p>Farve:  <\/p>\n<p>Fyrretr\u00e6 (da det er et naturmateriale, kan der forekomme farvevariationer, hvilket tilf\u00f8jer en unik karakter og understreger dets \u00e6gthed. Hvert stykke er unikt og giver dit barns v\u00e6relse en unik charme). <\/p>\n<p>Plejeinstruktioner: <\/p>\n<p>\u2022 T\u00f8r skinnen af med en bl\u00f8d bomuldsklud fugtet med vand eller et m\u00f8belplejeprodukt. <\/p>\n<p>Yderligere oplysninger:  <\/p>\n<p>\u2022 M\u00f8blerne leveres i pakker til selvmontering. Pakkerne indeholder detaljerede monteringsvejledninger og beslag (skruer osv.).<\/p>\n","protected":false},"excerpt":{"rendered":"<p>Dream Nest fyrretr\u00e6sskuffe 80&#215;160<\/p>\n","protected":false},"featured_media":0,"comment_status":"open","ping_status":"closed","template":"","meta":[],"product_brand":[],"product_cat":[31],"product_tag":[],"class_list":{"0":"post-20607","1":"product","2":"type-product","3":"status-publish","5":"product_cat-uncategorized-da","7":"first","8":"instock","9":"shipping-taxable","10":"purchasable","11":"product-type-simple"},"_links":{"self":[{"href":"https:\/\/nordicmart.andreevmaster.com\/da\/wp-json\/wp\/v2\/product\/20607","targetHints":{"allow":["GET"]}}],"collection":[{"href":"https:\/\/nordicmart.andreevmaster.com\/da\/wp-json\/wp\/v2\/product"}],"about":[{"href":"https:\/\/nordicmart.andreevmaster.com\/da\/wp-json\/wp\/v2\/types\/product"}],"replies":[{"embeddable":true,"href":"https:\/\/nordicmart.andreevmaster.com\/da\/wp-json\/wp\/v2\/comments?post=20607"}],"wp:attachment":[{"href":"https:\/\/nordicmart.andreevmaster.com\/da\/wp-json\/wp\/v2\/media?parent=20607"}],"wp:term":[{"taxonomy":"product_brand","embeddable":true,"href":"https:\/\/nordicmart.andreevmaster.com\/da\/wp-json\/wp\/v2\/product_brand?post=20607"},{"taxonomy":"product_cat","embeddable":true,"href":"https:\/\/nordicmart.andreevmaster.com\/da\/wp-json\/wp\/v2\/product_cat?post=20607"},{"taxonomy":"product_tag","embeddable":true,"href":"https:\/\/nordicmart.andreevmaster.com\/da\/wp-json\/wp\/v2\/product_tag?post=20607"}],"curies":[{"name":"wp","href":"https:\/\/api.w.org\/{rel}","templated":true}]}}