{"id":20606,"date":"2026-02-27T00:09:09","date_gmt":"2026-02-27T00:09:09","guid":{"rendered":"https:\/\/nordicmart.andreevmaster.com\/product\/dream-nest-fyrretraesseng-80x160\/"},"modified":"2026-02-27T08:53:57","modified_gmt":"2026-02-27T08:53:57","slug":"dream-nest-fyrretraesseng-80x160","status":"publish","type":"product","link":"https:\/\/nordicmart.andreevmaster.com\/da\/vare\/dream-nest-fyrretraesseng-80x160\/","title":{"rendered":"Dream Nest fyrretr\u00e6sseng 80&#215;160"},"content":{"rendered":"<p>Dream Nest fyrretr\u00e6sseng 80&#215;160  <\/p>\n<p>Dream Nest er en seng, der harmonisk kombinerer praktisk funktionalitet, sikkerhed og elegant design. Den er det ideelle valg for for\u00e6ldre, der \u00f8nsker at sikre deres barn en behagelig og sikker s\u00f8vn, samtidig med at de respekterer naturen og \u00f8kologien. Funktioner ved Dream Nest-sengen: <\/p>\n<p>\u2022 Sikker gulvniveau: sove i Montessori-\u00e5nden: Sengen i gulvh\u00f8jde sikrer nem adgang og maksimal sikkerhed for de yngste. B\u00f8rn kan begynde at bruge denne l\u00f8sning fra omkring 18 m\u00e5neder, forudsat at deres udvikling tillader det. Dette design underst\u00f8tter deres uafh\u00e6ngighed og selvst\u00e6ndighed.<br \/>\n\u2022 Beskyttende gel\u00e6ndere: For ekstra beskyttelse af barnet og for\u00e6ldrenes ro i sindet er Dream Nest udstyret med 2 sikkerhedsgel\u00e6ndere, der effektivt forhindrer barnet i at falde ud under s\u00f8vnen. Gel\u00e6nderne har et lille h\u00e5ndtag, der forbedrer sengens funktionalitet og charme. H\u00e5ndtaget kan fungere som en b\u00f8jle til yndlingsleget\u00f8j, t\u00e6pper eller spilled\u00e5ser, hvilket kombinerer \u00e6stetik med praktisk brug i barnets v\u00e6relse.  <\/p>\n<p>\u2022 Sengen vokser med dit barn: Takket v\u00e6re det innovative design giver Dream Nest mulighed for at justere h\u00f8jden p\u00e5 madrasbasen, hvilket g\u00f8r sengen brugbar op til en alder af 10-12 \u00e5r, afh\u00e6ngigt af barnets v\u00e6kst og behov. Denne l\u00f8sning eliminerer behovet for hyppige k\u00f8b af nye m\u00f8bler og underst\u00f8tter b\u00e6redygtig udvikling. <\/p>\n<p>\u2022 Ekstra skuffe til leget\u00f8j og senget\u00f8j: En praktisk opbevaringsl\u00f8sning til leget\u00f8j og senget\u00f8j, der hj\u00e6lper med at holde barnets v\u00e6relse ryddeligt og organisere hverdagens ting (valgfrit). <\/p>\n<p>Vigtigste fordele: <\/p>\n<p>\u2022 Produceret i henhold til europ\u00e6iske sikkerhedsstandarder og normer <\/p>\n<p>\u2022 Naturligt, \u00f8kologisk materiale <\/p>\n<p>\u2022 Justerbare h\u00f8jdeniveauer p\u00e5 madrasbunden <\/p>\n<p>\u2022 Trendy husformet design <\/p>\n<p>\u2022 To sikkerhedsskinner foran for at forhindre udfald; n\u00e5r begge skinner er monteret, er afstanden mellem dem 57 cm <\/p>\n<p>\u2022 Valgfri skuffe kan k\u00f8bes separat <\/p>\n<p>Sengens m\u00e5l (cm):  \u2022 L\u00e6ngde: 167 \u2022 Bredde: 86 \u2022 Total h\u00f8jde (til tagryggen): 150 Sikkerhedsskinne dimensioner (cm):  \u2022 L\u00e6ngde: 57 \u2022 Tykkelse: 2,1 \u2022 H\u00f8jde: 29  <\/p>\n<p>Yderligere oplysninger:  \u2022 Madrasst\u00f8rrelse: 80 x 160 cm \u2022 Designet til b\u00f8rn, der er mindst 18 m\u00e5neder gamle, men brugen afh\u00e6nger af barnets individuelle udvikling. Det betyder, at for\u00e6ldrene skal vurdere, om deres barn er klar til at bruge produktet ud fra barnets f\u00e6rdigheder og motoriske udvikling. <\/p>\n<p>Materiale og finish:  <\/p>\n<p>\u2022 Fyrretr\u00e6 <\/p>\n<p>\u2022 Madrasramme: B\u00f8gekrydsfiner vandbaserede lakker, som er sikre for b\u00f8rn og certificeret i henhold til EN71\/3-standarden for b\u00f8rnem\u00f8bler og leget\u00f8j, anvendes i lakeringprocessen. <\/p>\n<p>Farve:  <\/p>\n<p>\u2022 Fyrretr\u00e6 (da det er et naturmateriale, kan der forekomme farvevariationer, hvilket tilf\u00f8jer en unik karakter og understreger dets \u00e6gthed. Hver seng er derfor unik, hvilket g\u00f8r dit barns v\u00e6relse unikt charmerende). <\/p>\n<p> Plejeinstruktioner:  <\/p>\n<p>M\u00f8blerne skal t\u00f8rres af med en bl\u00f8d bomuldsklud fugtet med vand eller et m\u00f8belplejeprodukt. <\/p>\n<p> Yderligere oplysninger:  <\/p>\n<p>M\u00f8blerne leveres i pakker til selvmontering. Pakkerne indeholder detaljerede monteringsvejledninger samt de n\u00f8dvendige beslag (skruer osv.).<\/p>\n","protected":false},"excerpt":{"rendered":"<p>Dream Nest fyrretr\u00e6sseng 80&#215;160<\/p>\n","protected":false},"featured_media":0,"comment_status":"open","ping_status":"closed","template":"","meta":[],"product_brand":[],"product_cat":[31],"product_tag":[],"class_list":{"0":"post-20606","1":"product","2":"type-product","3":"status-publish","5":"product_cat-uncategorized-da","7":"first","8":"instock","9":"shipping-taxable","10":"purchasable","11":"product-type-simple"},"_links":{"self":[{"href":"https:\/\/nordicmart.andreevmaster.com\/da\/wp-json\/wp\/v2\/product\/20606","targetHints":{"allow":["GET"]}}],"collection":[{"href":"https:\/\/nordicmart.andreevmaster.com\/da\/wp-json\/wp\/v2\/product"}],"about":[{"href":"https:\/\/nordicmart.andreevmaster.com\/da\/wp-json\/wp\/v2\/types\/product"}],"replies":[{"embeddable":true,"href":"https:\/\/nordicmart.andreevmaster.com\/da\/wp-json\/wp\/v2\/comments?post=20606"}],"wp:attachment":[{"href":"https:\/\/nordicmart.andreevmaster.com\/da\/wp-json\/wp\/v2\/media?parent=20606"}],"wp:term":[{"taxonomy":"product_brand","embeddable":true,"href":"https:\/\/nordicmart.andreevmaster.com\/da\/wp-json\/wp\/v2\/product_brand?post=20606"},{"taxonomy":"product_cat","embeddable":true,"href":"https:\/\/nordicmart.andreevmaster.com\/da\/wp-json\/wp\/v2\/product_cat?post=20606"},{"taxonomy":"product_tag","embeddable":true,"href":"https:\/\/nordicmart.andreevmaster.com\/da\/wp-json\/wp\/v2\/product_tag?post=20606"}],"curies":[{"name":"wp","href":"https:\/\/api.w.org\/{rel}","templated":true}]}}