{"id":20605,"date":"2026-02-27T00:09:09","date_gmt":"2026-02-27T00:09:09","guid":{"rendered":"https:\/\/nordicmart.andreevmaster.com\/product\/dream-nest-sne-skuffe-80x160\/"},"modified":"2026-02-27T08:53:57","modified_gmt":"2026-02-27T08:53:57","slug":"dream-nest-sne-skuffe-80x160","status":"publish","type":"product","link":"https:\/\/nordicmart.andreevmaster.com\/da\/vare\/dream-nest-sne-skuffe-80x160\/","title":{"rendered":"Dream Nest sne-skuffe 80&#215;160"},"content":{"rendered":"<p>Dream Nest sne-skuffe 80&#215;160  <\/p>\n<p>Skuffen er en meget praktisk l\u00f8sning til ethvert b\u00f8rnev\u00e6relse. Den kan bruges som opbevaringsplads til leget\u00f8j og senget\u00f8j og hj\u00e6lper med at holde orden og organisere hverdagens ting. Vigtigste fordele: \u2022 Overholder europ\u00e6iske sikkerhedsstandarder og -regler \u2022 Skuffe p\u00e5 hjul, udstyret med praktiske gummipuder for at undg\u00e5 ridser i gulvet M\u00e5l (cm): \u2022 L\u00e6ngde: 157,5 \u2022 Dybde: 85 Indvendige skuffem\u00e5l (cm): \u2022 L\u00e6ngde: 152,7 <\/p>\n<p>\u2022 Dybde: 80,7 <\/p>\n<p>\u2022 H\u00f8jde: 14 <\/p>\n<p>Materiale og finish:  <\/p>\n<p>\u2022 Forside: lakeret MDF-plade <\/p>\n<p>\u2022 Sider og bagside: lamineret plade <\/p>\n<p>\u2022 Bund: HDF-plade af h\u00f8j kvalitet <\/p>\n<p>De vandbaserede lakker, der anvendes i lakeringprocessen, er sikre for b\u00f8rn og certificeret i henhold til EN71\/3-standarden for b\u00f8rnem\u00f8bler og leget\u00f8j. <\/p>\n<p>Farve:  <\/p>\n<p>Snehvid <\/p>\n<p>Plejeinstruktioner:  <\/p>\n<p>T\u00f8r skinnen af med en bl\u00f8d bomuldsklud fugtet med vand eller et m\u00f8belplejemiddel. <\/p>\n<p>Yderligere oplysninger:  <\/p>\n<p>M\u00f8blerne leveres i pakker til selvmontering. Pakkerne indeholder detaljerede monteringsvejledninger og beslag (skruer osv.).<\/p>\n","protected":false},"excerpt":{"rendered":"<p>Dream Nest sne-skuffe 80&#215;160<\/p>\n","protected":false},"featured_media":0,"comment_status":"open","ping_status":"closed","template":"","meta":[],"product_brand":[],"product_cat":[31],"product_tag":[],"class_list":{"0":"post-20605","1":"product","2":"type-product","3":"status-publish","5":"product_cat-uncategorized-da","7":"first","8":"instock","9":"shipping-taxable","10":"purchasable","11":"product-type-simple"},"_links":{"self":[{"href":"https:\/\/nordicmart.andreevmaster.com\/da\/wp-json\/wp\/v2\/product\/20605","targetHints":{"allow":["GET"]}}],"collection":[{"href":"https:\/\/nordicmart.andreevmaster.com\/da\/wp-json\/wp\/v2\/product"}],"about":[{"href":"https:\/\/nordicmart.andreevmaster.com\/da\/wp-json\/wp\/v2\/types\/product"}],"replies":[{"embeddable":true,"href":"https:\/\/nordicmart.andreevmaster.com\/da\/wp-json\/wp\/v2\/comments?post=20605"}],"wp:attachment":[{"href":"https:\/\/nordicmart.andreevmaster.com\/da\/wp-json\/wp\/v2\/media?parent=20605"}],"wp:term":[{"taxonomy":"product_brand","embeddable":true,"href":"https:\/\/nordicmart.andreevmaster.com\/da\/wp-json\/wp\/v2\/product_brand?post=20605"},{"taxonomy":"product_cat","embeddable":true,"href":"https:\/\/nordicmart.andreevmaster.com\/da\/wp-json\/wp\/v2\/product_cat?post=20605"},{"taxonomy":"product_tag","embeddable":true,"href":"https:\/\/nordicmart.andreevmaster.com\/da\/wp-json\/wp\/v2\/product_tag?post=20605"}],"curies":[{"name":"wp","href":"https:\/\/api.w.org\/{rel}","templated":true}]}}