{"id":20602,"date":"2026-02-27T00:09:08","date_gmt":"2026-02-27T00:09:08","guid":{"rendered":"https:\/\/nordicmart.andreevmaster.com\/product\/classic-world-edu-legeplads-sandlegetoj-dobbelt-sigte\/"},"modified":"2026-02-27T08:53:57","modified_gmt":"2026-02-27T08:53:57","slug":"classic-world-edu-legeplads-sandlegetoj-dobbelt-sigte","status":"publish","type":"product","link":"https:\/\/nordicmart.andreevmaster.com\/da\/vare\/classic-world-edu-legeplads-sandlegetoj-dobbelt-sigte\/","title":{"rendered":"CLASSIC WORLD EDU Legeplads Sandleget\u00f8j Dobbelt Sigte"},"content":{"rendered":"<p>Den dobbelte sigte i tr\u00e6 fra CLASSIC WORLD er et sandleget\u00f8j af h\u00f8j kvalitet, der vil v\u00e6re det perfekte supplement til din sandkasse. Leget\u00f8jet er ogs\u00e5 velegnet til legepladser og uddannelsesinstitutioner. Takket v\u00e6re dets h\u00f8je kvalitet vil leget\u00f8jet holde i meget lang tid. Sigtebr\u00e6tterne har en stor overflade, s\u00e5 b\u00f8rnene kan sigte sand gennem dem, men ogs\u00e5 arrangere sm\u00e5sten p\u00e5 dem \u2013 den eneste gr\u00e6nse er deres fantasi!<\/p>\n<p>Egenskaber:<\/p>\n<p>* &#8211; Leget\u00f8j til b\u00f8rn fra 3 \u00e5r<br \/>\n* &#8211; Fremstillet af tr\u00e6 af h\u00f8j kvalitet<br \/>\n* &#8211; Eksperiments\u00e6t \u2013 b\u00f8rnene kan observere processen med at sigte sand, hvilket hj\u00e6lper dem med at forst\u00e5 \u00e5rsag og virkning<br \/>\n* &#8211; Let at samle<br \/>\n* &#8211; Sensorisk leg<\/p>\n<p>Leget\u00f8jet udvikler:<\/p>\n<p>* &#8211; Finmotorik<br \/>\n* &#8211; Fantasi<br \/>\n* &#8211; Kreativitet<\/p>\n","protected":false},"excerpt":{"rendered":"<p>Den dobbelte sigte i tr\u00e6 fra CLASSIC WORLD er et sandleget\u00f8j af h\u00f8j kvalitet, der vil v\u00e6re det perfekte supplement til din sandkasse. Leget\u00f8jet er ogs\u00e5 velegnet til legepladser og uddannelsesinstitutioner. Takket v\u00e6re dets h\u00f8je kvalitet vil leget\u00f8jet holde i meget lang tid. Sigtebr\u00e6tterne har en stor overflade, s\u00e5 b\u00f8rnene kan sigte sand gennem dem, [&hellip;]<\/p>\n","protected":false},"featured_media":0,"comment_status":"open","ping_status":"closed","template":"","meta":[],"product_brand":[],"product_cat":[31],"product_tag":[],"class_list":{"0":"post-20602","1":"product","2":"type-product","3":"status-publish","5":"product_cat-uncategorized-da","7":"first","8":"instock","9":"shipping-taxable","10":"purchasable","11":"product-type-simple"},"_links":{"self":[{"href":"https:\/\/nordicmart.andreevmaster.com\/da\/wp-json\/wp\/v2\/product\/20602","targetHints":{"allow":["GET"]}}],"collection":[{"href":"https:\/\/nordicmart.andreevmaster.com\/da\/wp-json\/wp\/v2\/product"}],"about":[{"href":"https:\/\/nordicmart.andreevmaster.com\/da\/wp-json\/wp\/v2\/types\/product"}],"replies":[{"embeddable":true,"href":"https:\/\/nordicmart.andreevmaster.com\/da\/wp-json\/wp\/v2\/comments?post=20602"}],"wp:attachment":[{"href":"https:\/\/nordicmart.andreevmaster.com\/da\/wp-json\/wp\/v2\/media?parent=20602"}],"wp:term":[{"taxonomy":"product_brand","embeddable":true,"href":"https:\/\/nordicmart.andreevmaster.com\/da\/wp-json\/wp\/v2\/product_brand?post=20602"},{"taxonomy":"product_cat","embeddable":true,"href":"https:\/\/nordicmart.andreevmaster.com\/da\/wp-json\/wp\/v2\/product_cat?post=20602"},{"taxonomy":"product_tag","embeddable":true,"href":"https:\/\/nordicmart.andreevmaster.com\/da\/wp-json\/wp\/v2\/product_tag?post=20602"}],"curies":[{"name":"wp","href":"https:\/\/api.w.org\/{rel}","templated":true}]}}