{"id":20600,"date":"2026-02-27T00:09:08","date_gmt":"2026-02-27T00:09:08","guid":{"rendered":"https:\/\/nordicmart.andreevmaster.com\/product\/classic-world-edu-legeplads-vandlegetoj-tagrender-eksperimentsaet\/"},"modified":"2026-02-27T08:53:57","modified_gmt":"2026-02-27T08:53:57","slug":"classic-world-edu-legeplads-vandlegetoj-tagrender-eksperimentsaet","status":"publish","type":"product","link":"https:\/\/nordicmart.andreevmaster.com\/da\/vare\/classic-world-edu-legeplads-vandlegetoj-tagrender-eksperimentsaet\/","title":{"rendered":"CLASSIC WORLD EDU Legeplads Vandleget\u00f8j Tagrender &#8211; Eksperiments\u00e6t"},"content":{"rendered":"<p>Dette vandleget\u00f8j til b\u00f8rn fra det kendte m\u00e6rke Classic World er et fantastisk eksperiments\u00e6t til dit barns sandkasse, men ogs\u00e5 til uddannelsesinstitutioner. Fyld blot renden med vand og se, hvordan det l\u00f8ber fra den ene til den anden gennem et lille hul og danner en mini-pool. Vandet drypper fra det \u00f8verste gennemsigtige r\u00f8r og l\u00f8ber ned ad de to andre r\u00f8r. Denne \u00f8velse hj\u00e6lper b\u00f8rn med at udvikle deres viden om vandets, sandets og kuglernes flydeevne.Egenskaber:<\/p>\n<p>* &#8211; Leget\u00f8j til b\u00f8rn fra 3 \u00e5r<br \/>\n* &#8211; Uendelig sjov<br \/>\n* &#8211; Det perfekte tilbeh\u00f8r til sandkassen eller haven<br \/>\n* &#8211; Sensorisk leget\u00f8j \u2013 se vandet l\u00f8be ned<\/p>\n<p>Leget\u00f8jet udvikler:<\/p>\n<p>* &#8211; Finmotorik<br \/>\n* &#8211; Fantasi<br \/>\n* &#8211; Kreativitet<br \/>\n* &#8211; \u00c5rsag-virkning-t\u00e6nkning<br \/>\n* &#8211; Manuelle f\u00e6rdigheder<\/p>\n","protected":false},"excerpt":{"rendered":"<p>Dette vandleget\u00f8j til b\u00f8rn fra det kendte m\u00e6rke Classic World er et fantastisk eksperiments\u00e6t til dit barns sandkasse, men ogs\u00e5 til uddannelsesinstitutioner. Fyld blot renden med vand og se, hvordan det l\u00f8ber fra den ene til den anden gennem et lille hul og danner en mini-pool. Vandet drypper fra det \u00f8verste gennemsigtige r\u00f8r og l\u00f8ber [&hellip;]<\/p>\n","protected":false},"featured_media":0,"comment_status":"open","ping_status":"closed","template":"","meta":[],"product_brand":[],"product_cat":[31],"product_tag":[],"class_list":{"0":"post-20600","1":"product","2":"type-product","3":"status-publish","5":"product_cat-uncategorized-da","7":"first","8":"instock","9":"shipping-taxable","10":"purchasable","11":"product-type-simple"},"_links":{"self":[{"href":"https:\/\/nordicmart.andreevmaster.com\/da\/wp-json\/wp\/v2\/product\/20600","targetHints":{"allow":["GET"]}}],"collection":[{"href":"https:\/\/nordicmart.andreevmaster.com\/da\/wp-json\/wp\/v2\/product"}],"about":[{"href":"https:\/\/nordicmart.andreevmaster.com\/da\/wp-json\/wp\/v2\/types\/product"}],"replies":[{"embeddable":true,"href":"https:\/\/nordicmart.andreevmaster.com\/da\/wp-json\/wp\/v2\/comments?post=20600"}],"wp:attachment":[{"href":"https:\/\/nordicmart.andreevmaster.com\/da\/wp-json\/wp\/v2\/media?parent=20600"}],"wp:term":[{"taxonomy":"product_brand","embeddable":true,"href":"https:\/\/nordicmart.andreevmaster.com\/da\/wp-json\/wp\/v2\/product_brand?post=20600"},{"taxonomy":"product_cat","embeddable":true,"href":"https:\/\/nordicmart.andreevmaster.com\/da\/wp-json\/wp\/v2\/product_cat?post=20600"},{"taxonomy":"product_tag","embeddable":true,"href":"https:\/\/nordicmart.andreevmaster.com\/da\/wp-json\/wp\/v2\/product_tag?post=20600"}],"curies":[{"name":"wp","href":"https:\/\/api.w.org\/{rel}","templated":true}]}}