{"id":20599,"date":"2026-02-27T00:09:08","date_gmt":"2026-02-27T00:09:08","guid":{"rendered":"https:\/\/nordicmart.andreevmaster.com\/product\/classic-world-edu-mega-soft-eva-skum-byggeklodser-byggetag\/"},"modified":"2026-02-27T08:53:56","modified_gmt":"2026-02-27T08:53:56","slug":"classic-world-edu-mega-soft-eva-skum-byggeklodser-byggetag","status":"publish","type":"product","link":"https:\/\/nordicmart.andreevmaster.com\/da\/vare\/classic-world-edu-mega-soft-eva-skum-byggeklodser-byggetag\/","title":{"rendered":"CLASSIC WORLD EDU Mega Soft EVA-skum byggeklodser \u2013 Byggetag"},"content":{"rendered":"<p>EVA-klodser fra Classic World er det perfekte supplement til udend\u00f8rs leg! Hvis du vil give dit barn lang og ekstremt sp\u00e6ndende udend\u00f8rs sjov, er EVA-klodser perfekte til dette. De giver b\u00f8rnene mulighed for at bygge v\u00e6gge og forskellige strukturer, alt hvad de kan forestille sig. Klodserne kan arrangeres i forskellige strukturer, s\u00e5 sjovet aldrig slutter! B\u00f8rnene kan arbejde sammen om at bygge komplekse strukturer. Takket v\u00e6re EVA-materialet er de bl\u00f8de og sikre for b\u00f8rn. Et produkt af h\u00f8j kvalitet, der er modstandsdygtigt over for udend\u00f8rs leg. <\/p>\n<p>Egenskaber: <\/p>\n<p>* &#8211; Leget\u00f8j til b\u00f8rn fra 3 \u00e5r<br \/>\n* &#8211; Mange byggemuligheder<br \/>\n* &#8211; Fremstillet af bl\u00f8dt EVA-materiale<br \/>\n* &#8211; Vi anbefaler at k\u00f8be et magasin\/beholder til opbevaring af klodser udend\u00f8rs (kode: CW70158)<br \/>\n* &#8211; Leget\u00f8jet indeholder 38 elementer<\/p>\n<p>Her er et par eksempler p\u00e5, hvordan du kan bruge disse klodser til at bygge:<\/p>\n<p>* Arkitektoniske strukturer: B\u00f8rn kan bruge bl\u00f8de klodser til at bygge forskellige arkitektoniske strukturer, s\u00e5som huse, t\u00e5rne, broer og slotte. De kan skabe deres egne designs eller efterligne kendte bygninger. Dette udvikler deres konstruktionsevner, rumlige fantasi og probleml\u00f8sningsevner.<br \/>\n* Kunstneriske kreationer: EVA-klodser kan bruges til at skabe kreative kunstneriske kreationer. B\u00f8rn kan arrangere klodserne i forskellige m\u00f8nstre og former for at skabe abstrakte eller realistiske billeder. De kan ogs\u00e5 eksperimentere med farver og teksturer for at skabe unikke kunstv\u00e6rker.<br \/>\n* Labyrinter og forhindringsbaner: Takket v\u00e6re de bl\u00f8de klodsers fleksible egenskaber kan b\u00f8rn bygge labyrinter og forhindringsbaner. De kan skabe forskellige sv\u00e6rhedsgrader, der kr\u00e6ver pr\u00e6cision, koncentration og manuel fingerf\u00e6rdighed. Dette udvikler motorisk koordination og planl\u00e6gningsf\u00e6rdigheder.* Interaktive leget\u00f8j: EVA-klodser kan bruges til at skabe interaktive leget\u00f8j s\u00e5som puslespil, puslespil og k\u00f8ret\u00f8jer. B\u00f8rn kan skabe forskellige modeller og eksperimentere med forskellige kombinationer, hvilket udvikler deres logiske f\u00e6rdigheder og kreativitet. * Gruppespil: EVA-klodser er perfekte til gruppespil. B\u00f8rn kan arbejde sammen om at bygge st\u00f8rre strukturer, skabe byer eller landskaber og engagere sig i samarbejde og kommunikation. Dette udvikler sociale f\u00e6rdigheder s\u00e5som samarbejde, forhandling og konfliktl\u00f8sning.<\/p>\n<p>Leget\u00f8jet udvikler:<\/p>\n<p>* &#8211; Kreativitet<br \/>\n* &#8211; Logisk t\u00e6nkning<br \/>\n* &#8211; Finmotorik<br \/>\n* &#8211; Rumlig fantasi<\/p>\n<p>Inkluderet i s\u00e6ttet:<\/p>\n<p>* &#8211; Trekantet bj\u00e6lke x4<br \/>\n* &#8211; Buet vindue x2<br \/>\n* &#8211; Tag x32<\/p>\n","protected":false},"excerpt":{"rendered":"<p>EVA-klodser fra Classic World er det perfekte supplement til udend\u00f8rs leg! Hvis du vil give dit barn lang og ekstremt sp\u00e6ndende udend\u00f8rs sjov, er EVA-klodser perfekte til dette. De giver b\u00f8rnene mulighed for at bygge v\u00e6gge og forskellige strukturer, alt hvad de kan forestille sig. Klodserne kan arrangeres i forskellige strukturer, s\u00e5 sjovet aldrig slutter! [&hellip;]<\/p>\n","protected":false},"featured_media":0,"comment_status":"open","ping_status":"closed","template":"","meta":[],"product_brand":[],"product_cat":[31],"product_tag":[],"class_list":{"0":"post-20599","1":"product","2":"type-product","3":"status-publish","5":"product_cat-uncategorized-da","7":"first","8":"instock","9":"shipping-taxable","10":"purchasable","11":"product-type-simple"},"_links":{"self":[{"href":"https:\/\/nordicmart.andreevmaster.com\/da\/wp-json\/wp\/v2\/product\/20599","targetHints":{"allow":["GET"]}}],"collection":[{"href":"https:\/\/nordicmart.andreevmaster.com\/da\/wp-json\/wp\/v2\/product"}],"about":[{"href":"https:\/\/nordicmart.andreevmaster.com\/da\/wp-json\/wp\/v2\/types\/product"}],"replies":[{"embeddable":true,"href":"https:\/\/nordicmart.andreevmaster.com\/da\/wp-json\/wp\/v2\/comments?post=20599"}],"wp:attachment":[{"href":"https:\/\/nordicmart.andreevmaster.com\/da\/wp-json\/wp\/v2\/media?parent=20599"}],"wp:term":[{"taxonomy":"product_brand","embeddable":true,"href":"https:\/\/nordicmart.andreevmaster.com\/da\/wp-json\/wp\/v2\/product_brand?post=20599"},{"taxonomy":"product_cat","embeddable":true,"href":"https:\/\/nordicmart.andreevmaster.com\/da\/wp-json\/wp\/v2\/product_cat?post=20599"},{"taxonomy":"product_tag","embeddable":true,"href":"https:\/\/nordicmart.andreevmaster.com\/da\/wp-json\/wp\/v2\/product_tag?post=20599"}],"curies":[{"name":"wp","href":"https:\/\/api.w.org\/{rel}","templated":true}]}}