{"id":20598,"date":"2026-02-27T00:09:08","date_gmt":"2026-02-27T00:09:08","guid":{"rendered":"https:\/\/nordicmart.andreevmaster.com\/product\/classic-world-edu-mega-building-blocks-soft-eva-building-bricks-90-stk\/"},"modified":"2026-02-27T08:53:56","modified_gmt":"2026-02-27T08:53:56","slug":"classic-world-edu-mega-building-blocks-soft-eva-building-bricks-90-stk","status":"publish","type":"product","link":"https:\/\/nordicmart.andreevmaster.com\/da\/vare\/classic-world-edu-mega-building-blocks-soft-eva-building-bricks-90-stk\/","title":{"rendered":"CLASSIC WORLD EDU Mega Building Blocks Soft EVA Building Bricks 90 stk."},"content":{"rendered":"<p>EVA-klodser fra Classic World er det perfekte udend\u00f8rs leges\u00e6t, hvor b\u00f8rn kan bygge mure, strukturer og kreative konstruktioner. Det bl\u00f8de EVA-materiale sikrer sikkerheden, og de mange forskellige elementer garanterer lang og sp\u00e6ndende leg. B\u00f8rnene kan arbejde sammen om at skabe komplekse projekter og udvikle deres fantasi og konstruktionsevner. <\/p>\n<p>Egenskaber: <\/p>\n<p>* &#8211; Leget\u00f8j til b\u00f8rn fra 3 \u00e5r<br \/>\n* &#8211; 90 stykker inkluderet<br \/>\n* &#8211; Mange byggemuligheder<br \/>\n* &#8211; Bl\u00f8dt EVA-materiale, der er sikkert for b\u00f8rn<br \/>\n* &#8211; Kan opbevares i en beholder\/opbevaringsboks (kode: CW70158)<\/p>\n<p>S\u00e6ttet indeholder:<\/p>\n<p>* &#8211; 15 gr\u00e5 rektangler<br \/>\n* &#8211; 35 hvidgr\u00e5 rektangler<br \/>\n* &#8211; 20 sorte rektangler<br \/>\n* &#8211; 6 gr\u00e5 firkanter<br \/>\n* &#8211; 14 hvidgr\u00e5 firkanter<\/p>\n<p>Leget\u00f8jet udvikler:<\/p>\n<p>* &#8211; Kreativitet<br \/>\n* &#8211; Logisk t\u00e6nkning<br \/>\n* &#8211; Finmotorik<br \/>\n* &#8211; Rumlig fantasi<\/p>\n<p>Her er et par eksempler p\u00e5, hvordan du kan bruge disse byggeklodser:<\/p>\n<p>* Arkitektoniske strukturer: B\u00f8rn kan bruge bl\u00f8de klodser til at bygge forskellige arkitektoniske strukturer, s\u00e5som huse, t\u00e5rne, broer og slotte. De kan skabe deres egne designs eller efterligne kendte bygninger. Dette udvikler deres konstruktionsevner, rumlige fantasi og probleml\u00f8sningsevner.<br \/>\n* Kunstneriske kreationer: EVA-klodser kan bruges til at skabe kreative kunstneriske kreationer. B\u00f8rn kan arrangere klodserne i forskellige m\u00f8nstre og former for at skabe abstrakte eller realistiske billeder. De kan ogs\u00e5 eksperimentere med farver og teksturer for at skabe unikke kunstv\u00e6rker.<br \/>\n* Labyrinter og forhindringsbaner: Takket v\u00e6re de bl\u00f8de klodseres fleksible egenskaber kan b\u00f8rn bygge labyrinter og forhindringsbaner. De kan skabe forskellige sv\u00e6rhedsgrader, der kr\u00e6ver pr\u00e6cision, koncentration og manuel fingerf\u00e6rdighed. Dette udvikler motorisk koordination og planl\u00e6gningsf\u00e6rdigheder.* Interaktive leget\u00f8j: EVA-klodser kan bruges til at skabe interaktive leget\u00f8j s\u00e5som puslespil, puslespil og k\u00f8ret\u00f8jer. B\u00f8rn kan skabe forskellige modeller og eksperimentere med forskellige kombinationer, hvilket udvikler deres logiske f\u00e6rdigheder og kreativitet. * Gruppespil: EVA-klodser er perfekte til gruppespil. B\u00f8rn kan arbejde sammen om at bygge st\u00f8rre strukturer, skabe byer eller landskaber og engagere sig i samarbejde og kommunikation. Dette udvikler sociale f\u00e6rdigheder s\u00e5som samarbejde, forhandling og konfliktl\u00f8sning.<\/p>\n","protected":false},"excerpt":{"rendered":"<p>EVA-klodser fra Classic World er det perfekte udend\u00f8rs leges\u00e6t, hvor b\u00f8rn kan bygge mure, strukturer og kreative konstruktioner. Det bl\u00f8de EVA-materiale sikrer sikkerheden, og de mange forskellige elementer garanterer lang og sp\u00e6ndende leg. B\u00f8rnene kan arbejde sammen om at skabe komplekse projekter og udvikle deres fantasi og konstruktionsevner. Egenskaber: * &#8211; Leget\u00f8j til b\u00f8rn fra [&hellip;]<\/p>\n","protected":false},"featured_media":0,"comment_status":"open","ping_status":"closed","template":"","meta":[],"product_brand":[],"product_cat":[31],"product_tag":[],"class_list":{"0":"post-20598","1":"product","2":"type-product","3":"status-publish","5":"product_cat-uncategorized-da","7":"first","8":"instock","9":"shipping-taxable","10":"purchasable","11":"product-type-simple"},"_links":{"self":[{"href":"https:\/\/nordicmart.andreevmaster.com\/da\/wp-json\/wp\/v2\/product\/20598","targetHints":{"allow":["GET"]}}],"collection":[{"href":"https:\/\/nordicmart.andreevmaster.com\/da\/wp-json\/wp\/v2\/product"}],"about":[{"href":"https:\/\/nordicmart.andreevmaster.com\/da\/wp-json\/wp\/v2\/types\/product"}],"replies":[{"embeddable":true,"href":"https:\/\/nordicmart.andreevmaster.com\/da\/wp-json\/wp\/v2\/comments?post=20598"}],"wp:attachment":[{"href":"https:\/\/nordicmart.andreevmaster.com\/da\/wp-json\/wp\/v2\/media?parent=20598"}],"wp:term":[{"taxonomy":"product_brand","embeddable":true,"href":"https:\/\/nordicmart.andreevmaster.com\/da\/wp-json\/wp\/v2\/product_brand?post=20598"},{"taxonomy":"product_cat","embeddable":true,"href":"https:\/\/nordicmart.andreevmaster.com\/da\/wp-json\/wp\/v2\/product_cat?post=20598"},{"taxonomy":"product_tag","embeddable":true,"href":"https:\/\/nordicmart.andreevmaster.com\/da\/wp-json\/wp\/v2\/product_tag?post=20598"}],"curies":[{"name":"wp","href":"https:\/\/api.w.org\/{rel}","templated":true}]}}