{"id":20597,"date":"2026-02-27T00:09:07","date_gmt":"2026-02-27T00:09:07","guid":{"rendered":"https:\/\/nordicmart.andreevmaster.com\/product\/classic-world-edu-sandlegevaeg\/"},"modified":"2026-02-27T08:53:56","modified_gmt":"2026-02-27T08:53:56","slug":"classic-world-edu-sandlegevaeg","status":"publish","type":"product","link":"https:\/\/nordicmart.andreevmaster.com\/da\/vare\/classic-world-edu-sandlegevaeg\/","title":{"rendered":"CLASSIC WORLD EDU Sandlegev\u00e6g"},"content":{"rendered":"<p>Tr\u00e6v\u00e6ggen fra CLASSIC WORLD er en fantastisk tilf\u00f8jelse til enhver legeplads eller have. Det er et multifunktionelt s\u00e6t, der best\u00e5r af et legeomr\u00e5de og et hvileomr\u00e5de. Produktet er lavet af tr\u00e6 af h\u00f8j kvalitet, malet med giftfri impr\u00e6gnering \u2013 helt sikkert for b\u00f8rn. P\u00e5 h\u00f8jre side er der en tragt \u2013 bare fyld den med sand og se det str\u00f8mme gennem hullet, hvilket s\u00e6tter m\u00f8llen i gang. P\u00e5 venstre side er der ogs\u00e5 en tragt, hvor du kan h\u00e6lde sand i og se det str\u00f8mme gennem hullet p\u00e5 leget\u00f8jets stejle sider, hvilket skaber en rutsjebane. I midten er der en spejlfolie i form af et juletr\u00e6, som dit barn helt sikkert vil elske! P\u00e5 den anden side af br\u00e6ttet er der et afslapningsomr\u00e5de \u2013 en behagelig tr\u00e6b\u00e6nk. Dit barn kan sidde p\u00e5 den og l\u00e6gge sit leget\u00f8j p\u00e5 den nederste hylde, n\u00e5r det er f\u00e6rdigt med at lege.<\/p>\n<p>Egenskaber:<\/p>\n<p>* &#8211; Leget\u00f8j til b\u00f8rn fra 3 \u00e5r<br \/>\n* &#8211; H\u00f8j kvalitet<br \/>\n* &#8211; Inkluderer en b\u00e6nk til at sidde p\u00e5<br \/>\n* &#8211; Det perfekte supplement til en sandkasse eller legeplads<\/p>\n<p>Leget\u00f8jet udvikler:<\/p>\n<p>* &#8211; Manuelle f\u00e6rdigheder<br \/>\n* &#8211; Logisk t\u00e6nkning<br \/>\n* &#8211; Fantasi<br \/>\n* &#8211; Kreativitet<br \/>\n* &#8211; Teamwork<\/p>\n<p>Der er anvendt impr\u00e6gneret fyrretr\u00e6 for at sikre de bedste egenskaber i et udend\u00f8rs milj\u00f8. Takket v\u00e6re impr\u00e6gneringen er tr\u00e6et modstandsdygtigt over for vejrforhold, hvilket garanterer dets holdbarhed og \u00e6stetiske udseende i mange \u00e5r. Denne l\u00f8sning adskiller produktet fra l\u00f8sninger, der anvendes i konkurrerende produkter.<\/p>\n","protected":false},"excerpt":{"rendered":"<p>Tr\u00e6v\u00e6ggen fra CLASSIC WORLD er en fantastisk tilf\u00f8jelse til enhver legeplads eller have. Det er et multifunktionelt s\u00e6t, der best\u00e5r af et legeomr\u00e5de og et hvileomr\u00e5de. Produktet er lavet af tr\u00e6 af h\u00f8j kvalitet, malet med giftfri impr\u00e6gnering \u2013 helt sikkert for b\u00f8rn. P\u00e5 h\u00f8jre side er der en tragt \u2013 bare fyld den med [&hellip;]<\/p>\n","protected":false},"featured_media":0,"comment_status":"open","ping_status":"closed","template":"","meta":[],"product_brand":[],"product_cat":[31],"product_tag":[],"class_list":{"0":"post-20597","1":"product","2":"type-product","3":"status-publish","5":"product_cat-uncategorized-da","7":"first","8":"instock","9":"shipping-taxable","10":"purchasable","11":"product-type-simple"},"_links":{"self":[{"href":"https:\/\/nordicmart.andreevmaster.com\/da\/wp-json\/wp\/v2\/product\/20597","targetHints":{"allow":["GET"]}}],"collection":[{"href":"https:\/\/nordicmart.andreevmaster.com\/da\/wp-json\/wp\/v2\/product"}],"about":[{"href":"https:\/\/nordicmart.andreevmaster.com\/da\/wp-json\/wp\/v2\/types\/product"}],"replies":[{"embeddable":true,"href":"https:\/\/nordicmart.andreevmaster.com\/da\/wp-json\/wp\/v2\/comments?post=20597"}],"wp:attachment":[{"href":"https:\/\/nordicmart.andreevmaster.com\/da\/wp-json\/wp\/v2\/media?parent=20597"}],"wp:term":[{"taxonomy":"product_brand","embeddable":true,"href":"https:\/\/nordicmart.andreevmaster.com\/da\/wp-json\/wp\/v2\/product_brand?post=20597"},{"taxonomy":"product_cat","embeddable":true,"href":"https:\/\/nordicmart.andreevmaster.com\/da\/wp-json\/wp\/v2\/product_cat?post=20597"},{"taxonomy":"product_tag","embeddable":true,"href":"https:\/\/nordicmart.andreevmaster.com\/da\/wp-json\/wp\/v2\/product_tag?post=20597"}],"curies":[{"name":"wp","href":"https:\/\/api.w.org\/{rel}","templated":true}]}}