{"id":20596,"date":"2026-02-27T00:09:07","date_gmt":"2026-02-27T00:09:07","guid":{"rendered":"https:\/\/nordicmart.andreevmaster.com\/product\/classic-world-edu-traetrafiklys-xxl\/"},"modified":"2026-02-27T08:53:56","modified_gmt":"2026-02-27T08:53:56","slug":"classic-world-edu-traetrafiklys-xxl","status":"publish","type":"product","link":"https:\/\/nordicmart.andreevmaster.com\/da\/vare\/classic-world-edu-traetrafiklys-xxl\/","title":{"rendered":"CLASSIC WORLD EDU Tr\u00e6trafiklys XXL"},"content":{"rendered":"<p>Classic World EDU tr\u00e6trafiklys er et fremragende p\u00e6dagogisk redskab til udend\u00f8rs leg. Det giver dit barn mulighed for at l\u00e6re de grundl\u00e6ggende f\u00e6rdselsregler og forbereder det til at bev\u00e6ge sig sikkert og bevidst rundt. Mens de leger, kan b\u00f8rnene p\u00e5tage sig rollerne som bilister, fodg\u00e6ngere eller politibetjente og l\u00e6re at analysere situationer, hvilket fremmer udviklingen af uafh\u00e6ngighed. Trafiklyset er perfekt til b\u00f8rnehaver, legepladser og haver.<\/p>\n<p>Egenskaber:<\/p>\n<p>* &#8211; Fra 3 \u00e5r<br \/>\n* &#8211; H\u00f8j kvalitet, holdbart, vejrbestandigt tr\u00e6<br \/>\n* &#8211; Enkelt og klart design modelleret efter et rigtigt trafiklys<br \/>\n* &#8211; Ideelt til haver, legepladser, b\u00f8rnehaver og undervisningsomr\u00e5der<br \/>\n* &#8211; Solid konstruktion, der sikrer sikkerhed<\/p>\n<p>S\u00e6ttet indeholder:<\/p>\n<p>* &#8211; Tr\u00e6trafiklys<br \/>\n* &#8211; Monteringsbeslag<br \/>\n* &#8211; Udskiftelige tr\u00e6skiver, der imiterer lys<\/p>\n<p>Leget\u00f8jet udvikler:<\/p>\n<p>* &#8211; Farve- og sekvensgenkendelse<br \/>\n* &#8211; Kendskab til trafiksikkerhed<br \/>\n* &#8211; Beslutningstagning og uafh\u00e6ngighed<\/p>\n","protected":false},"excerpt":{"rendered":"<p>Classic World EDU tr\u00e6trafiklys er et fremragende p\u00e6dagogisk redskab til udend\u00f8rs leg. Det giver dit barn mulighed for at l\u00e6re de grundl\u00e6ggende f\u00e6rdselsregler og forbereder det til at bev\u00e6ge sig sikkert og bevidst rundt. Mens de leger, kan b\u00f8rnene p\u00e5tage sig rollerne som bilister, fodg\u00e6ngere eller politibetjente og l\u00e6re at analysere situationer, hvilket fremmer udviklingen [&hellip;]<\/p>\n","protected":false},"featured_media":0,"comment_status":"open","ping_status":"closed","template":"","meta":[],"product_brand":[],"product_cat":[31],"product_tag":[],"class_list":{"0":"post-20596","1":"product","2":"type-product","3":"status-publish","5":"product_cat-uncategorized-da","7":"first","8":"instock","9":"shipping-taxable","10":"purchasable","11":"product-type-simple"},"_links":{"self":[{"href":"https:\/\/nordicmart.andreevmaster.com\/da\/wp-json\/wp\/v2\/product\/20596","targetHints":{"allow":["GET"]}}],"collection":[{"href":"https:\/\/nordicmart.andreevmaster.com\/da\/wp-json\/wp\/v2\/product"}],"about":[{"href":"https:\/\/nordicmart.andreevmaster.com\/da\/wp-json\/wp\/v2\/types\/product"}],"replies":[{"embeddable":true,"href":"https:\/\/nordicmart.andreevmaster.com\/da\/wp-json\/wp\/v2\/comments?post=20596"}],"wp:attachment":[{"href":"https:\/\/nordicmart.andreevmaster.com\/da\/wp-json\/wp\/v2\/media?parent=20596"}],"wp:term":[{"taxonomy":"product_brand","embeddable":true,"href":"https:\/\/nordicmart.andreevmaster.com\/da\/wp-json\/wp\/v2\/product_brand?post=20596"},{"taxonomy":"product_cat","embeddable":true,"href":"https:\/\/nordicmart.andreevmaster.com\/da\/wp-json\/wp\/v2\/product_cat?post=20596"},{"taxonomy":"product_tag","embeddable":true,"href":"https:\/\/nordicmart.andreevmaster.com\/da\/wp-json\/wp\/v2\/product_tag?post=20596"}],"curies":[{"name":"wp","href":"https:\/\/api.w.org\/{rel}","templated":true}]}}