{"id":20595,"date":"2026-02-27T00:09:07","date_gmt":"2026-02-27T00:09:07","guid":{"rendered":"https:\/\/nordicmart.andreevmaster.com\/product\/classic-world-edu-stort-trafikskiltesaet-90-cm-8-stk\/"},"modified":"2026-02-27T08:53:56","modified_gmt":"2026-02-27T08:53:56","slug":"classic-world-edu-stort-trafikskiltesaet-90-cm-8-stk","status":"publish","type":"product","link":"https:\/\/nordicmart.andreevmaster.com\/da\/vare\/classic-world-edu-stort-trafikskiltesaet-90-cm-8-stk\/","title":{"rendered":"CLASSIC WORLD EDU Stort trafikskiltes\u00e6t 90 cm &#8211; 8 stk."},"content":{"rendered":"<p>Introducer dit barn til den fascinerende verden af trafik med CLASSIC WORLD trafikskiltes\u00e6ttet! Dette omfattende s\u00e6t realistiske trafikskilte er den perfekte m\u00e5de at l\u00e6re gennem leg. B\u00f8rn kan skabe deres egne gader, kryds og ruter, mens de l\u00e6rer grundl\u00e6ggende trafiksikkerhedsregler, betydningen af de enkelte skilte og rollen som ansvarlig trafikanter. De robuste og stabile skilte giver timevis af kreativ leg, uanset om det er i haven, indk\u00f8rslen eller p\u00e5 v\u00e6relset, og udvikler fantasi og sociale f\u00e6rdigheder. G\u00f8r dig klar til, at dit barn bliver ekspert i trafikregler!<\/p>\n<p>Egenskaber:<\/p>\n<p>* &#8211; Fra 3 \u00e5r<br \/>\n* &#8211; XXL-skilte \u2013 h\u00f8jde op til 90 cm<br \/>\n* &#8211; Holdbart plast (skilte og fod)<br \/>\n* &#8211; Realistisk gengivelse af popul\u00e6re vejskilte<br \/>\n* &#8211; Hvert skilt har en solid, bred fod for stabilitet<br \/>\n* &#8211; Ideel til udend\u00f8rs leg (have, g\u00e5rd) og indend\u00f8rs leg (legestue), til individuel leg og leg i grupper<\/p>\n<p>S\u00e6ttet indeholder f\u00f8lgende skilte:<\/p>\n<p>* &#8211; Ingen dyttning<br \/>\n* &#8211; Fodg\u00e6ngerovergang<br \/>\n* &#8211; Tankstation<br \/>\n* &#8211; Parkering<br \/>\n* &#8211; Andre farer<br \/>\n* &#8211; Ingen U-vendinger<br \/>\n* &#8211; Gangsti<br \/>\n* &#8211; Stejl stigning<\/p>\n<p>Leget\u00f8jet udvikler:<\/p>\n<p>* &#8211; Kognitive f\u00e6rdigheder<br \/>\n* &#8211; Fantasi og kreativitet<br \/>\n* &#8211; Sociale f\u00e6rdigheder<br \/>\n* &#8211; Rumlig orientering<br \/>\n* &#8211; Underviser i grundl\u00e6ggende trafiksikkerhedsregler<\/p>\n","protected":false},"excerpt":{"rendered":"<p>Introducer dit barn til den fascinerende verden af trafik med CLASSIC WORLD trafikskiltes\u00e6ttet! Dette omfattende s\u00e6t realistiske trafikskilte er den perfekte m\u00e5de at l\u00e6re gennem leg. B\u00f8rn kan skabe deres egne gader, kryds og ruter, mens de l\u00e6rer grundl\u00e6ggende trafiksikkerhedsregler, betydningen af de enkelte skilte og rollen som ansvarlig trafikanter. De robuste og stabile skilte [&hellip;]<\/p>\n","protected":false},"featured_media":0,"comment_status":"open","ping_status":"closed","template":"","meta":[],"product_brand":[],"product_cat":[31],"product_tag":[],"class_list":{"0":"post-20595","1":"product","2":"type-product","3":"status-publish","5":"product_cat-uncategorized-da","7":"first","8":"instock","9":"shipping-taxable","10":"purchasable","11":"product-type-simple"},"_links":{"self":[{"href":"https:\/\/nordicmart.andreevmaster.com\/da\/wp-json\/wp\/v2\/product\/20595","targetHints":{"allow":["GET"]}}],"collection":[{"href":"https:\/\/nordicmart.andreevmaster.com\/da\/wp-json\/wp\/v2\/product"}],"about":[{"href":"https:\/\/nordicmart.andreevmaster.com\/da\/wp-json\/wp\/v2\/types\/product"}],"replies":[{"embeddable":true,"href":"https:\/\/nordicmart.andreevmaster.com\/da\/wp-json\/wp\/v2\/comments?post=20595"}],"wp:attachment":[{"href":"https:\/\/nordicmart.andreevmaster.com\/da\/wp-json\/wp\/v2\/media?parent=20595"}],"wp:term":[{"taxonomy":"product_brand","embeddable":true,"href":"https:\/\/nordicmart.andreevmaster.com\/da\/wp-json\/wp\/v2\/product_brand?post=20595"},{"taxonomy":"product_cat","embeddable":true,"href":"https:\/\/nordicmart.andreevmaster.com\/da\/wp-json\/wp\/v2\/product_cat?post=20595"},{"taxonomy":"product_tag","embeddable":true,"href":"https:\/\/nordicmart.andreevmaster.com\/da\/wp-json\/wp\/v2\/product_tag?post=20595"}],"curies":[{"name":"wp","href":"https:\/\/api.w.org\/{rel}","templated":true}]}}