{"id":20593,"date":"2026-02-27T00:09:07","date_gmt":"2026-02-27T00:09:07","guid":{"rendered":"https:\/\/nordicmart.andreevmaster.com\/product\/classic-world-edu-traevandingsvogn-slange\/"},"modified":"2026-02-27T08:53:55","modified_gmt":"2026-02-27T08:53:55","slug":"classic-world-edu-traevandingsvogn-slange","status":"publish","type":"product","link":"https:\/\/nordicmart.andreevmaster.com\/da\/vare\/classic-world-edu-traevandingsvogn-slange\/","title":{"rendered":"CLASSIC WORLD EDU Tr\u00e6vandingsvogn + slange"},"content":{"rendered":"<p>Tr\u00e6vandvognen fra det kendte m\u00e6rke CLASSIC WORLD EDU er designet til b\u00f8rn, der l\u00e6rer at arbejde i haven \u2013 vognen er et fremragende redskab til transport af vand. Vandet l\u00f8ber gennem en fleksibel slange, s\u00e5 b\u00f8rnene nemt kan vande planterne. De sm\u00e5 elsker at lege med vand, og n\u00e5r det kombineres med at l\u00e6re om naturen og udvikle ansvarlighed, resulterer det i interessant og l\u00e6rerig sjov.<\/p>\n<p>Egenskaber:<\/p>\n<p>* &#8211; Robust tr\u00e6konstruktion<br \/>\n* &#8211; Praktiske, fleksible vandledningsslanger med et lukkesystem til vandcirkulation<br \/>\n* &#8211; H\u00e5ndtag i en h\u00f8jde af 66 cm<br \/>\n* &#8211; Pleje af planter l\u00e6rer b\u00f8rn om omsorg, ansvar og underst\u00f8tter deres generelle udvikling<br \/>\n* &#8211; Fra den specielle EDU-serie<\/p>\n<p>Leget\u00f8jet udvikler:<\/p>\n<p>* &#8211; kommunikations- og samarbejdsevner<br \/>\n* &#8211; mod og selvtillid<br \/>\n* &#8211; viden om planter<br \/>\n* &#8211; ansvarlighed<\/p>\n<p>Eco-leget\u00f8j er designet til de yngste b\u00f8rn og er fremstillet af helt naturlige, biologisk nedbrydelige og allergivenlige materialer, hvilket g\u00f8r det 100 % sikkert og ufarligt, ikke kun for milj\u00f8et, men ogs\u00e5 for dit barn.<\/p>\n","protected":false},"excerpt":{"rendered":"<p>Tr\u00e6vandvognen fra det kendte m\u00e6rke CLASSIC WORLD EDU er designet til b\u00f8rn, der l\u00e6rer at arbejde i haven \u2013 vognen er et fremragende redskab til transport af vand. Vandet l\u00f8ber gennem en fleksibel slange, s\u00e5 b\u00f8rnene nemt kan vande planterne. De sm\u00e5 elsker at lege med vand, og n\u00e5r det kombineres med at l\u00e6re om [&hellip;]<\/p>\n","protected":false},"featured_media":0,"comment_status":"open","ping_status":"closed","template":"","meta":[],"product_brand":[],"product_cat":[31],"product_tag":[],"class_list":{"0":"post-20593","1":"product","2":"type-product","3":"status-publish","5":"product_cat-uncategorized-da","7":"first","8":"instock","9":"shipping-taxable","10":"purchasable","11":"product-type-simple"},"_links":{"self":[{"href":"https:\/\/nordicmart.andreevmaster.com\/da\/wp-json\/wp\/v2\/product\/20593","targetHints":{"allow":["GET"]}}],"collection":[{"href":"https:\/\/nordicmart.andreevmaster.com\/da\/wp-json\/wp\/v2\/product"}],"about":[{"href":"https:\/\/nordicmart.andreevmaster.com\/da\/wp-json\/wp\/v2\/types\/product"}],"replies":[{"embeddable":true,"href":"https:\/\/nordicmart.andreevmaster.com\/da\/wp-json\/wp\/v2\/comments?post=20593"}],"wp:attachment":[{"href":"https:\/\/nordicmart.andreevmaster.com\/da\/wp-json\/wp\/v2\/media?parent=20593"}],"wp:term":[{"taxonomy":"product_brand","embeddable":true,"href":"https:\/\/nordicmart.andreevmaster.com\/da\/wp-json\/wp\/v2\/product_brand?post=20593"},{"taxonomy":"product_cat","embeddable":true,"href":"https:\/\/nordicmart.andreevmaster.com\/da\/wp-json\/wp\/v2\/product_cat?post=20593"},{"taxonomy":"product_tag","embeddable":true,"href":"https:\/\/nordicmart.andreevmaster.com\/da\/wp-json\/wp\/v2\/product_tag?post=20593"}],"curies":[{"name":"wp","href":"https:\/\/api.w.org\/{rel}","templated":true}]}}