{"id":20592,"date":"2026-02-27T00:09:06","date_gmt":"2026-02-27T00:09:06","guid":{"rendered":"https:\/\/nordicmart.andreevmaster.com\/product\/classic-world-edu-traebord-med-vandkanal-xl-og-daemninger\/"},"modified":"2026-02-27T08:53:55","modified_gmt":"2026-02-27T08:53:55","slug":"classic-world-edu-traebord-med-vandkanal-xl-og-daemninger","status":"publish","type":"product","link":"https:\/\/nordicmart.andreevmaster.com\/da\/vare\/classic-world-edu-traebord-med-vandkanal-xl-og-daemninger\/","title":{"rendered":"CLASSIC WORLD EDU Tr\u00e6bord med vandkanal XL og d\u00e6mninger"},"content":{"rendered":"<p>Egenskaber:<\/p>\n<p>* &#8211; Leget\u00f8j til b\u00f8rn fra 3 \u00e5r<br \/>\n* &#8211; B\u00f8rnene kan pumpe vand fra den nederste beholder til den \u00f8verste og se vandet str\u00f8mme gennem forhindringer og kanaler<br \/>\n* &#8211; Pumpen giver dig mulighed for at kontrollere vandets str\u00f8mningshastighed \u2013 langsom pumpning skaber en rolig str\u00f8m, hurtig pumpning skaber en st\u00e6rk str\u00f8m<br \/>\n* &#8211; Muligheden for at \u00e6ndre placeringen af forhindringer og kanaler giver mulighed for kreative eksperimenter og oprettelse af dine egne vandruter<br \/>\n* &#8211; B\u00f8rnene kan arbejde sammen om at pumpe vand, flytte forhindringer og observere effekten i forskellige dele af stationen<br \/>\n* &#8211; Stationens mobilitet giver mulighed for leg derhjemme, i haven eller p\u00e5 legepladsen<br \/>\n* &#8211; Selvmonteringss\u00e6t<\/p>\n<p>Leget\u00f8jet udvikler:<\/p>\n<p>* &#8211; Motorisk koordination og finmotorik: h\u00e5ndtering af forhindringer, betjening af pumpen.* &#8211; Sociale f\u00e6rdigheder: at lege sammen l\u00e6rer b\u00f8rnene samarbejde og kommunikation<br \/>\n* &#8211; Naturvidenskabelig uddannelse: b\u00f8rn l\u00e6rer om principperne for vandgennemstr\u00f8mning, tyngdekraft og hvordan en pumpe fungerer<br \/>\n* &#8211; Kreativitet og logisk t\u00e6nkning: skabe deres egne vandruter, afpr\u00f8ve forskellige forhindringskonfigurationer<\/p>\n<p>S\u00e6ttet er fremstillet af impr\u00e6gneret fyrretr\u00e6 for at sikre de bedste egenskaber i et udend\u00f8rs milj\u00f8. Takket v\u00e6re impr\u00e6gneringen er tr\u00e6et vejrbestandigt, hvilket garanterer dets holdbarhed og \u00e6stetiske udseende i mange \u00e5r. Denne l\u00f8sning adskiller produktet fra l\u00f8sninger, der bruges i konkurrerende produkter.<\/p>\n","protected":false},"excerpt":{"rendered":"<p>Egenskaber: * &#8211; Leget\u00f8j til b\u00f8rn fra 3 \u00e5r * &#8211; B\u00f8rnene kan pumpe vand fra den nederste beholder til den \u00f8verste og se vandet str\u00f8mme gennem forhindringer og kanaler * &#8211; Pumpen giver dig mulighed for at kontrollere vandets str\u00f8mningshastighed \u2013 langsom pumpning skaber en rolig str\u00f8m, hurtig pumpning skaber en st\u00e6rk str\u00f8m * [&hellip;]<\/p>\n","protected":false},"featured_media":0,"comment_status":"open","ping_status":"closed","template":"","meta":[],"product_brand":[],"product_cat":[31],"product_tag":[],"class_list":{"0":"post-20592","1":"product","2":"type-product","3":"status-publish","5":"product_cat-uncategorized-da","7":"first","8":"instock","9":"shipping-taxable","10":"purchasable","11":"product-type-simple"},"_links":{"self":[{"href":"https:\/\/nordicmart.andreevmaster.com\/da\/wp-json\/wp\/v2\/product\/20592","targetHints":{"allow":["GET"]}}],"collection":[{"href":"https:\/\/nordicmart.andreevmaster.com\/da\/wp-json\/wp\/v2\/product"}],"about":[{"href":"https:\/\/nordicmart.andreevmaster.com\/da\/wp-json\/wp\/v2\/types\/product"}],"replies":[{"embeddable":true,"href":"https:\/\/nordicmart.andreevmaster.com\/da\/wp-json\/wp\/v2\/comments?post=20592"}],"wp:attachment":[{"href":"https:\/\/nordicmart.andreevmaster.com\/da\/wp-json\/wp\/v2\/media?parent=20592"}],"wp:term":[{"taxonomy":"product_brand","embeddable":true,"href":"https:\/\/nordicmart.andreevmaster.com\/da\/wp-json\/wp\/v2\/product_brand?post=20592"},{"taxonomy":"product_cat","embeddable":true,"href":"https:\/\/nordicmart.andreevmaster.com\/da\/wp-json\/wp\/v2\/product_cat?post=20592"},{"taxonomy":"product_tag","embeddable":true,"href":"https:\/\/nordicmart.andreevmaster.com\/da\/wp-json\/wp\/v2\/product_tag?post=20592"}],"curies":[{"name":"wp","href":"https:\/\/api.w.org\/{rel}","templated":true}]}}