{"id":20591,"date":"2026-02-27T00:09:06","date_gmt":"2026-02-27T00:09:06","guid":{"rendered":"https:\/\/nordicmart.andreevmaster.com\/product\/classic-world-edu-legeplads-sandlegetoj-rutsjebaner\/"},"modified":"2026-02-27T08:53:55","modified_gmt":"2026-02-27T08:53:55","slug":"classic-world-edu-legeplads-sandlegetoj-rutsjebaner","status":"publish","type":"product","link":"https:\/\/nordicmart.andreevmaster.com\/da\/vare\/classic-world-edu-legeplads-sandlegetoj-rutsjebaner\/","title":{"rendered":"CLASSIC WORLD EDU Legeplads Sandleget\u00f8j Rutsjebaner"},"content":{"rendered":"<p>Sandrutsjebanen i tr\u00e6 fra CLASSIC WORLD er et leget\u00f8j af h\u00f8j kvalitet, der passer perfekt til dit barns sandkasse og til legepladser i uddannelsesinstitutioner. Den best\u00e5r af en tragt \u00f8verst, hvor barnet h\u00e6lder sand i, som derefter glider ned ad tre sm\u00e5 rutsjebaner. Denne tr\u00e6rutsjebane er sjov for b\u00f8rnene og har en positiv effekt p\u00e5 deres finmotorik.<\/p>\n<p>Egenskaber:<\/p>\n<p>* &#8211; Leget\u00f8j til b\u00f8rn fra 3 \u00e5r<br \/>\n* &#8211; H\u00f8jkvalitets tr\u00e6, omhyggeligt fremstillet<br \/>\n* &#8211; SIKKERT leget\u00f8j til b\u00f8rn<br \/>\n* &#8211; Det perfekte supplement til sandkassen<\/p>\n<p>Leget\u00f8jet udvikler:<\/p>\n<p>* &#8211; Kreativitet<br \/>\n* &#8211; Logisk t\u00e6nkning<br \/>\n* &#8211; Finmotorik<br \/>\n* &#8211; Erkendelse af \u00e5rsag og virkning<br \/>\n* &#8211; Fantasi<\/p>\n","protected":false},"excerpt":{"rendered":"<p>Sandrutsjebanen i tr\u00e6 fra CLASSIC WORLD er et leget\u00f8j af h\u00f8j kvalitet, der passer perfekt til dit barns sandkasse og til legepladser i uddannelsesinstitutioner. Den best\u00e5r af en tragt \u00f8verst, hvor barnet h\u00e6lder sand i, som derefter glider ned ad tre sm\u00e5 rutsjebaner. Denne tr\u00e6rutsjebane er sjov for b\u00f8rnene og har en positiv effekt p\u00e5 [&hellip;]<\/p>\n","protected":false},"featured_media":0,"comment_status":"open","ping_status":"closed","template":"","meta":[],"product_brand":[],"product_cat":[31],"product_tag":[],"class_list":{"0":"post-20591","1":"product","2":"type-product","3":"status-publish","5":"product_cat-uncategorized-da","7":"first","8":"instock","9":"shipping-taxable","10":"purchasable","11":"product-type-simple"},"_links":{"self":[{"href":"https:\/\/nordicmart.andreevmaster.com\/da\/wp-json\/wp\/v2\/product\/20591","targetHints":{"allow":["GET"]}}],"collection":[{"href":"https:\/\/nordicmart.andreevmaster.com\/da\/wp-json\/wp\/v2\/product"}],"about":[{"href":"https:\/\/nordicmart.andreevmaster.com\/da\/wp-json\/wp\/v2\/types\/product"}],"replies":[{"embeddable":true,"href":"https:\/\/nordicmart.andreevmaster.com\/da\/wp-json\/wp\/v2\/comments?post=20591"}],"wp:attachment":[{"href":"https:\/\/nordicmart.andreevmaster.com\/da\/wp-json\/wp\/v2\/media?parent=20591"}],"wp:term":[{"taxonomy":"product_brand","embeddable":true,"href":"https:\/\/nordicmart.andreevmaster.com\/da\/wp-json\/wp\/v2\/product_brand?post=20591"},{"taxonomy":"product_cat","embeddable":true,"href":"https:\/\/nordicmart.andreevmaster.com\/da\/wp-json\/wp\/v2\/product_cat?post=20591"},{"taxonomy":"product_tag","embeddable":true,"href":"https:\/\/nordicmart.andreevmaster.com\/da\/wp-json\/wp\/v2\/product_tag?post=20591"}],"curies":[{"name":"wp","href":"https:\/\/api.w.org\/{rel}","templated":true}]}}