{"id":20590,"date":"2026-02-27T00:09:06","date_gmt":"2026-02-27T00:09:06","guid":{"rendered":"https:\/\/nordicmart.andreevmaster.com\/product\/classic-world-edu-braendstofdistributor-bilopladningsstation\/"},"modified":"2026-02-27T08:53:55","modified_gmt":"2026-02-27T08:53:55","slug":"classic-world-edu-braendstofdistributor-bilopladningsstation","status":"publish","type":"product","link":"https:\/\/nordicmart.andreevmaster.com\/da\/vare\/classic-world-edu-braendstofdistributor-bilopladningsstation\/","title":{"rendered":"CLASSIC WORLD EDU Br\u00e6ndstofdistribut\u00f8r Bilopladningsstation"},"content":{"rendered":"<p>CLASSIC WORLD 2-i-1-opladningsstationen er et alsidigt apparat, der kan bruges til at tanke k\u00f8ret\u00f8jer p\u00e5 den ene side og oplade elektriske k\u00f8ret\u00f8jer p\u00e5 den anden. B\u00f8rn kan tage ladekablet, tilslutte det til trehjulede cykler og oplade dem, inden de begiver sig ud p\u00e5 en tur. Funktioner som tankning, vedligeholdelse og betaling kan simuleres ved at dreje p\u00e5 funktionsknappen. <\/p>\n<p>### Funktioner <\/p>\n<p>* &#8211; Til b\u00f8rn fra 3 \u00e5r<br \/>\n* &#8211; Funktioner som tankning, vedligeholdelse og betaling kan simuleres ved at dreje p\u00e5 funktionsknappen.<\/p>\n<p>### Hvad leget\u00f8jet udvikler hos b\u00f8rn<\/p>\n<p>* &#8211; Kreativitet og fantasi: Leg med tankning og opladning af k\u00f8ret\u00f8jer<br \/>\n* &#8211; Motorisk koordination: H\u00e5ndtering af kabler og knapper<br \/>\n* &#8211; Forst\u00e5else af teknologi: Grundl\u00e6ggende viden om, hvordan opladnings- og tankstationer fungerer<br \/>\n* &#8211; Sociale f\u00e6rdigheder: Leg i en gruppe, rollespil<br \/>\n* &#8211; Koncentration og opm\u00e6rksomhed: Fokus p\u00e5 at udf\u00f8re specifikke opgaver<br \/>\n* &#8211; Manuel fingerf\u00e6rdighed: Arbejde med sm\u00e5 dele og knapper<br \/>\n* &#8211; Milj\u00f8bevidsthed: Forst\u00e5else for vigtigheden af at oplade elbiler<\/p>\n","protected":false},"excerpt":{"rendered":"<p>CLASSIC WORLD 2-i-1-opladningsstationen er et alsidigt apparat, der kan bruges til at tanke k\u00f8ret\u00f8jer p\u00e5 den ene side og oplade elektriske k\u00f8ret\u00f8jer p\u00e5 den anden. B\u00f8rn kan tage ladekablet, tilslutte det til trehjulede cykler og oplade dem, inden de begiver sig ud p\u00e5 en tur. Funktioner som tankning, vedligeholdelse og betaling kan simuleres ved at [&hellip;]<\/p>\n","protected":false},"featured_media":0,"comment_status":"open","ping_status":"closed","template":"","meta":[],"product_brand":[],"product_cat":[31],"product_tag":[],"class_list":{"0":"post-20590","1":"product","2":"type-product","3":"status-publish","5":"product_cat-uncategorized-da","7":"first","8":"instock","9":"shipping-taxable","10":"purchasable","11":"product-type-simple"},"_links":{"self":[{"href":"https:\/\/nordicmart.andreevmaster.com\/da\/wp-json\/wp\/v2\/product\/20590","targetHints":{"allow":["GET"]}}],"collection":[{"href":"https:\/\/nordicmart.andreevmaster.com\/da\/wp-json\/wp\/v2\/product"}],"about":[{"href":"https:\/\/nordicmart.andreevmaster.com\/da\/wp-json\/wp\/v2\/types\/product"}],"replies":[{"embeddable":true,"href":"https:\/\/nordicmart.andreevmaster.com\/da\/wp-json\/wp\/v2\/comments?post=20590"}],"wp:attachment":[{"href":"https:\/\/nordicmart.andreevmaster.com\/da\/wp-json\/wp\/v2\/media?parent=20590"}],"wp:term":[{"taxonomy":"product_brand","embeddable":true,"href":"https:\/\/nordicmart.andreevmaster.com\/da\/wp-json\/wp\/v2\/product_brand?post=20590"},{"taxonomy":"product_cat","embeddable":true,"href":"https:\/\/nordicmart.andreevmaster.com\/da\/wp-json\/wp\/v2\/product_cat?post=20590"},{"taxonomy":"product_tag","embeddable":true,"href":"https:\/\/nordicmart.andreevmaster.com\/da\/wp-json\/wp\/v2\/product_tag?post=20590"}],"curies":[{"name":"wp","href":"https:\/\/api.w.org\/{rel}","templated":true}]}}