{"id":20589,"date":"2026-02-27T00:09:06","date_gmt":"2026-02-27T00:09:06","guid":{"rendered":"https:\/\/nordicmart.andreevmaster.com\/product\/classic-world-edu-traerampe-bro-rampe-vej-cykelbane\/"},"modified":"2026-02-27T08:53:55","modified_gmt":"2026-02-27T08:53:55","slug":"classic-world-edu-traerampe-bro-rampe-vej-cykelbane","status":"publish","type":"product","link":"https:\/\/nordicmart.andreevmaster.com\/da\/vare\/classic-world-edu-traerampe-bro-rampe-vej-cykelbane\/","title":{"rendered":"CLASSIC WORLD EDU Tr\u00e6rampe Bro Rampe Vej Cykelbane"},"content":{"rendered":"<p>Tilf\u00f8j en dynamisk dosis eventyr til dit barns leg med tr\u00e6rampen fra CLASSIC WORLD! Dette solidt konstruerede stykke er det perfekte supplement til enhver cykelbane, der tilskynder de sm\u00e5 til at lege aktivt, udvikle deres motoriske f\u00e6rdigheder og forbedre deres k\u00f8reegenskaber p\u00e5 cykler, l\u00f8behjul eller andre k\u00f8ret\u00f8jer. Takket v\u00e6re de skridsikre ramper og den blide h\u00e6ldning kan b\u00f8rnene nemt overvinde denne forhindring og nyde hver eneste op- og nedk\u00f8rsel. Ideel til haver, legepladser, b\u00f8rnehaver og undervisningsomr\u00e5der \u2013 alle steder, hvor bev\u00e6gelse og udvikling er vigtigt!<\/p>\n<p>Egenskaber:<\/p>\n<p>* &#8211; Fra 3 \u00e5r<br \/>\n* &#8211; H\u00f8jkvalitets tr\u00e6 og vejrbestandig plast<br \/>\n* &#8211; Til indend\u00f8rs og udend\u00f8rs brug<br \/>\n* &#8211; Skridsikre ramper og en blid h\u00e6ldningsvinkel sikrer sikkerhed, n\u00e5r forhindringer overvindes<br \/>\n* &#8211; Robust konstruktion<br \/>\n* &#8211; Ideel til cykler, l\u00f8behjul og andre sm\u00e5 k\u00f8ret\u00f8jer<\/p>\n<p>S\u00e6ttet indeholder:<\/p>\n<p>* &#8211; 1 x Tr\u00e6bakke\/rampe til cykelbane<\/p>\n<p>Leget\u00f8jet udvikler:<\/p>\n<p>* &#8211; Grovmotorik<br \/>\n* &#8211; Cykel-\/l\u00f8behjulsk\u00f8rsel<br \/>\n* &#8211; Rumlig opfattelse<br \/>\n* &#8211; Selvtillid og mod<br \/>\n* &#8211; Fysisk aktivitet<\/p>\n","protected":false},"excerpt":{"rendered":"<p>Tilf\u00f8j en dynamisk dosis eventyr til dit barns leg med tr\u00e6rampen fra CLASSIC WORLD! Dette solidt konstruerede stykke er det perfekte supplement til enhver cykelbane, der tilskynder de sm\u00e5 til at lege aktivt, udvikle deres motoriske f\u00e6rdigheder og forbedre deres k\u00f8reegenskaber p\u00e5 cykler, l\u00f8behjul eller andre k\u00f8ret\u00f8jer. Takket v\u00e6re de skridsikre ramper og den blide [&hellip;]<\/p>\n","protected":false},"featured_media":0,"comment_status":"open","ping_status":"closed","template":"","meta":[],"product_brand":[],"product_cat":[31],"product_tag":[],"class_list":{"0":"post-20589","1":"product","2":"type-product","3":"status-publish","5":"product_cat-uncategorized-da","7":"first","8":"instock","9":"shipping-taxable","10":"purchasable","11":"product-type-simple"},"_links":{"self":[{"href":"https:\/\/nordicmart.andreevmaster.com\/da\/wp-json\/wp\/v2\/product\/20589","targetHints":{"allow":["GET"]}}],"collection":[{"href":"https:\/\/nordicmart.andreevmaster.com\/da\/wp-json\/wp\/v2\/product"}],"about":[{"href":"https:\/\/nordicmart.andreevmaster.com\/da\/wp-json\/wp\/v2\/types\/product"}],"replies":[{"embeddable":true,"href":"https:\/\/nordicmart.andreevmaster.com\/da\/wp-json\/wp\/v2\/comments?post=20589"}],"wp:attachment":[{"href":"https:\/\/nordicmart.andreevmaster.com\/da\/wp-json\/wp\/v2\/media?parent=20589"}],"wp:term":[{"taxonomy":"product_brand","embeddable":true,"href":"https:\/\/nordicmart.andreevmaster.com\/da\/wp-json\/wp\/v2\/product_brand?post=20589"},{"taxonomy":"product_cat","embeddable":true,"href":"https:\/\/nordicmart.andreevmaster.com\/da\/wp-json\/wp\/v2\/product_cat?post=20589"},{"taxonomy":"product_tag","embeddable":true,"href":"https:\/\/nordicmart.andreevmaster.com\/da\/wp-json\/wp\/v2\/product_tag?post=20589"}],"curies":[{"name":"wp","href":"https:\/\/api.w.org\/{rel}","templated":true}]}}