{"id":20588,"date":"2026-02-27T00:09:06","date_gmt":"2026-02-27T00:09:06","guid":{"rendered":"https:\/\/nordicmart.andreevmaster.com\/product\/classic-world-edu-xxl-vandvejssaet-stem\/"},"modified":"2026-02-27T08:53:55","modified_gmt":"2026-02-27T08:53:55","slug":"classic-world-edu-xxl-vandvejssaet-stem","status":"publish","type":"product","link":"https:\/\/nordicmart.andreevmaster.com\/da\/vare\/classic-world-edu-xxl-vandvejssaet-stem\/","title":{"rendered":"CLASSIC WORLD EDU XXL Vandvejss\u00e6t STEM"},"content":{"rendered":"<p>CLASSIC WORLD vandr\u00f8rss\u00e6ttet er designet med b\u00f8rn i tankerne, og derfor er det helt sikkert og holdbart. B\u00f8rnene bestemmer selv, hvordan legepladsen skal se ud og konfigureres. T\u00e5rnet kan opstilles i forskellige h\u00f8jder og konfigurationer ved hj\u00e6lp af vand, sand, bolde og leget\u00f8jsbiler, s\u00e5 b\u00f8rnene kan nyde alsidig leg, ikke kun p\u00e5 varme dage. Det er perfekt som et supplement til haven eller som en del af en vandlegeplads fra CLASSIC WORLD. <\/p>\n<p>Egenskaber: <\/p>\n<p>* &#8211; Fra 3 \u00e5r<br \/>\n* &#8211; Fungerer godt som sensorisk leget\u00f8j med vand og sand<br \/>\n* &#8211; Giver b\u00f8rnene mulighed for at observere vand i bev\u00e6gelse og l\u00e6re om \u00e5rsag og virkning<br \/>\n* &#8211; God kvalitet<br \/>\n* &#8211; Flere konfigurationsmuligheder<br \/>\n* &#8211; Holdbart og sjovt<\/p>\n<p>S\u00e6ttet indeholder:<\/p>\n<p>* &#8211; 20 vandkuber<br \/>\n* &#8211; 12 vandledende r\u00f8r<\/p>\n","protected":false},"excerpt":{"rendered":"<p>CLASSIC WORLD vandr\u00f8rss\u00e6ttet er designet med b\u00f8rn i tankerne, og derfor er det helt sikkert og holdbart. B\u00f8rnene bestemmer selv, hvordan legepladsen skal se ud og konfigureres. T\u00e5rnet kan opstilles i forskellige h\u00f8jder og konfigurationer ved hj\u00e6lp af vand, sand, bolde og leget\u00f8jsbiler, s\u00e5 b\u00f8rnene kan nyde alsidig leg, ikke kun p\u00e5 varme dage. Det [&hellip;]<\/p>\n","protected":false},"featured_media":0,"comment_status":"open","ping_status":"closed","template":"","meta":[],"product_brand":[],"product_cat":[31],"product_tag":[],"class_list":{"0":"post-20588","1":"product","2":"type-product","3":"status-publish","5":"product_cat-uncategorized-da","7":"first","8":"instock","9":"shipping-taxable","10":"purchasable","11":"product-type-simple"},"_links":{"self":[{"href":"https:\/\/nordicmart.andreevmaster.com\/da\/wp-json\/wp\/v2\/product\/20588","targetHints":{"allow":["GET"]}}],"collection":[{"href":"https:\/\/nordicmart.andreevmaster.com\/da\/wp-json\/wp\/v2\/product"}],"about":[{"href":"https:\/\/nordicmart.andreevmaster.com\/da\/wp-json\/wp\/v2\/types\/product"}],"replies":[{"embeddable":true,"href":"https:\/\/nordicmart.andreevmaster.com\/da\/wp-json\/wp\/v2\/comments?post=20588"}],"wp:attachment":[{"href":"https:\/\/nordicmart.andreevmaster.com\/da\/wp-json\/wp\/v2\/media?parent=20588"}],"wp:term":[{"taxonomy":"product_brand","embeddable":true,"href":"https:\/\/nordicmart.andreevmaster.com\/da\/wp-json\/wp\/v2\/product_brand?post=20588"},{"taxonomy":"product_cat","embeddable":true,"href":"https:\/\/nordicmart.andreevmaster.com\/da\/wp-json\/wp\/v2\/product_cat?post=20588"},{"taxonomy":"product_tag","embeddable":true,"href":"https:\/\/nordicmart.andreevmaster.com\/da\/wp-json\/wp\/v2\/product_tag?post=20588"}],"curies":[{"name":"wp","href":"https:\/\/api.w.org\/{rel}","templated":true}]}}