{"id":20587,"date":"2026-02-27T00:09:05","date_gmt":"2026-02-27T00:09:05","guid":{"rendered":"https:\/\/nordicmart.andreevmaster.com\/product\/classic-world-edu-trae-tavle-med-dobbeltsidet-kridt-magnetisk-paedagogisk\/"},"modified":"2026-02-27T08:53:54","modified_gmt":"2026-02-27T08:53:54","slug":"classic-world-edu-trae-tavle-med-dobbeltsidet-kridt-magnetisk-paedagogisk","status":"publish","type":"product","link":"https:\/\/nordicmart.andreevmaster.com\/da\/vare\/classic-world-edu-trae-tavle-med-dobbeltsidet-kridt-magnetisk-paedagogisk\/","title":{"rendered":"CLASSIC WORLD EDU Tr\u00e6-tavle med dobbeltsidet kridt &#8211; Magnetisk p\u00e6dagogisk"},"content":{"rendered":"<p>CLASSIC WORLD tavles\u00e6ttet er et godt valg til b\u00f8rnev\u00e6relset, haven eller uddannelsesinstitutioner p\u00e5 grund af dets alsidighed. S\u00e6ttet indeholder en magnetisk tavle, der er velegnet til mark\u00f8rer, og en kridttavle, der er velegnet til forskellige typer kridt. Begge tavler er gode til at l\u00e6re at skrive, t\u00e6lle og lege kreativt. B\u00f8rn kan bruge magnetiske tilbeh\u00f8r til at udvikle deres kreativitet og fantasi, og tavlen er et fantastisk sted at lave farverige tegninger. S\u00e6ttet er ogs\u00e5 perfekt til installation i Classic World tr\u00e6pavilloner (f.eks. model CW70157), hvor det skaber et unikt udend\u00f8rs kunsthus for b\u00f8rn eller praktiske kunstv\u00e6gge. <\/p>\n<p>Funktioner: <\/p>\n<p>* &#8211; Produkt til b\u00f8rn fra 3 \u00e5r<br \/>\n* &#8211; Robust tr\u00e6konstruktion<br \/>\n* &#8211; Hylde til kridt, tuschpenne, svamp<br \/>\n* &#8211; Ideel til leg derhjemme og i haven<br \/>\n* &#8211; Velegnet til b\u00f8rnehaver og privat brug<br \/>\n* &#8211; Materialer af h\u00f8jeste kvalitet<\/p>\n<p>S\u00e6ttet indeholder:<\/p>\n<p>* &#8211; Magnetisk tavle (hvid)<br \/>\n* &#8211; Tavle (sort)<\/p>\n<p>Leget\u00f8jet udvikler:<\/p>\n<p>* &#8211; Kreativitet<br \/>\n* &#8211; Fantasi<br \/>\n* &#8211; Skrivef\u00e6rdigheder<br \/>\n* &#8211; Kunstneriske evner<br \/>\n* &#8211; Motoriske f\u00e6rdigheder<\/p>\n<p>Der er anvendt impr\u00e6gneret fyrretr\u00e6 for at sikre de bedste egenskaber i udend\u00f8rs milj\u00f8er. Takket v\u00e6re impr\u00e6gneringen er tr\u00e6et vejrbestandigt, hvilket garanterer dets holdbarhed og \u00e6stetiske udseende i mange \u00e5r. Denne l\u00f8sning adskiller produktet fra l\u00f8sninger, der anvendes i konkurrerende produkter.<\/p>\n","protected":false},"excerpt":{"rendered":"<p>CLASSIC WORLD tavles\u00e6ttet er et godt valg til b\u00f8rnev\u00e6relset, haven eller uddannelsesinstitutioner p\u00e5 grund af dets alsidighed. S\u00e6ttet indeholder en magnetisk tavle, der er velegnet til mark\u00f8rer, og en kridttavle, der er velegnet til forskellige typer kridt. Begge tavler er gode til at l\u00e6re at skrive, t\u00e6lle og lege kreativt. B\u00f8rn kan bruge magnetiske tilbeh\u00f8r [&hellip;]<\/p>\n","protected":false},"featured_media":0,"comment_status":"open","ping_status":"closed","template":"","meta":[],"product_brand":[],"product_cat":[31],"product_tag":[],"class_list":{"0":"post-20587","1":"product","2":"type-product","3":"status-publish","5":"product_cat-uncategorized-da","7":"first","8":"instock","9":"shipping-taxable","10":"purchasable","11":"product-type-simple"},"_links":{"self":[{"href":"https:\/\/nordicmart.andreevmaster.com\/da\/wp-json\/wp\/v2\/product\/20587","targetHints":{"allow":["GET"]}}],"collection":[{"href":"https:\/\/nordicmart.andreevmaster.com\/da\/wp-json\/wp\/v2\/product"}],"about":[{"href":"https:\/\/nordicmart.andreevmaster.com\/da\/wp-json\/wp\/v2\/types\/product"}],"replies":[{"embeddable":true,"href":"https:\/\/nordicmart.andreevmaster.com\/da\/wp-json\/wp\/v2\/comments?post=20587"}],"wp:attachment":[{"href":"https:\/\/nordicmart.andreevmaster.com\/da\/wp-json\/wp\/v2\/media?parent=20587"}],"wp:term":[{"taxonomy":"product_brand","embeddable":true,"href":"https:\/\/nordicmart.andreevmaster.com\/da\/wp-json\/wp\/v2\/product_brand?post=20587"},{"taxonomy":"product_cat","embeddable":true,"href":"https:\/\/nordicmart.andreevmaster.com\/da\/wp-json\/wp\/v2\/product_cat?post=20587"},{"taxonomy":"product_tag","embeddable":true,"href":"https:\/\/nordicmart.andreevmaster.com\/da\/wp-json\/wp\/v2\/product_tag?post=20587"}],"curies":[{"name":"wp","href":"https:\/\/api.w.org\/{rel}","templated":true}]}}