{"id":20586,"date":"2026-02-27T00:09:05","date_gmt":"2026-02-27T00:09:05","guid":{"rendered":"https:\/\/nordicmart.andreevmaster.com\/product\/classic-world-edu-traehaveport-pergola-blomsterbed\/"},"modified":"2026-02-27T08:53:54","modified_gmt":"2026-02-27T08:53:54","slug":"classic-world-edu-traehaveport-pergola-blomsterbed","status":"publish","type":"product","link":"https:\/\/nordicmart.andreevmaster.com\/da\/vare\/classic-world-edu-traehaveport-pergola-blomsterbed\/","title":{"rendered":"CLASSIC WORLD EDU Tr\u00e6haveport Pergola Blomsterbed"},"content":{"rendered":"<p>\u00c5bn d\u00f8ren til en verden fuld af natur og fantasi for dit barn med CLASSIC WORLD tr\u00e6haveporten! Denne charmerende konstruktion med et r\u00f8dt og hvidt stribet tag, inspireret af landlig stil, er det perfekte supplement til enhver have, b\u00f8rnehave eller undervisningshj\u00f8rne. Den er udstyret med praktiske hylder og kroge til redskaber eller blomsterpotter og opmuntrer de sm\u00e5 til at lege gartnere eller frugt- og gr\u00f8ntsagss\u00e6lgere eller giver dem simpelthen en magisk passage til deres egen fantasiverden. Den robuste tr\u00e6konstruktion sikrer sikkerhed og holdbarhed og garanterer timevis af aktiv, udviklende udend\u00f8rs leg. <\/p>\n<p>Egenskaber:<\/p>\n<p>* &#8211; Fra 3 \u00e5r<br \/>\n* &#8211; H\u00f8jkvalitets, holdbart, vejrbestandigt tr\u00e6<br \/>\n* &#8211; \u00c6stetisk tr\u00e6bue\/port med stribet stofbaldakin<br \/>\n* &#8211; Har hylder og kroge til havearbejde eller opbevaring af tilbeh\u00f8r<br \/>\n* &#8211; Ideel til haver, legepladser, b\u00f8rnehaver og undervisningsomr\u00e5der<br \/>\n* &#8211; Solid konstruktion, der sikrer sikkerhed<\/p>\n<p>S\u00e6ttet indeholder:<\/p>\n<p>* &#8211; Tr\u00e6portkonstruktion med tag<br \/>\n* &#8211; Monteringselementer<br \/>\n* &#8211; Tilbeh\u00f8r (f.eks. metalplantekasser, tr\u00e6kurve)<\/p>\n<p>Leget\u00f8jet udvikler:<\/p>\n<p>* &#8211; Kreativitet og fantasi<br \/>\n* &#8211; Sociale f\u00e6rdigheder<br \/>\n* &#8211; Manuel fingerf\u00e6rdighed<br \/>\n* &#8211; Viden om naturen<br \/>\n* &#8211; Fysisk aktivitet<\/p>\n","protected":false},"excerpt":{"rendered":"<p>\u00c5bn d\u00f8ren til en verden fuld af natur og fantasi for dit barn med CLASSIC WORLD tr\u00e6haveporten! Denne charmerende konstruktion med et r\u00f8dt og hvidt stribet tag, inspireret af landlig stil, er det perfekte supplement til enhver have, b\u00f8rnehave eller undervisningshj\u00f8rne. Den er udstyret med praktiske hylder og kroge til redskaber eller blomsterpotter og opmuntrer [&hellip;]<\/p>\n","protected":false},"featured_media":0,"comment_status":"open","ping_status":"closed","template":"","meta":[],"product_brand":[],"product_cat":[31],"product_tag":[],"class_list":{"0":"post-20586","1":"product","2":"type-product","3":"status-publish","5":"product_cat-uncategorized-da","7":"first","8":"instock","9":"shipping-taxable","10":"purchasable","11":"product-type-simple"},"_links":{"self":[{"href":"https:\/\/nordicmart.andreevmaster.com\/da\/wp-json\/wp\/v2\/product\/20586","targetHints":{"allow":["GET"]}}],"collection":[{"href":"https:\/\/nordicmart.andreevmaster.com\/da\/wp-json\/wp\/v2\/product"}],"about":[{"href":"https:\/\/nordicmart.andreevmaster.com\/da\/wp-json\/wp\/v2\/types\/product"}],"replies":[{"embeddable":true,"href":"https:\/\/nordicmart.andreevmaster.com\/da\/wp-json\/wp\/v2\/comments?post=20586"}],"wp:attachment":[{"href":"https:\/\/nordicmart.andreevmaster.com\/da\/wp-json\/wp\/v2\/media?parent=20586"}],"wp:term":[{"taxonomy":"product_brand","embeddable":true,"href":"https:\/\/nordicmart.andreevmaster.com\/da\/wp-json\/wp\/v2\/product_brand?post=20586"},{"taxonomy":"product_cat","embeddable":true,"href":"https:\/\/nordicmart.andreevmaster.com\/da\/wp-json\/wp\/v2\/product_cat?post=20586"},{"taxonomy":"product_tag","embeddable":true,"href":"https:\/\/nordicmart.andreevmaster.com\/da\/wp-json\/wp\/v2\/product_tag?post=20586"}],"curies":[{"name":"wp","href":"https:\/\/api.w.org\/{rel}","templated":true}]}}