{"id":20585,"date":"2026-02-27T00:09:05","date_gmt":"2026-02-27T00:09:05","guid":{"rendered":"https:\/\/nordicmart.andreevmaster.com\/product\/classic-world-edu-eco-sandkasse-sandkasse-legetoj-til-born-fra-3-ar\/"},"modified":"2026-02-27T08:53:54","modified_gmt":"2026-02-27T08:53:54","slug":"classic-world-edu-eco-sandkasse-sandkasse-legetoj-til-born-fra-3-ar","status":"publish","type":"product","link":"https:\/\/nordicmart.andreevmaster.com\/da\/vare\/classic-world-edu-eco-sandkasse-sandkasse-legetoj-til-born-fra-3-ar\/","title":{"rendered":"CLASSIC WORLD EDU Eco Sandkasse Sandkasse Leget\u00f8j til b\u00f8rn fra 3 \u00e5r"},"content":{"rendered":"<p>Denne sandkasse til b\u00f8rn fra det kendte m\u00e6rke Classic World er det perfekte tilbeh\u00f8r til din sandkasse! Produktet er lavet af tr\u00e6 af h\u00f8j kvalitet, malet med giftfri impr\u00e6gnering, der er helt sikker for b\u00f8rn. Fyld kassen med sand, og n\u00e5r den er fuld, skal du skubbe bundl\u00e5sen og frig\u00f8re den! Perfekt til din have!<\/p>\n<p>Egenskaber:<\/p>\n<p>* &#8211; lavet af tr\u00e6 af h\u00f8j kvalitet<br \/>\n* &#8211; malet med giftfri impr\u00e6gnering<br \/>\n* &#8211; uendelig sjov<br \/>\n* &#8211; det perfekte supplement til en sandkasse<\/p>\n<p>Leget\u00f8jet udvikler:<\/p>\n<p>* &#8211; manuelle f\u00e6rdigheder<br \/>\n* &#8211; logisk t\u00e6nkning<br \/>\n* &#8211; fantasi<br \/>\n* &#8211; kreativitet<\/p>\n<p>### FORH\u00c5NDSVISNINGSBILLEDET VISER PRODUKTET I EN ANDEN FARVEVERSION<\/p>\n<p>Eco-leget\u00f8j er designet til de yngste b\u00f8rn og er fremstillet af helt naturlige, biologisk nedbrydelige og allergivenlige materialer, hvilket g\u00f8r dem 100 % sikre og ufarlige, ikke kun for milj\u00f8et, men ogs\u00e5 for dit barn.<\/p>\n","protected":false},"excerpt":{"rendered":"<p>Denne sandkasse til b\u00f8rn fra det kendte m\u00e6rke Classic World er det perfekte tilbeh\u00f8r til din sandkasse! Produktet er lavet af tr\u00e6 af h\u00f8j kvalitet, malet med giftfri impr\u00e6gnering, der er helt sikker for b\u00f8rn. Fyld kassen med sand, og n\u00e5r den er fuld, skal du skubbe bundl\u00e5sen og frig\u00f8re den! Perfekt til din have! [&hellip;]<\/p>\n","protected":false},"featured_media":0,"comment_status":"open","ping_status":"closed","template":"","meta":[],"product_brand":[],"product_cat":[31],"product_tag":[],"class_list":{"0":"post-20585","1":"product","2":"type-product","3":"status-publish","5":"product_cat-uncategorized-da","7":"first","8":"instock","9":"shipping-taxable","10":"purchasable","11":"product-type-simple"},"_links":{"self":[{"href":"https:\/\/nordicmart.andreevmaster.com\/da\/wp-json\/wp\/v2\/product\/20585","targetHints":{"allow":["GET"]}}],"collection":[{"href":"https:\/\/nordicmart.andreevmaster.com\/da\/wp-json\/wp\/v2\/product"}],"about":[{"href":"https:\/\/nordicmart.andreevmaster.com\/da\/wp-json\/wp\/v2\/types\/product"}],"replies":[{"embeddable":true,"href":"https:\/\/nordicmart.andreevmaster.com\/da\/wp-json\/wp\/v2\/comments?post=20585"}],"wp:attachment":[{"href":"https:\/\/nordicmart.andreevmaster.com\/da\/wp-json\/wp\/v2\/media?parent=20585"}],"wp:term":[{"taxonomy":"product_brand","embeddable":true,"href":"https:\/\/nordicmart.andreevmaster.com\/da\/wp-json\/wp\/v2\/product_brand?post=20585"},{"taxonomy":"product_cat","embeddable":true,"href":"https:\/\/nordicmart.andreevmaster.com\/da\/wp-json\/wp\/v2\/product_cat?post=20585"},{"taxonomy":"product_tag","embeddable":true,"href":"https:\/\/nordicmart.andreevmaster.com\/da\/wp-json\/wp\/v2\/product_tag?post=20585"}],"curies":[{"name":"wp","href":"https:\/\/api.w.org\/{rel}","templated":true}]}}