{"id":20584,"date":"2026-02-27T00:09:05","date_gmt":"2026-02-27T00:09:05","guid":{"rendered":"https:\/\/nordicmart.andreevmaster.com\/product\/classic-world-edu-traelegeplads-xl-montessori-klatrestige-saet\/"},"modified":"2026-02-27T08:53:54","modified_gmt":"2026-02-27T08:53:54","slug":"classic-world-edu-traelegeplads-xl-montessori-klatrestige-saet","status":"publish","type":"product","link":"https:\/\/nordicmart.andreevmaster.com\/da\/vare\/classic-world-edu-traelegeplads-xl-montessori-klatrestige-saet\/","title":{"rendered":"CLASSIC WORLD EDU Tr\u00e6legeplads XL Montessori klatrestige-s\u00e6t"},"content":{"rendered":"<p>## Classic World tr\u00e6legeplads \u2013 klatring, balance, udvikling og sjov!<\/p>\n<p>Oplev den fascinerende verden af klatring og sjov med Classic World-s\u00e6ttet! Disse alsidige stiger er perfekte til b\u00e5de indend\u00f8rs og udend\u00f8rs leg. Alle b\u00f8rn vil elske at klatre og balancere, hvilket ikke kun er sjovt, men ogs\u00e5 i h\u00f8j grad underst\u00f8tter udviklingen af motoriske f\u00e6rdigheder, koordination og kreativitet. Disse alsidige stiger er perfekte til b\u00e5de hjemmet og til sjove stunder i haven eller p\u00e5 legepladsen.<\/p>\n<p>Egenskaber:<\/p>\n<p>* &#8211; S\u00e6ttet best\u00e5r af 3 klatrestiger, herunder en med klatretove<br \/>\n* &#8211; Fuldst\u00e6ndig frihed til at konfigurere: Takket v\u00e6re den justerbare h\u00f8jde og muligheden for at placere de to sidestiger, som du \u00f8nsker, kan du tilpasse s\u00e6ttet til dit barns alder og evner ved at fastg\u00f8re dem i forskellige h\u00f8jder.* &#8211; Naturlige, sikre materialer \u2013 robuste, holdbare og b\u00f8rnevenlige<br \/>\n* &#8211; Alsidig anvendelse: Ideel til b\u00f8rnev\u00e6relset, haven og legerummet, s\u00e5 der kan leges aktivt overalt<\/p>\n<p>Leget\u00f8jet udvikler:<\/p>\n<p>* &#8211; Styrker musklerne, forbedrer motorisk koordination og generel fysisk kondition<br \/>\n* &#8211; Tr\u00e6ner det vestibul\u00e6re system, der er ansvarligt for balance og h\u00e5nd-\u00f8je-koordination<br \/>\n* &#8211; L\u00e6rer logisk t\u00e6nkning og probleml\u00f8sning<br \/>\n* &#8211; Kreativitet og fantasi<br \/>\n* &#8211; L\u00e6rer bev\u00e6gelsesplanl\u00e6gning, valg af successive trin for at gribe fat og vurdering af afstand, hvilket underst\u00f8tter udviklingen af rumlig t\u00e6nkning og orientering i rummet<\/p>\n<p>\u2757 Produktet er lavet af impr\u00e6gneret finsk fyrretr\u00e6, som er ideelt til udend\u00f8rs brug. En n\u00f8glefaktor, der adskiller produktet fra konkurrenterne \u2757<\/p>\n","protected":false},"excerpt":{"rendered":"<p>## Classic World tr\u00e6legeplads \u2013 klatring, balance, udvikling og sjov! Oplev den fascinerende verden af klatring og sjov med Classic World-s\u00e6ttet! Disse alsidige stiger er perfekte til b\u00e5de indend\u00f8rs og udend\u00f8rs leg. Alle b\u00f8rn vil elske at klatre og balancere, hvilket ikke kun er sjovt, men ogs\u00e5 i h\u00f8j grad underst\u00f8tter udviklingen af motoriske f\u00e6rdigheder, [&hellip;]<\/p>\n","protected":false},"featured_media":0,"comment_status":"open","ping_status":"closed","template":"","meta":[],"product_brand":[],"product_cat":[31],"product_tag":[],"class_list":{"0":"post-20584","1":"product","2":"type-product","3":"status-publish","5":"product_cat-uncategorized-da","7":"first","8":"instock","9":"shipping-taxable","10":"purchasable","11":"product-type-simple"},"_links":{"self":[{"href":"https:\/\/nordicmart.andreevmaster.com\/da\/wp-json\/wp\/v2\/product\/20584","targetHints":{"allow":["GET"]}}],"collection":[{"href":"https:\/\/nordicmart.andreevmaster.com\/da\/wp-json\/wp\/v2\/product"}],"about":[{"href":"https:\/\/nordicmart.andreevmaster.com\/da\/wp-json\/wp\/v2\/types\/product"}],"replies":[{"embeddable":true,"href":"https:\/\/nordicmart.andreevmaster.com\/da\/wp-json\/wp\/v2\/comments?post=20584"}],"wp:attachment":[{"href":"https:\/\/nordicmart.andreevmaster.com\/da\/wp-json\/wp\/v2\/media?parent=20584"}],"wp:term":[{"taxonomy":"product_brand","embeddable":true,"href":"https:\/\/nordicmart.andreevmaster.com\/da\/wp-json\/wp\/v2\/product_brand?post=20584"},{"taxonomy":"product_cat","embeddable":true,"href":"https:\/\/nordicmart.andreevmaster.com\/da\/wp-json\/wp\/v2\/product_cat?post=20584"},{"taxonomy":"product_tag","embeddable":true,"href":"https:\/\/nordicmart.andreevmaster.com\/da\/wp-json\/wp\/v2\/product_tag?post=20584"}],"curies":[{"name":"wp","href":"https:\/\/api.w.org\/{rel}","templated":true}]}}