{"id":20583,"date":"2026-02-27T00:09:05","date_gmt":"2026-02-27T00:09:05","guid":{"rendered":"https:\/\/nordicmart.andreevmaster.com\/product\/classic-world-edu-traebalancebom-xxl-motor-skills-path\/"},"modified":"2026-02-27T08:53:54","modified_gmt":"2026-02-27T08:53:54","slug":"classic-world-edu-traebalancebom-xxl-motor-skills-path","status":"publish","type":"product","link":"https:\/\/nordicmart.andreevmaster.com\/da\/vare\/classic-world-edu-traebalancebom-xxl-motor-skills-path\/","title":{"rendered":"CLASSIC WORLD EDU Tr\u00e6balancebom XXL Motor Skills Path"},"content":{"rendered":"<p>Classic World Edu tr\u00e6bane til sm\u00e5 akrobater Fysisk aktivitet er et vigtigt element i ethvert barns sunde udvikling \u2013 derfor er det vigtigt at sikre, at de f\u00e5r motion p\u00e5 en attraktiv og sikker m\u00e5de! Classic World Edu tr\u00e6bane til sm\u00e5 akrobater er den perfekte l\u00f8sning \u2013 holdbar, modulopbygget og b\u00f8rnevenlig. Den giver masser af sjov, underst\u00f8tter motorisk udvikling og er tilg\u00e6ngelig for alle \u2013 derhjemme, i haven eller i b\u00f8rnehaven. <\/p>\n<p>S\u00c6TTET INDEHOLDER:<\/p>\n<p>* &#8211; 10 platforme<br \/>\n* &#8211; 4 forbindelsesstykker<\/p>\n<p>Egenskaber:<\/p>\n<p>* &#8211; Perfekt til haven, hjemmet og b\u00f8rnehaven! &#8211; S\u00e6ttet kan arrangeres i forskellige konfigurationer og h\u00f8jder ved at forbinde platformene<br \/>\n* &#8211; Modul\u00e6rt design \u2013 ethvert layout: lige linjer, sving, sl\u00f8jfer<br \/>\n* &#8211; Banen er en investering i sund udvikling, aktivitet og gl\u00e6de \u2013 i mange \u00e5r fremover!* &#8211; Udvikling gennem leg \u2013 underst\u00f8tter balance, koordination og kropsstabilisering<br \/>\n* &#8211; Naturlige materialer \u2013 massivt tr\u00e6, afrundede kanter, sikkerhed bekr\u00e6ftet af certifikater<\/p>\n<p>\u2757 Produktet er fremstillet af impr\u00e6gneret finsk fyrretr\u00e6, som er ideelt til udend\u00f8rs brug. Dette er en afg\u00f8rende faktor, der adskiller produktet fra konkurrenterne. \u2757<\/p>\n","protected":false},"excerpt":{"rendered":"<p>Classic World Edu tr\u00e6bane til sm\u00e5 akrobater Fysisk aktivitet er et vigtigt element i ethvert barns sunde udvikling \u2013 derfor er det vigtigt at sikre, at de f\u00e5r motion p\u00e5 en attraktiv og sikker m\u00e5de! Classic World Edu tr\u00e6bane til sm\u00e5 akrobater er den perfekte l\u00f8sning \u2013 holdbar, modulopbygget og b\u00f8rnevenlig. Den giver masser af [&hellip;]<\/p>\n","protected":false},"featured_media":0,"comment_status":"open","ping_status":"closed","template":"","meta":[],"product_brand":[],"product_cat":[31],"product_tag":[],"class_list":{"0":"post-20583","1":"product","2":"type-product","3":"status-publish","5":"product_cat-uncategorized-da","7":"first","8":"instock","9":"shipping-taxable","10":"purchasable","11":"product-type-simple"},"_links":{"self":[{"href":"https:\/\/nordicmart.andreevmaster.com\/da\/wp-json\/wp\/v2\/product\/20583","targetHints":{"allow":["GET"]}}],"collection":[{"href":"https:\/\/nordicmart.andreevmaster.com\/da\/wp-json\/wp\/v2\/product"}],"about":[{"href":"https:\/\/nordicmart.andreevmaster.com\/da\/wp-json\/wp\/v2\/types\/product"}],"replies":[{"embeddable":true,"href":"https:\/\/nordicmart.andreevmaster.com\/da\/wp-json\/wp\/v2\/comments?post=20583"}],"wp:attachment":[{"href":"https:\/\/nordicmart.andreevmaster.com\/da\/wp-json\/wp\/v2\/media?parent=20583"}],"wp:term":[{"taxonomy":"product_brand","embeddable":true,"href":"https:\/\/nordicmart.andreevmaster.com\/da\/wp-json\/wp\/v2\/product_brand?post=20583"},{"taxonomy":"product_cat","embeddable":true,"href":"https:\/\/nordicmart.andreevmaster.com\/da\/wp-json\/wp\/v2\/product_cat?post=20583"},{"taxonomy":"product_tag","embeddable":true,"href":"https:\/\/nordicmart.andreevmaster.com\/da\/wp-json\/wp\/v2\/product_tag?post=20583"}],"curies":[{"name":"wp","href":"https:\/\/api.w.org\/{rel}","templated":true}]}}