{"id":20582,"date":"2026-02-27T00:09:04","date_gmt":"2026-02-27T00:09:04","guid":{"rendered":"https:\/\/nordicmart.andreevmaster.com\/product\/classic-world-edu-mega-building-blocks-soft-eva-building-bricks-55-stk\/"},"modified":"2026-02-27T08:53:54","modified_gmt":"2026-02-27T08:53:54","slug":"classic-world-edu-mega-building-blocks-soft-eva-building-bricks-55-stk","status":"publish","type":"product","link":"https:\/\/nordicmart.andreevmaster.com\/da\/vare\/classic-world-edu-mega-building-blocks-soft-eva-building-bricks-55-stk\/","title":{"rendered":"CLASSIC WORLD EDU Mega Building Blocks Soft EVA Building Bricks 55 stk."},"content":{"rendered":"<p>EVA-klodser fra Classic World er det perfekte tilbeh\u00f8r til udend\u00f8rs leg! Klodserne kan bruges til at bygge mure og alle mulige konstruktioner, som b\u00f8rnene kan forestille sig. B\u00f8rnene kan arbejde sammen om at bygge komplekse konstruktioner. Takket v\u00e6re EVA-materialet er de bl\u00f8de og sikre for b\u00f8rn. Et produkt af h\u00f8j kvalitet, der kan modst\u00e5 udend\u00f8rs leg. <\/p>\n<p>Egenskaber: <\/p>\n<p>* &#8211; leget\u00f8j til b\u00f8rn fra 3 \u00e5r,<br \/>\n* &#8211; lavet af bl\u00f8dt EVA-materiale,<br \/>\n* &#8211; kan bruges til at bygge forskellige konstruktioner,<br \/>\n* &#8211; klodserne er det perfekte supplement til legehuset\/havepavillonen (kode: CW70157),<br \/>\n* &#8211; vi anbefaler at k\u00f8be et magasin\/beholder til opbevaring af klodser udend\u00f8rs (kode: CW70158),<br \/>\n* &#8211; sikkert for b\u00f8rn.<\/p>\n<p>Inkluderet i s\u00e6ttet:<\/p>\n<p>* &#8211; 45 hele klodser,<br \/>\n* &#8211; 10x halve klodser.<\/p>\n<p>Hus medf\u00f8lger ikke.<\/p>\n","protected":false},"excerpt":{"rendered":"<p>EVA-klodser fra Classic World er det perfekte tilbeh\u00f8r til udend\u00f8rs leg! Klodserne kan bruges til at bygge mure og alle mulige konstruktioner, som b\u00f8rnene kan forestille sig. B\u00f8rnene kan arbejde sammen om at bygge komplekse konstruktioner. Takket v\u00e6re EVA-materialet er de bl\u00f8de og sikre for b\u00f8rn. Et produkt af h\u00f8j kvalitet, der kan modst\u00e5 udend\u00f8rs [&hellip;]<\/p>\n","protected":false},"featured_media":0,"comment_status":"open","ping_status":"closed","template":"","meta":[],"product_brand":[],"product_cat":[31],"product_tag":[],"class_list":{"0":"post-20582","1":"product","2":"type-product","3":"status-publish","5":"product_cat-uncategorized-da","7":"first","8":"instock","9":"shipping-taxable","10":"purchasable","11":"product-type-simple"},"_links":{"self":[{"href":"https:\/\/nordicmart.andreevmaster.com\/da\/wp-json\/wp\/v2\/product\/20582","targetHints":{"allow":["GET"]}}],"collection":[{"href":"https:\/\/nordicmart.andreevmaster.com\/da\/wp-json\/wp\/v2\/product"}],"about":[{"href":"https:\/\/nordicmart.andreevmaster.com\/da\/wp-json\/wp\/v2\/types\/product"}],"replies":[{"embeddable":true,"href":"https:\/\/nordicmart.andreevmaster.com\/da\/wp-json\/wp\/v2\/comments?post=20582"}],"wp:attachment":[{"href":"https:\/\/nordicmart.andreevmaster.com\/da\/wp-json\/wp\/v2\/media?parent=20582"}],"wp:term":[{"taxonomy":"product_brand","embeddable":true,"href":"https:\/\/nordicmart.andreevmaster.com\/da\/wp-json\/wp\/v2\/product_brand?post=20582"},{"taxonomy":"product_cat","embeddable":true,"href":"https:\/\/nordicmart.andreevmaster.com\/da\/wp-json\/wp\/v2\/product_cat?post=20582"},{"taxonomy":"product_tag","embeddable":true,"href":"https:\/\/nordicmart.andreevmaster.com\/da\/wp-json\/wp\/v2\/product_tag?post=20582"}],"curies":[{"name":"wp","href":"https:\/\/api.w.org\/{rel}","templated":true}]}}