{"id":20581,"date":"2026-02-27T00:09:04","date_gmt":"2026-02-27T00:09:04","guid":{"rendered":"https:\/\/nordicmart.andreevmaster.com\/product\/classic-world-edu-traeopbevaringsbeholder-til-haven\/"},"modified":"2026-02-27T08:53:53","modified_gmt":"2026-02-27T08:53:53","slug":"classic-world-edu-traeopbevaringsbeholder-til-haven","status":"publish","type":"product","link":"https:\/\/nordicmart.andreevmaster.com\/da\/vare\/classic-world-edu-traeopbevaringsbeholder-til-haven\/","title":{"rendered":"CLASSIC WORLD EDU Tr\u00e6opbevaringsbeholder til haven"},"content":{"rendered":"<p>Denne opbevaringskasse fra det kendte m\u00e6rke Classic World er det perfekte tilbeh\u00f8r til enhver legeplads! Produktet er fremstillet af tr\u00e6 af h\u00f8j kvalitet og malet med giftfri impr\u00e6gnering, som er helt sikker for b\u00f8rn. Ideel til opbevaring af haveleget\u00f8j. Den har tag og camouflagegardin. Produkt af h\u00f8j kvalitet.<\/p>\n<p>Egenskaber:<\/p>\n<p>* &#8211; leget\u00f8j til b\u00f8rn fra 3 \u00e5r,<br \/>\n* &#8211; opbevaringsenhed til haveleget\u00f8j,<br \/>\n* &#8211; har tag og camouflagegardin,<br \/>\n* &#8211; ideel til opbevaring af EVA-klodser (kode: CW70158),<br \/>\n* &#8211; lavet af tr\u00e6 af h\u00f8j kvalitet,<br \/>\n* &#8211; malet med giftfri impr\u00e6gnering,<br \/>\n* &#8211; uendelig sjov,<br \/>\n* &#8211; det perfekte supplement til enhver legeplads.<\/p>\n<p>Der er anvendt impr\u00e6gneret fyrretr\u00e6 for at sikre de bedste egenskaber i et udend\u00f8rs milj\u00f8. Takket v\u00e6re impr\u00e6gneringen er tr\u00e6et modstandsdygtigt over for vejrforhold, hvilket garanterer dets holdbarhed og \u00e6stetiske udseende i mange \u00e5r. Denne l\u00f8sning adskiller produktet fra l\u00f8sninger, der bruges i konkurrerende produkter.<\/p>\n<p>\u00d8ko-leget\u00f8j er designet til de yngste b\u00f8rn og er lavet af helt naturlige, biologisk nedbrydelige og allergivenlige materialer, hvilket g\u00f8r dem 100 % sikre og ufarlige, ikke kun for milj\u00f8et, men ogs\u00e5 for dit barn.<\/p>\n<p>Ingen klodser medf\u00f8lger.<\/p>\n","protected":false},"excerpt":{"rendered":"<p>Denne opbevaringskasse fra det kendte m\u00e6rke Classic World er det perfekte tilbeh\u00f8r til enhver legeplads! Produktet er fremstillet af tr\u00e6 af h\u00f8j kvalitet og malet med giftfri impr\u00e6gnering, som er helt sikker for b\u00f8rn. Ideel til opbevaring af haveleget\u00f8j. Den har tag og camouflagegardin. Produkt af h\u00f8j kvalitet. Egenskaber: * &#8211; leget\u00f8j til b\u00f8rn fra [&hellip;]<\/p>\n","protected":false},"featured_media":0,"comment_status":"open","ping_status":"closed","template":"","meta":[],"product_brand":[],"product_cat":[31],"product_tag":[],"class_list":{"0":"post-20581","1":"product","2":"type-product","3":"status-publish","5":"product_cat-uncategorized-da","7":"first","8":"instock","9":"shipping-taxable","10":"purchasable","11":"product-type-simple"},"_links":{"self":[{"href":"https:\/\/nordicmart.andreevmaster.com\/da\/wp-json\/wp\/v2\/product\/20581","targetHints":{"allow":["GET"]}}],"collection":[{"href":"https:\/\/nordicmart.andreevmaster.com\/da\/wp-json\/wp\/v2\/product"}],"about":[{"href":"https:\/\/nordicmart.andreevmaster.com\/da\/wp-json\/wp\/v2\/types\/product"}],"replies":[{"embeddable":true,"href":"https:\/\/nordicmart.andreevmaster.com\/da\/wp-json\/wp\/v2\/comments?post=20581"}],"wp:attachment":[{"href":"https:\/\/nordicmart.andreevmaster.com\/da\/wp-json\/wp\/v2\/media?parent=20581"}],"wp:term":[{"taxonomy":"product_brand","embeddable":true,"href":"https:\/\/nordicmart.andreevmaster.com\/da\/wp-json\/wp\/v2\/product_brand?post=20581"},{"taxonomy":"product_cat","embeddable":true,"href":"https:\/\/nordicmart.andreevmaster.com\/da\/wp-json\/wp\/v2\/product_cat?post=20581"},{"taxonomy":"product_tag","embeddable":true,"href":"https:\/\/nordicmart.andreevmaster.com\/da\/wp-json\/wp\/v2\/product_tag?post=20581"}],"curies":[{"name":"wp","href":"https:\/\/api.w.org\/{rel}","templated":true}]}}