{"id":20580,"date":"2026-02-27T00:09:04","date_gmt":"2026-02-27T00:09:04","guid":{"rendered":"https:\/\/nordicmart.andreevmaster.com\/product\/classic-world-edu-xxl-trommesaet-2-stk-havepercussioninstrument\/"},"modified":"2026-02-27T08:53:53","modified_gmt":"2026-02-27T08:53:53","slug":"classic-world-edu-xxl-trommesaet-2-stk-havepercussioninstrument","status":"publish","type":"product","link":"https:\/\/nordicmart.andreevmaster.com\/da\/vare\/classic-world-edu-xxl-trommesaet-2-stk-havepercussioninstrument\/","title":{"rendered":"CLASSIC WORLD EDU XXL Trommes\u00e6t, 2 stk. Havepercussioninstrument"},"content":{"rendered":"<p>To store trommer fra CLASSIC WORLDs EDU-serie vil fylde din have, legeplads eller ethvert udend\u00f8rs omr\u00e5de med musik! Dette vidunderlige instrument er en fantastisk m\u00e5de for b\u00f8rn i alle aldre at komponere harmonier og rytmer p\u00e5. Det giver ogs\u00e5 mulighed for selvudfoldelse gennem komposition, hvilket vil have en positiv indvirkning p\u00e5 dit barns mod og selvtillid. To b\u00f8rn kan spille p\u00e5 \u00e9n tromme p\u00e5 samme tid, p\u00e5 begge sider. S\u00e6ttet indeholder 4 trommestikker, der nemt kan opbevares nedenunder. Fremstillet af h\u00f8jkvalitets vejrbestandigt tr\u00e6 fra b\u00e6redygtige kilder. <\/p>\n<p>Egenskaber:<\/p>\n<p>* &#8211; leget\u00f8j til b\u00f8rn fra 3 \u00e5r og opefter,<br \/>\n* &#8211; S\u00e6ttet indeholder 2 trommer \u2013 hver af dem er dobbeltsidet, hvilket giver dig 4 forskellige spilleflader<br \/>\n* &#8211; lavet af materialer af h\u00f8j kvalitet,<br \/>\n* &#8211; malet med giftfri impr\u00e6gnering,<br \/>\n* &#8211; uendelig sjov,<br \/>\n* &#8211; det perfekte supplement til enhver legeplads.<\/p>\n<p>Leget\u00f8jet udvikler:<\/p>\n<p>* &#8211; sanserne,<br \/>\n* &#8211; mod og selvtillid.<\/p>\n<p>\u00d8ko-leget\u00f8j er designet til de yngste b\u00f8rn og er fremstillet af helt naturlige, biologisk nedbrydelige og allergivenlige materialer, hvilket g\u00f8r det 100 % sikkert og ufarligt, ikke kun for milj\u00f8et, men ogs\u00e5 for dit barn.<\/p>\n","protected":false},"excerpt":{"rendered":"<p>To store trommer fra CLASSIC WORLDs EDU-serie vil fylde din have, legeplads eller ethvert udend\u00f8rs omr\u00e5de med musik! Dette vidunderlige instrument er en fantastisk m\u00e5de for b\u00f8rn i alle aldre at komponere harmonier og rytmer p\u00e5. Det giver ogs\u00e5 mulighed for selvudfoldelse gennem komposition, hvilket vil have en positiv indvirkning p\u00e5 dit barns mod og [&hellip;]<\/p>\n","protected":false},"featured_media":0,"comment_status":"open","ping_status":"closed","template":"","meta":[],"product_brand":[],"product_cat":[31],"product_tag":[],"class_list":{"0":"post-20580","1":"product","2":"type-product","3":"status-publish","5":"product_cat-uncategorized-da","7":"first","8":"instock","9":"shipping-taxable","10":"purchasable","11":"product-type-simple"},"_links":{"self":[{"href":"https:\/\/nordicmart.andreevmaster.com\/da\/wp-json\/wp\/v2\/product\/20580","targetHints":{"allow":["GET"]}}],"collection":[{"href":"https:\/\/nordicmart.andreevmaster.com\/da\/wp-json\/wp\/v2\/product"}],"about":[{"href":"https:\/\/nordicmart.andreevmaster.com\/da\/wp-json\/wp\/v2\/types\/product"}],"replies":[{"embeddable":true,"href":"https:\/\/nordicmart.andreevmaster.com\/da\/wp-json\/wp\/v2\/comments?post=20580"}],"wp:attachment":[{"href":"https:\/\/nordicmart.andreevmaster.com\/da\/wp-json\/wp\/v2\/media?parent=20580"}],"wp:term":[{"taxonomy":"product_brand","embeddable":true,"href":"https:\/\/nordicmart.andreevmaster.com\/da\/wp-json\/wp\/v2\/product_brand?post=20580"},{"taxonomy":"product_cat","embeddable":true,"href":"https:\/\/nordicmart.andreevmaster.com\/da\/wp-json\/wp\/v2\/product_cat?post=20580"},{"taxonomy":"product_tag","embeddable":true,"href":"https:\/\/nordicmart.andreevmaster.com\/da\/wp-json\/wp\/v2\/product_tag?post=20580"}],"curies":[{"name":"wp","href":"https:\/\/api.w.org\/{rel}","templated":true}]}}