{"id":20579,"date":"2026-02-27T00:09:04","date_gmt":"2026-02-27T00:09:04","guid":{"rendered":"https:\/\/nordicmart.andreevmaster.com\/product\/classic-world-edu-store-klokker-til-born\/"},"modified":"2026-02-27T08:53:53","modified_gmt":"2026-02-27T08:53:53","slug":"classic-world-edu-store-klokker-til-born","status":"publish","type":"product","link":"https:\/\/nordicmart.andreevmaster.com\/da\/vare\/classic-world-edu-store-klokker-til-born\/","title":{"rendered":"CLASSIC WORLD EDU Store klokker til b\u00f8rn"},"content":{"rendered":"<p>De store klokker fra CLASSIC WORLDs EDU-serie vil fylde din have, legeplads eller ethvert udend\u00f8rs omr\u00e5de med musik! Dette vidunderlige instrument er en fantastisk m\u00e5de for b\u00f8rn i alle aldre at komponere harmonier og rytmer p\u00e5. Derudover skaber det muligheder for selvudfoldelse gennem komposition, hvilket vil have en positiv indvirkning p\u00e5 dit barns mod og selvtillid. P\u00e5 den ene side af instrumenterne er der eksempler p\u00e5 kompositioner, der vil introducere dit barn til at skabe sine egne melodier senere. Lavet af h\u00f8jkvalitets vejrbestandigt tr\u00e6 fra b\u00e6redygtige kilder.<\/p>\n<p>Egenskaber:<\/p>\n<p>* &#8211; leget\u00f8j til b\u00f8rn fra 3 \u00e5r og opefter,<br \/>\n* &#8211; fra den specielle EDU-serie,<br \/>\n* &#8211; viser eksempler p\u00e5 kompositioner &#8211; l\u00e6rer,<br \/>\n* &#8211; s\u00e6t fremstillet af materialer af h\u00f8jeste kvalitet &#8211; vejrbestandigt!<\/p>\n<p>Leget\u00f8jet udvikler:<\/p>\n<p>* &#8211; sanserne,<br \/>\n* &#8211; mod og selvtillid.<\/p>\n<p>\u00d8ko-leget\u00f8j er designet til de yngste b\u00f8rn og er fremstillet af helt naturlige, biologisk nedbrydelige og allergivenlige materialer, hvilket g\u00f8r dem 100 % sikre og ufarlige, ikke kun for milj\u00f8et, men ogs\u00e5 for dit barn.<\/p>\n","protected":false},"excerpt":{"rendered":"<p>De store klokker fra CLASSIC WORLDs EDU-serie vil fylde din have, legeplads eller ethvert udend\u00f8rs omr\u00e5de med musik! Dette vidunderlige instrument er en fantastisk m\u00e5de for b\u00f8rn i alle aldre at komponere harmonier og rytmer p\u00e5. Derudover skaber det muligheder for selvudfoldelse gennem komposition, hvilket vil have en positiv indvirkning p\u00e5 dit barns mod og [&hellip;]<\/p>\n","protected":false},"featured_media":0,"comment_status":"open","ping_status":"closed","template":"","meta":[],"product_brand":[],"product_cat":[31],"product_tag":[],"class_list":{"0":"post-20579","1":"product","2":"type-product","3":"status-publish","5":"product_cat-uncategorized-da","7":"first","8":"instock","9":"shipping-taxable","10":"purchasable","11":"product-type-simple"},"_links":{"self":[{"href":"https:\/\/nordicmart.andreevmaster.com\/da\/wp-json\/wp\/v2\/product\/20579","targetHints":{"allow":["GET"]}}],"collection":[{"href":"https:\/\/nordicmart.andreevmaster.com\/da\/wp-json\/wp\/v2\/product"}],"about":[{"href":"https:\/\/nordicmart.andreevmaster.com\/da\/wp-json\/wp\/v2\/types\/product"}],"replies":[{"embeddable":true,"href":"https:\/\/nordicmart.andreevmaster.com\/da\/wp-json\/wp\/v2\/comments?post=20579"}],"wp:attachment":[{"href":"https:\/\/nordicmart.andreevmaster.com\/da\/wp-json\/wp\/v2\/media?parent=20579"}],"wp:term":[{"taxonomy":"product_brand","embeddable":true,"href":"https:\/\/nordicmart.andreevmaster.com\/da\/wp-json\/wp\/v2\/product_brand?post=20579"},{"taxonomy":"product_cat","embeddable":true,"href":"https:\/\/nordicmart.andreevmaster.com\/da\/wp-json\/wp\/v2\/product_cat?post=20579"},{"taxonomy":"product_tag","embeddable":true,"href":"https:\/\/nordicmart.andreevmaster.com\/da\/wp-json\/wp\/v2\/product_tag?post=20579"}],"curies":[{"name":"wp","href":"https:\/\/api.w.org\/{rel}","templated":true}]}}