{"id":20578,"date":"2026-02-27T00:09:04","date_gmt":"2026-02-27T00:09:04","guid":{"rendered":"https:\/\/nordicmart.andreevmaster.com\/product\/classic-world-edu-musikinstrument-xylofon-store-baekkener\/"},"modified":"2026-02-27T08:53:53","modified_gmt":"2026-02-27T08:53:53","slug":"classic-world-edu-musikinstrument-xylofon-store-baekkener","status":"publish","type":"product","link":"https:\/\/nordicmart.andreevmaster.com\/da\/vare\/classic-world-edu-musikinstrument-xylofon-store-baekkener\/","title":{"rendered":"CLASSIC WORLD EDU Musikinstrument Xylofon Store b\u00e6kkener"},"content":{"rendered":"<p>CLASSIC WORLD metalofon fra EDU-serien vil fylde ethvert udend\u00f8rs rum, s\u00e5som en have eller legeplads, med musik! Et charmerende instrument, der hj\u00e6lper b\u00f8rn med at udvikle deres musikalske kreativitet! Dette vidunderlige instrument er en fantastisk m\u00e5de for b\u00f8rn i alle aldre at komponere harmonier og rytmer p\u00e5. Det giver dem ogs\u00e5 mulighed for at udtrykke sig gennem komposition, hvilket vil \u00f8ge deres selvtillid og selvv\u00e6rd. S\u00e6ttet indeholder to hamre, der nemt kan opbevares p\u00e5 siden. Fremstillet af h\u00f8jkvalitets, vejrbestandigt tr\u00e6 fra b\u00e6redygtige kilder. <\/p>\n<p>Egenskaber:<\/p>\n<p>* &#8211; leget\u00f8j til b\u00f8rn fra 3 \u00e5r,<br \/>\n* &#8211; fra den specielle EDU-serie,<br \/>\n* &#8211; et charmerende redskab, der hj\u00e6lper b\u00f8rn med at udvikle deres musikalske kreativitet,<br \/>\n* &#8211; s\u00e6t fremstillet af materialer af h\u00f8jeste kvalitet \u2013 vejrbestandigt!<\/p>\n<p>Leget\u00f8jet udvikler:<\/p>\n<p>* &#8211; sanserne,<br \/>\n* &#8211; mod og selvtillid.<\/p>\n<p>\u00d8ko-leget\u00f8j er designet til de yngste b\u00f8rn og er fremstillet af helt naturlige, biologisk nedbrydelige og allergivenlige materialer, hvilket g\u00f8r det 100 % sikkert og ufarligt, ikke kun for milj\u00f8et, men ogs\u00e5 for dit barn.<\/p>\n","protected":false},"excerpt":{"rendered":"<p>CLASSIC WORLD metalofon fra EDU-serien vil fylde ethvert udend\u00f8rs rum, s\u00e5som en have eller legeplads, med musik! Et charmerende instrument, der hj\u00e6lper b\u00f8rn med at udvikle deres musikalske kreativitet! Dette vidunderlige instrument er en fantastisk m\u00e5de for b\u00f8rn i alle aldre at komponere harmonier og rytmer p\u00e5. Det giver dem ogs\u00e5 mulighed for at udtrykke [&hellip;]<\/p>\n","protected":false},"featured_media":0,"comment_status":"open","ping_status":"closed","template":"","meta":[],"product_brand":[],"product_cat":[31],"product_tag":[],"class_list":{"0":"post-20578","1":"product","2":"type-product","3":"status-publish","5":"product_cat-uncategorized-da","7":"first","8":"instock","9":"shipping-taxable","10":"purchasable","11":"product-type-simple"},"_links":{"self":[{"href":"https:\/\/nordicmart.andreevmaster.com\/da\/wp-json\/wp\/v2\/product\/20578","targetHints":{"allow":["GET"]}}],"collection":[{"href":"https:\/\/nordicmart.andreevmaster.com\/da\/wp-json\/wp\/v2\/product"}],"about":[{"href":"https:\/\/nordicmart.andreevmaster.com\/da\/wp-json\/wp\/v2\/types\/product"}],"replies":[{"embeddable":true,"href":"https:\/\/nordicmart.andreevmaster.com\/da\/wp-json\/wp\/v2\/comments?post=20578"}],"wp:attachment":[{"href":"https:\/\/nordicmart.andreevmaster.com\/da\/wp-json\/wp\/v2\/media?parent=20578"}],"wp:term":[{"taxonomy":"product_brand","embeddable":true,"href":"https:\/\/nordicmart.andreevmaster.com\/da\/wp-json\/wp\/v2\/product_brand?post=20578"},{"taxonomy":"product_cat","embeddable":true,"href":"https:\/\/nordicmart.andreevmaster.com\/da\/wp-json\/wp\/v2\/product_cat?post=20578"},{"taxonomy":"product_tag","embeddable":true,"href":"https:\/\/nordicmart.andreevmaster.com\/da\/wp-json\/wp\/v2\/product_tag?post=20578"}],"curies":[{"name":"wp","href":"https:\/\/api.w.org\/{rel}","templated":true}]}}