{"id":20576,"date":"2026-02-27T00:09:03","date_gmt":"2026-02-27T00:09:03","guid":{"rendered":"https:\/\/nordicmart.andreevmaster.com\/product\/classic-world-edu-legeplads-vandlegetoj-molle\/"},"modified":"2026-02-27T08:53:53","modified_gmt":"2026-02-27T08:53:53","slug":"classic-world-edu-legeplads-vandlegetoj-molle","status":"publish","type":"product","link":"https:\/\/nordicmart.andreevmaster.com\/da\/vare\/classic-world-edu-legeplads-vandlegetoj-molle\/","title":{"rendered":"CLASSIC WORLD EDU Legeplads Vandleget\u00f8j M\u00f8lle"},"content":{"rendered":"<p>Dette vandleget\u00f8j til b\u00f8rn fra det kendte m\u00e6rke Classic World er det perfekte tilbeh\u00f8r til din sandkasse! Produktet er lavet af tr\u00e6 af h\u00f8j kvalitet og malet med giftfri impr\u00e6gnering, som er helt sikkert for b\u00f8rn. Fyld blot tragtene med vand og se det l\u00f8be ned til hjulet, s\u00e5 det begynder at dreje. Produktet udvikler b\u00f8rns fantasi, opfattelsesevne og logiske t\u00e6nkning.<\/p>\n<p>Egenskaber:<\/p>\n<p>* &#8211; fra 3 \u00e5r,<br \/>\n* &#8211; lavet af tr\u00e6 af h\u00f8j kvalitet,<br \/>\n* &#8211; malet med giftfri impr\u00e6gnering,<br \/>\n* &#8211; uendelig sjov,<br \/>\n* &#8211; det perfekte tilbeh\u00f8r til sandkassen eller haven.<\/p>\n<p>Leget\u00f8jet udvikler:<\/p>\n<p>* &#8211; manuelle f\u00e6rdigheder,<br \/>\n* &#8211; logisk t\u00e6nkning,<br \/>\n* &#8211; fantasi,<br \/>\n* &#8211; kreativitet.<\/p>\n<p>Der er anvendt impr\u00e6gneret fyrretr\u00e6 for at sikre de bedste egenskaber i udend\u00f8rs milj\u00f8er. Takket v\u00e6re impr\u00e6gneringen er tr\u00e6et modstandsdygtigt over for vejrforhold, hvilket garanterer dets holdbarhed og \u00e6stetiske udseende i mange \u00e5r. Denne l\u00f8sning adskiller produktet fra l\u00f8sninger, der bruges i konkurrerende produkter.<\/p>\n<p>\u00d8ko-leget\u00f8j er designet til de yngste b\u00f8rn og er fremstillet af helt naturlige, biologisk nedbrydelige og allergivenlige materialer, hvilket g\u00f8r dem 100 % sikre og ufarlige, ikke kun for milj\u00f8et, men ogs\u00e5 for dit barn.<\/p>\n<p>Classic World-leget\u00f8j introducerer b\u00f8rn til en ny dimension af fantastisk sjov! Classic World er tr\u00e6leget\u00f8j, der er milj\u00f8venligt og designet til ikke kun at v\u00e6re sjovt, men ogs\u00e5 til at udvikle b\u00f8rns kreativitet, f\u00f8lelsesm\u00e6ssige f\u00f8lsomhed og l\u00e6re dem at f\u00e5 venner. Classic World-musikleget\u00f8j fortjener en s\u00e6rlig omtale \u2013 det hj\u00e6lper med at udvikle musikalske evner hos de yngste b\u00f8rn.<\/p>\n","protected":false},"excerpt":{"rendered":"<p>Dette vandleget\u00f8j til b\u00f8rn fra det kendte m\u00e6rke Classic World er det perfekte tilbeh\u00f8r til din sandkasse! Produktet er lavet af tr\u00e6 af h\u00f8j kvalitet og malet med giftfri impr\u00e6gnering, som er helt sikkert for b\u00f8rn. Fyld blot tragtene med vand og se det l\u00f8be ned til hjulet, s\u00e5 det begynder at dreje. Produktet udvikler [&hellip;]<\/p>\n","protected":false},"featured_media":0,"comment_status":"open","ping_status":"closed","template":"","meta":[],"product_brand":[],"product_cat":[31],"product_tag":[],"class_list":{"0":"post-20576","1":"product","2":"type-product","3":"status-publish","5":"product_cat-uncategorized-da","7":"first","8":"instock","9":"shipping-taxable","10":"purchasable","11":"product-type-simple"},"_links":{"self":[{"href":"https:\/\/nordicmart.andreevmaster.com\/da\/wp-json\/wp\/v2\/product\/20576","targetHints":{"allow":["GET"]}}],"collection":[{"href":"https:\/\/nordicmart.andreevmaster.com\/da\/wp-json\/wp\/v2\/product"}],"about":[{"href":"https:\/\/nordicmart.andreevmaster.com\/da\/wp-json\/wp\/v2\/types\/product"}],"replies":[{"embeddable":true,"href":"https:\/\/nordicmart.andreevmaster.com\/da\/wp-json\/wp\/v2\/comments?post=20576"}],"wp:attachment":[{"href":"https:\/\/nordicmart.andreevmaster.com\/da\/wp-json\/wp\/v2\/media?parent=20576"}],"wp:term":[{"taxonomy":"product_brand","embeddable":true,"href":"https:\/\/nordicmart.andreevmaster.com\/da\/wp-json\/wp\/v2\/product_brand?post=20576"},{"taxonomy":"product_cat","embeddable":true,"href":"https:\/\/nordicmart.andreevmaster.com\/da\/wp-json\/wp\/v2\/product_cat?post=20576"},{"taxonomy":"product_tag","embeddable":true,"href":"https:\/\/nordicmart.andreevmaster.com\/da\/wp-json\/wp\/v2\/product_tag?post=20576"}],"curies":[{"name":"wp","href":"https:\/\/api.w.org\/{rel}","templated":true}]}}