{"id":20575,"date":"2026-02-27T00:09:03","date_gmt":"2026-02-27T00:09:03","guid":{"rendered":"https:\/\/nordicmart.andreevmaster.com\/product\/classic-world-edu-legeplads-vandlegetoj-vandfald\/"},"modified":"2026-02-27T08:53:52","modified_gmt":"2026-02-27T08:53:52","slug":"classic-world-edu-legeplads-vandlegetoj-vandfald","status":"publish","type":"product","link":"https:\/\/nordicmart.andreevmaster.com\/da\/vare\/classic-world-edu-legeplads-vandlegetoj-vandfald\/","title":{"rendered":"CLASSIC WORLD EDU Legeplads Vandleget\u00f8j Vandfald"},"content":{"rendered":"<p>Et vandleget\u00f8j til b\u00f8rn fra det kendte m\u00e6rke Classic World. Produktet er lavet af tr\u00e6 af h\u00f8j kvalitet, malet med giftfri impr\u00e6gnering, der er helt sikkert for b\u00f8rn. Fyld bare renden med vand og se det l\u00f8be fra den ene til den anden og skabe en mini-pool. Produktet udvikler b\u00f8rns fantasi, opfattelsesevne og logiske t\u00e6nkning.<\/p>\n<p>Egenskaber:<\/p>\n<p>* &#8211; fra 3 \u00e5r<br \/>\n* &#8211; lavet af tr\u00e6 af h\u00f8j kvalitet<br \/>\n* &#8211; malet med giftfri impr\u00e6gnering<br \/>\n* &#8211; uendelig sjov<br \/>\n* &#8211; det perfekte tilbeh\u00f8r til en sandkasse eller have<\/p>\n<p>Leget\u00f8jet udvikler:<\/p>\n<p>* &#8211; manuelle f\u00e6rdigheder<br \/>\n* &#8211; logisk t\u00e6nkning<br \/>\n* &#8211; fantasi<br \/>\n* &#8211; kreativitet<\/p>\n","protected":false},"excerpt":{"rendered":"<p>Et vandleget\u00f8j til b\u00f8rn fra det kendte m\u00e6rke Classic World. Produktet er lavet af tr\u00e6 af h\u00f8j kvalitet, malet med giftfri impr\u00e6gnering, der er helt sikkert for b\u00f8rn. Fyld bare renden med vand og se det l\u00f8be fra den ene til den anden og skabe en mini-pool. Produktet udvikler b\u00f8rns fantasi, opfattelsesevne og logiske t\u00e6nkning. [&hellip;]<\/p>\n","protected":false},"featured_media":0,"comment_status":"open","ping_status":"closed","template":"","meta":[],"product_brand":[],"product_cat":[31],"product_tag":[],"class_list":{"0":"post-20575","1":"product","2":"type-product","3":"status-publish","5":"product_cat-uncategorized-da","7":"first","8":"instock","9":"shipping-taxable","10":"purchasable","11":"product-type-simple"},"_links":{"self":[{"href":"https:\/\/nordicmart.andreevmaster.com\/da\/wp-json\/wp\/v2\/product\/20575","targetHints":{"allow":["GET"]}}],"collection":[{"href":"https:\/\/nordicmart.andreevmaster.com\/da\/wp-json\/wp\/v2\/product"}],"about":[{"href":"https:\/\/nordicmart.andreevmaster.com\/da\/wp-json\/wp\/v2\/types\/product"}],"replies":[{"embeddable":true,"href":"https:\/\/nordicmart.andreevmaster.com\/da\/wp-json\/wp\/v2\/comments?post=20575"}],"wp:attachment":[{"href":"https:\/\/nordicmart.andreevmaster.com\/da\/wp-json\/wp\/v2\/media?parent=20575"}],"wp:term":[{"taxonomy":"product_brand","embeddable":true,"href":"https:\/\/nordicmart.andreevmaster.com\/da\/wp-json\/wp\/v2\/product_brand?post=20575"},{"taxonomy":"product_cat","embeddable":true,"href":"https:\/\/nordicmart.andreevmaster.com\/da\/wp-json\/wp\/v2\/product_cat?post=20575"},{"taxonomy":"product_tag","embeddable":true,"href":"https:\/\/nordicmart.andreevmaster.com\/da\/wp-json\/wp\/v2\/product_tag?post=20575"}],"curies":[{"name":"wp","href":"https:\/\/api.w.org\/{rel}","templated":true}]}}