{"id":20574,"date":"2026-02-27T00:09:03","date_gmt":"2026-02-27T00:09:03","guid":{"rendered":"https:\/\/nordicmart.andreevmaster.com\/product\/classic-world-edu-trae-staffeli-til-undervisning\/"},"modified":"2026-02-27T08:53:52","modified_gmt":"2026-02-27T08:53:52","slug":"classic-world-edu-trae-staffeli-til-undervisning","status":"publish","type":"product","link":"https:\/\/nordicmart.andreevmaster.com\/da\/vare\/classic-world-edu-trae-staffeli-til-undervisning\/","title":{"rendered":"CLASSIC WORLD EDU Tr\u00e6-staffeli til undervisning"},"content":{"rendered":"<p>Dette store tr\u00e6staffeli til alle spirende unge kunstnere fra det kendte m\u00e6rke Classic World er en fantastisk gave. Ideelt til at forbedre motoriske f\u00e6rdigheder, \u00f8ve sig i at tegne, male og skrive bogstaver. Produktet er lavet af tr\u00e6 af h\u00f8j kvalitet, malet med giftfri impr\u00e6gnering, der er helt sikkert for b\u00f8rn. Tavlen udvikler motoriske f\u00e6rdigheder og styrker barnets kreativitet. Den solide tr\u00e6konstruktion sikrer en l\u00e6ngere levetid for produktet. Staffeliet har en dobbeltsidet plexiglasplade, som g\u00f8r det muligt at male p\u00e5 begge sider. Der er en beholder p\u00e5 hylden under tavlen, hvor du kan l\u00e6gge maling for at g\u00f8re malingen nemmere.<\/p>\n<p>Egenskaber:<\/p>\n<p>* &#8211; produkt til b\u00f8rn fra 3 \u00e5r og opefter,<br \/>\n* &#8211; tegninger kan slettes,<br \/>\n* &#8211; dobbeltsidet tavle med plexiglas,<br \/>\n* &#8211; solid tr\u00e6konstruktion,<br \/>\n* &#8211; ideel til leg i haven,<br \/>\n* &#8211; velegnet til b\u00f8rnehaver og privat brug,<br \/>\n* &#8211; materialer af h\u00f8jeste kvalitet.<\/p>\n<p>Leget\u00f8jet udvikler:<\/p>\n<p>* &#8211; motoriske f\u00e6rdigheder,<br \/>\n* &#8211; kreativitet,<br \/>\n* &#8211; skrivef\u00e6rdigheder,<br \/>\n* &#8211; kunstneriske f\u00e6rdigheder.<\/p>\n<p>\u00d8ko-leget\u00f8j er designet til de yngste b\u00f8rn og er fremstillet af helt naturlige, biologisk nedbrydelige og allergivenlige materialer, hvilket g\u00f8r dem 100 % sikre og ufarlige, ikke kun for milj\u00f8et, men ogs\u00e5 for dit barn.<\/p>\n<p>Classic World-leget\u00f8j introducerer b\u00f8rn til en ny dimension af fantastisk sjov! Classic World er tr\u00e6leget\u00f8j, der er milj\u00f8venligt og designet til ikke kun at v\u00e6re sjovt, men ogs\u00e5 til at udvikle b\u00f8rns kreativitet, f\u00f8lelsesm\u00e6ssige f\u00f8lsomhed og l\u00e6re dem at f\u00e5 venner. Classic World-musikleget\u00f8j fortjener en s\u00e6rlig omtale \u2013 det hj\u00e6lper med at udvikle musikalske evner hos de yngste b\u00f8rn.<\/p>\n","protected":false},"excerpt":{"rendered":"<p>Dette store tr\u00e6staffeli til alle spirende unge kunstnere fra det kendte m\u00e6rke Classic World er en fantastisk gave. Ideelt til at forbedre motoriske f\u00e6rdigheder, \u00f8ve sig i at tegne, male og skrive bogstaver. Produktet er lavet af tr\u00e6 af h\u00f8j kvalitet, malet med giftfri impr\u00e6gnering, der er helt sikkert for b\u00f8rn. Tavlen udvikler motoriske f\u00e6rdigheder [&hellip;]<\/p>\n","protected":false},"featured_media":0,"comment_status":"open","ping_status":"closed","template":"","meta":[],"product_brand":[],"product_cat":[31],"product_tag":[],"class_list":{"0":"post-20574","1":"product","2":"type-product","3":"status-publish","5":"product_cat-uncategorized-da","7":"first","8":"instock","9":"shipping-taxable","10":"purchasable","11":"product-type-simple"},"_links":{"self":[{"href":"https:\/\/nordicmart.andreevmaster.com\/da\/wp-json\/wp\/v2\/product\/20574","targetHints":{"allow":["GET"]}}],"collection":[{"href":"https:\/\/nordicmart.andreevmaster.com\/da\/wp-json\/wp\/v2\/product"}],"about":[{"href":"https:\/\/nordicmart.andreevmaster.com\/da\/wp-json\/wp\/v2\/types\/product"}],"replies":[{"embeddable":true,"href":"https:\/\/nordicmart.andreevmaster.com\/da\/wp-json\/wp\/v2\/comments?post=20574"}],"wp:attachment":[{"href":"https:\/\/nordicmart.andreevmaster.com\/da\/wp-json\/wp\/v2\/media?parent=20574"}],"wp:term":[{"taxonomy":"product_brand","embeddable":true,"href":"https:\/\/nordicmart.andreevmaster.com\/da\/wp-json\/wp\/v2\/product_brand?post=20574"},{"taxonomy":"product_cat","embeddable":true,"href":"https:\/\/nordicmart.andreevmaster.com\/da\/wp-json\/wp\/v2\/product_cat?post=20574"},{"taxonomy":"product_tag","embeddable":true,"href":"https:\/\/nordicmart.andreevmaster.com\/da\/wp-json\/wp\/v2\/product_tag?post=20574"}],"curies":[{"name":"wp","href":"https:\/\/api.w.org\/{rel}","templated":true}]}}