{"id":20573,"date":"2026-02-27T00:09:03","date_gmt":"2026-02-27T00:09:03","guid":{"rendered":"https:\/\/nordicmart.andreevmaster.com\/product\/classic-world-edu-traevaeg-til-vandleg\/"},"modified":"2026-02-27T08:53:52","modified_gmt":"2026-02-27T08:53:52","slug":"classic-world-edu-traevaeg-til-vandleg","status":"publish","type":"product","link":"https:\/\/nordicmart.andreevmaster.com\/da\/vare\/classic-world-edu-traevaeg-til-vandleg\/","title":{"rendered":"CLASSIC WORLD EDU Tr\u00e6v\u00e6g til vandleg"},"content":{"rendered":"<p>Den tr\u00e6 &#8220;Vandlegev\u00e6g&#8221; fra det kendte m\u00e6rke Classic World er det perfekte supplement til din legeplads. Produktet er lavet af tr\u00e6 af h\u00f8j kvalitet, malet med giftfri impr\u00e6gnering, der er helt sikker for b\u00f8rn. H\u00e6ld sand p\u00e5 tr\u00e6hylden og se det l\u00f8be ned og f\u00e5 m\u00f8llen til at dreje. P\u00e5 den anden side af v\u00e6ggen er der tunneler, hvor vand kan h\u00e6ldes ned. Leget\u00f8jet vil fungere som en m\u00e5de at l\u00e6re om fremdrift og at s\u00e6tte et hjul i bev\u00e6gelse.<\/p>\n<p>Egenskaber:<\/p>\n<p>* &#8211; dobbeltsidet v\u00e6g<br \/>\n* &#8211; fremstillet af tr\u00e6 af h\u00f8j kvalitet,<br \/>\n* &#8211; malet med giftfri impr\u00e6gnering,<br \/>\n* &#8211; l\u00e6rer at s\u00e6tte hjulet i bev\u00e6gelse,<br \/>\n* &#8211; uendelig sjov,<br \/>\n* &#8211; det perfekte supplement til en sandkasse og legeplads.<\/p>\n<p>Leget\u00f8jet udvikler:<\/p>\n<p>* &#8211; manuelle f\u00e6rdigheder,<br \/>\n* &#8211; logisk t\u00e6nkning,<br \/>\n* &#8211; fantasi,<br \/>\n* &#8211; kreativitet,<br \/>\n* &#8211; teamwork.<\/p>\n<p>Der er anvendt impr\u00e6gneret fyrretr\u00e6 for at sikre de bedste egenskaber i udend\u00f8rs milj\u00f8er. Takket v\u00e6re impr\u00e6gneringen er tr\u00e6et modstandsdygtigt over for vejrforhold, hvilket garanterer dets holdbarhed og \u00e6stetiske udseende i mange \u00e5r. Denne l\u00f8sning adskiller produktet fra l\u00f8sninger, der anvendes i konkurrerende produkter.<\/p>\n<p>\u00d8ko-leget\u00f8j er designet til de yngste b\u00f8rn og er fremstillet af helt naturlige, biologisk nedbrydelige og allergivenlige materialer, hvilket g\u00f8r dem 100 % sikre og ufarlige, ikke kun for milj\u00f8et, men ogs\u00e5 for dit barn.<\/p>\n","protected":false},"excerpt":{"rendered":"<p>Den tr\u00e6 &#8220;Vandlegev\u00e6g&#8221; fra det kendte m\u00e6rke Classic World er det perfekte supplement til din legeplads. Produktet er lavet af tr\u00e6 af h\u00f8j kvalitet, malet med giftfri impr\u00e6gnering, der er helt sikker for b\u00f8rn. H\u00e6ld sand p\u00e5 tr\u00e6hylden og se det l\u00f8be ned og f\u00e5 m\u00f8llen til at dreje. P\u00e5 den anden side af v\u00e6ggen [&hellip;]<\/p>\n","protected":false},"featured_media":0,"comment_status":"open","ping_status":"closed","template":"","meta":[],"product_brand":[],"product_cat":[31],"product_tag":[],"class_list":{"0":"post-20573","1":"product","2":"type-product","3":"status-publish","5":"product_cat-uncategorized-da","7":"first","8":"instock","9":"shipping-taxable","10":"purchasable","11":"product-type-simple"},"_links":{"self":[{"href":"https:\/\/nordicmart.andreevmaster.com\/da\/wp-json\/wp\/v2\/product\/20573","targetHints":{"allow":["GET"]}}],"collection":[{"href":"https:\/\/nordicmart.andreevmaster.com\/da\/wp-json\/wp\/v2\/product"}],"about":[{"href":"https:\/\/nordicmart.andreevmaster.com\/da\/wp-json\/wp\/v2\/types\/product"}],"replies":[{"embeddable":true,"href":"https:\/\/nordicmart.andreevmaster.com\/da\/wp-json\/wp\/v2\/comments?post=20573"}],"wp:attachment":[{"href":"https:\/\/nordicmart.andreevmaster.com\/da\/wp-json\/wp\/v2\/media?parent=20573"}],"wp:term":[{"taxonomy":"product_brand","embeddable":true,"href":"https:\/\/nordicmart.andreevmaster.com\/da\/wp-json\/wp\/v2\/product_brand?post=20573"},{"taxonomy":"product_cat","embeddable":true,"href":"https:\/\/nordicmart.andreevmaster.com\/da\/wp-json\/wp\/v2\/product_cat?post=20573"},{"taxonomy":"product_tag","embeddable":true,"href":"https:\/\/nordicmart.andreevmaster.com\/da\/wp-json\/wp\/v2\/product_tag?post=20573"}],"curies":[{"name":"wp","href":"https:\/\/api.w.org\/{rel}","templated":true}]}}