{"id":20572,"date":"2026-02-27T00:09:02","date_gmt":"2026-02-27T00:09:02","guid":{"rendered":"https:\/\/nordicmart.andreevmaster.com\/product\/classic-world-edu-kokkenudstyr-i-rustfrit-stal\/"},"modified":"2026-02-27T08:53:52","modified_gmt":"2026-02-27T08:53:52","slug":"classic-world-edu-kokkenudstyr-i-rustfrit-stal","status":"publish","type":"product","link":"https:\/\/nordicmart.andreevmaster.com\/da\/vare\/classic-world-edu-kokkenudstyr-i-rustfrit-stal\/","title":{"rendered":"CLASSIC WORLD EDU K\u00f8kkenudstyr i rustfrit st\u00e5l"},"content":{"rendered":"<p>K\u00f8kkenudstyr fra CLASSIC WORLDs EDU-serie holder i generationer! Det er fremstillet af rustfrit st\u00e5l, s\u00e5 det kan bruges b\u00e5de inde og ude \u2013 n\u00e5r og hvor du vil! Det perfekte s\u00e6t til rollespil og leg derhjemme. Oplev rollespil, forbedr dine samarbejdsevner og udvikl dine sociale kommunikationsevner!<\/p>\n<p>Egenskaber:<\/p>\n<p>* &#8211; leget\u00f8j til b\u00f8rn fra 3 \u00e5r,<br \/>\n* &#8211; fra den specielle EDU-serie,<br \/>\n* &#8211; tilbeh\u00f8ret er det perfekte supplement til bordet (CW70012),<br \/>\n* &#8211; s\u00e6t fremstillet af materialer af h\u00f8jeste kvalitet!<\/p>\n<p>Leget\u00f8jet udvikler:<\/p>\n<p>* &#8211; kommunikations- og samarbejdsevner,<br \/>\n* &#8211; mod og selvtillid.<\/p>\n<p>Eco-leget\u00f8j er designet til de yngste b\u00f8rn og er fremstillet af helt naturlige, biologisk nedbrydelige og allergivenlige materialer, hvilket g\u00f8r det 100 % sikkert og ufarligt ikke kun for milj\u00f8et, men ogs\u00e5 for dit barn.<\/p>\n","protected":false},"excerpt":{"rendered":"<p>K\u00f8kkenudstyr fra CLASSIC WORLDs EDU-serie holder i generationer! Det er fremstillet af rustfrit st\u00e5l, s\u00e5 det kan bruges b\u00e5de inde og ude \u2013 n\u00e5r og hvor du vil! Det perfekte s\u00e6t til rollespil og leg derhjemme. Oplev rollespil, forbedr dine samarbejdsevner og udvikl dine sociale kommunikationsevner! Egenskaber: * &#8211; leget\u00f8j til b\u00f8rn fra 3 \u00e5r, [&hellip;]<\/p>\n","protected":false},"featured_media":0,"comment_status":"open","ping_status":"closed","template":"","meta":[],"product_brand":[],"product_cat":[31],"product_tag":[],"class_list":{"0":"post-20572","1":"product","2":"type-product","3":"status-publish","5":"product_cat-uncategorized-da","7":"first","8":"instock","9":"shipping-taxable","10":"purchasable","11":"product-type-simple"},"_links":{"self":[{"href":"https:\/\/nordicmart.andreevmaster.com\/da\/wp-json\/wp\/v2\/product\/20572","targetHints":{"allow":["GET"]}}],"collection":[{"href":"https:\/\/nordicmart.andreevmaster.com\/da\/wp-json\/wp\/v2\/product"}],"about":[{"href":"https:\/\/nordicmart.andreevmaster.com\/da\/wp-json\/wp\/v2\/types\/product"}],"replies":[{"embeddable":true,"href":"https:\/\/nordicmart.andreevmaster.com\/da\/wp-json\/wp\/v2\/comments?post=20572"}],"wp:attachment":[{"href":"https:\/\/nordicmart.andreevmaster.com\/da\/wp-json\/wp\/v2\/media?parent=20572"}],"wp:term":[{"taxonomy":"product_brand","embeddable":true,"href":"https:\/\/nordicmart.andreevmaster.com\/da\/wp-json\/wp\/v2\/product_brand?post=20572"},{"taxonomy":"product_cat","embeddable":true,"href":"https:\/\/nordicmart.andreevmaster.com\/da\/wp-json\/wp\/v2\/product_cat?post=20572"},{"taxonomy":"product_tag","embeddable":true,"href":"https:\/\/nordicmart.andreevmaster.com\/da\/wp-json\/wp\/v2\/product_tag?post=20572"}],"curies":[{"name":"wp","href":"https:\/\/api.w.org\/{rel}","templated":true}]}}