{"id":20571,"date":"2026-02-27T00:09:02","date_gmt":"2026-02-27T00:09:02","guid":{"rendered":"https:\/\/nordicmart.andreevmaster.com\/product\/classic-world-edu-stort-traevask-kokken-med-rigtigt-vand\/"},"modified":"2026-02-27T08:53:52","modified_gmt":"2026-02-27T08:53:52","slug":"classic-world-edu-stort-traevask-kokken-med-rigtigt-vand","status":"publish","type":"product","link":"https:\/\/nordicmart.andreevmaster.com\/da\/vare\/classic-world-edu-stort-traevask-kokken-med-rigtigt-vand\/","title":{"rendered":"CLASSIC WORLD EDU Stort tr\u00e6vask k\u00f8kken med rigtigt vand"},"content":{"rendered":"<p>Dette smukke udend\u00f8rs k\u00f8kken i tr\u00e6 fra det kendte tr\u00e6leget\u00f8jsm\u00e6rke Classic World er et godt valg til b\u00f8rn, der kan lide at lege forskellige voksenroller, som de ser i hverdagen. Dette tr\u00e6leget\u00f8j giver dem mulighed for at lege roller, har ogs\u00e5 en positiv indvirkning p\u00e5 deres integration med andre b\u00f8rn gennem f\u00e6lles leg og l\u00e6rer dem ansvarlighed. B\u00f8rnene kan f\u00f8le sig som rigtige kokke, og det er uendeligt sjovt at tilberede m\u00e5ltider til hele familien. Der er plads i k\u00f8kkenet til at tilslutte vandforsyningen; du skal bare placere en plastikbeholder der, s\u00e5 vandet har et sted at l\u00f8be ud. <\/p>\n<p>Egenskaber: <\/p>\n<p>* &#8211; Med kvalitet og sikkerhed for \u00f8je er leget\u00f8jet fremstillet af udvalgte materialer af h\u00f8j kvalitet, der er specielt designet til yngre b\u00f8rn.<br \/>\n* &#8211; Leget\u00f8jet er designet uden skarpe kanter eller farlige elementer.* &#8211; K\u00f8kkenet til sm\u00e5 kokke hj\u00e6lper med at udvikle barnet ved at stimulere dets fantasi og h\u00e5nd-\u00f8je-koordination. Leget\u00f8jet tilskynder til rollespil, der efterligner voksnes adf\u00e6rd, og udvikler sociale f\u00e6rdigheder. B\u00f8rnene finder selv p\u00e5 deres egne roller at spille.<br \/>\n* &#8211; Et s\u00e5 s\u00f8dt k\u00f8kken vil se godt ud i haven.<br \/>\n* &#8211; Kan tilsluttes rindende vand. <\/p>\n<p>S\u00e6ttet indeholder: <\/p>\n<p>* &#8211; vask med vandhane,<br \/>\n* &#8211; gryder + k\u00f8kkenredskaber,<br \/>\n* &#8211; d\u00f8rslag,<br \/>\n* &#8211; gryde,<br \/>\n* &#8211; suppeske.<\/p>\n<p>Leget\u00f8jet udvikler:<\/p>\n<p>* &#8211; kreativitet,<br \/>\n* &#8211; h\u00e5nd-\u00f8je-koordination,<br \/>\n* &#8211; fantasi,<br \/>\n* &#8211; sociale f\u00e6rdigheder,<br \/>\n* &#8211; manuelle f\u00e6rdigheder,<br \/>\n* &#8211; nysgerrighed.<\/p>\n<p>Der er anvendt impr\u00e6gneret fyrretr\u00e6 for at sikre de bedste egenskaber i udend\u00f8rs milj\u00f8er. Takket v\u00e6re impr\u00e6gneringen er tr\u00e6et modstandsdygtigt over for vejrforhold, hvilket garanterer dets holdbarhed og \u00e6stetiske udseende i mange \u00e5r. Denne l\u00f8sning adskiller produktet fra l\u00f8sninger, der anvendes i konkurrerende produkter.<\/p>\n<p>\u00d8ko-leget\u00f8j er designet til de yngste b\u00f8rn og er fremstillet af helt naturlige, biologisk nedbrydelige og allergivenlige materialer, hvilket g\u00f8r dem 100 % sikre og ufarlige, ikke kun for milj\u00f8et, men ogs\u00e5 for dit barn.<\/p>\n","protected":false},"excerpt":{"rendered":"<p>Dette smukke udend\u00f8rs k\u00f8kken i tr\u00e6 fra det kendte tr\u00e6leget\u00f8jsm\u00e6rke Classic World er et godt valg til b\u00f8rn, der kan lide at lege forskellige voksenroller, som de ser i hverdagen. Dette tr\u00e6leget\u00f8j giver dem mulighed for at lege roller, har ogs\u00e5 en positiv indvirkning p\u00e5 deres integration med andre b\u00f8rn gennem f\u00e6lles leg og l\u00e6rer [&hellip;]<\/p>\n","protected":false},"featured_media":0,"comment_status":"open","ping_status":"closed","template":"","meta":[],"product_brand":[],"product_cat":[31],"product_tag":[],"class_list":{"0":"post-20571","1":"product","2":"type-product","3":"status-publish","5":"product_cat-uncategorized-da","7":"first","8":"instock","9":"shipping-taxable","10":"purchasable","11":"product-type-simple"},"_links":{"self":[{"href":"https:\/\/nordicmart.andreevmaster.com\/da\/wp-json\/wp\/v2\/product\/20571","targetHints":{"allow":["GET"]}}],"collection":[{"href":"https:\/\/nordicmart.andreevmaster.com\/da\/wp-json\/wp\/v2\/product"}],"about":[{"href":"https:\/\/nordicmart.andreevmaster.com\/da\/wp-json\/wp\/v2\/types\/product"}],"replies":[{"embeddable":true,"href":"https:\/\/nordicmart.andreevmaster.com\/da\/wp-json\/wp\/v2\/comments?post=20571"}],"wp:attachment":[{"href":"https:\/\/nordicmart.andreevmaster.com\/da\/wp-json\/wp\/v2\/media?parent=20571"}],"wp:term":[{"taxonomy":"product_brand","embeddable":true,"href":"https:\/\/nordicmart.andreevmaster.com\/da\/wp-json\/wp\/v2\/product_brand?post=20571"},{"taxonomy":"product_cat","embeddable":true,"href":"https:\/\/nordicmart.andreevmaster.com\/da\/wp-json\/wp\/v2\/product_cat?post=20571"},{"taxonomy":"product_tag","embeddable":true,"href":"https:\/\/nordicmart.andreevmaster.com\/da\/wp-json\/wp\/v2\/product_tag?post=20571"}],"curies":[{"name":"wp","href":"https:\/\/api.w.org\/{rel}","templated":true}]}}