{"id":20570,"date":"2026-02-27T00:09:02","date_gmt":"2026-02-27T00:09:02","guid":{"rendered":"https:\/\/nordicmart.andreevmaster.com\/product\/classic-world-edu-traebordplade-til-kokken-tilbehor-legeplads\/"},"modified":"2026-02-27T08:53:52","modified_gmt":"2026-02-27T08:53:52","slug":"classic-world-edu-traebordplade-til-kokken-tilbehor-legeplads","status":"publish","type":"product","link":"https:\/\/nordicmart.andreevmaster.com\/da\/vare\/classic-world-edu-traebordplade-til-kokken-tilbehor-legeplads\/","title":{"rendered":"CLASSIC WORLD EDU Tr\u00e6bordplade til k\u00f8kken tilbeh\u00f8r Legeplads"},"content":{"rendered":"<p>Tr\u00e6bordpladen til udend\u00f8rs k\u00f8kken fra CLASSIC WORLDs EDU-serie giver b\u00f8rn en fantastisk oplevelse af at lege kok eller for\u00e6lder, der laver mad i k\u00f8kkenet! Derudover kan b\u00f8rn udvikle deres sociale og kommunikative f\u00e6rdigheder ved at \u00f8ve sig i et rigtigt k\u00f8kkenmilj\u00f8. Bordpladen er det perfekte supplement til tilbeh\u00f8r og k\u00f8kkener fra samme serie. Produktet er fremstillet af materialer af h\u00f8jeste kvalitet!<\/p>\n<p>Egenskaber:<\/p>\n<p>* &#8211; leget\u00f8j til b\u00f8rn fra 3 \u00e5r<br \/>\n* &#8211; fra den specielle EDU-serie<br \/>\n* &#8211; vi anbefaler at k\u00f8be k\u00f8kkenudstyr fra samme serie (CW70059)<br \/>\n* &#8211; bordpladen er det perfekte supplement til k\u00f8kkenet (CW54587) og vasken (CW70013)<br \/>\n* &#8211; fremstillet af materialer af h\u00f8jeste kvalitet!<\/p>\n<p>Intet tilbeh\u00f8r medf\u00f8lger &#8211; vi anbefaler at k\u00f8be k\u00f8kkenudstyr (CW70059)<\/p>\n<p>Leget\u00f8jet udvikler:<\/p>\n<p>* &#8211; kommunikations- og samarbejdsevner<br \/>\n* &#8211; mod og selvtillid<\/p>\n<p>\u00d8ko-leget\u00f8j er designet til de yngste b\u00f8rn og er fremstillet af helt naturlige, biologisk nedbrydelige og allergivenlige materialer, hvilket g\u00f8r det 100 % sikkert og ufarligt ikke kun for milj\u00f8et, men ogs\u00e5 for dit barn.<\/p>\n","protected":false},"excerpt":{"rendered":"<p>Tr\u00e6bordpladen til udend\u00f8rs k\u00f8kken fra CLASSIC WORLDs EDU-serie giver b\u00f8rn en fantastisk oplevelse af at lege kok eller for\u00e6lder, der laver mad i k\u00f8kkenet! Derudover kan b\u00f8rn udvikle deres sociale og kommunikative f\u00e6rdigheder ved at \u00f8ve sig i et rigtigt k\u00f8kkenmilj\u00f8. Bordpladen er det perfekte supplement til tilbeh\u00f8r og k\u00f8kkener fra samme serie. Produktet er [&hellip;]<\/p>\n","protected":false},"featured_media":0,"comment_status":"open","ping_status":"closed","template":"","meta":[],"product_brand":[],"product_cat":[31],"product_tag":[],"class_list":{"0":"post-20570","1":"product","2":"type-product","3":"status-publish","5":"product_cat-uncategorized-da","7":"first","8":"instock","9":"shipping-taxable","10":"purchasable","11":"product-type-simple"},"_links":{"self":[{"href":"https:\/\/nordicmart.andreevmaster.com\/da\/wp-json\/wp\/v2\/product\/20570","targetHints":{"allow":["GET"]}}],"collection":[{"href":"https:\/\/nordicmart.andreevmaster.com\/da\/wp-json\/wp\/v2\/product"}],"about":[{"href":"https:\/\/nordicmart.andreevmaster.com\/da\/wp-json\/wp\/v2\/types\/product"}],"replies":[{"embeddable":true,"href":"https:\/\/nordicmart.andreevmaster.com\/da\/wp-json\/wp\/v2\/comments?post=20570"}],"wp:attachment":[{"href":"https:\/\/nordicmart.andreevmaster.com\/da\/wp-json\/wp\/v2\/media?parent=20570"}],"wp:term":[{"taxonomy":"product_brand","embeddable":true,"href":"https:\/\/nordicmart.andreevmaster.com\/da\/wp-json\/wp\/v2\/product_brand?post=20570"},{"taxonomy":"product_cat","embeddable":true,"href":"https:\/\/nordicmart.andreevmaster.com\/da\/wp-json\/wp\/v2\/product_cat?post=20570"},{"taxonomy":"product_tag","embeddable":true,"href":"https:\/\/nordicmart.andreevmaster.com\/da\/wp-json\/wp\/v2\/product_tag?post=20570"}],"curies":[{"name":"wp","href":"https:\/\/api.w.org\/{rel}","templated":true}]}}