{"id":20569,"date":"2026-02-27T00:09:02","date_gmt":"2026-02-27T00:09:02","guid":{"rendered":"https:\/\/nordicmart.andreevmaster.com\/product\/classic-world-edu-paedagogisk-havebord-6-funktioner-leg-med-sand-vaeske-og-sten\/"},"modified":"2026-02-27T08:53:52","modified_gmt":"2026-02-27T08:53:52","slug":"classic-world-edu-paedagogisk-havebord-6-funktioner-leg-med-sand-vaeske-og-sten","status":"publish","type":"product","link":"https:\/\/nordicmart.andreevmaster.com\/da\/vare\/classic-world-edu-paedagogisk-havebord-6-funktioner-leg-med-sand-vaeske-og-sten\/","title":{"rendered":"CLASSIC WORLD EDU P\u00e6dagogisk havebord 6 funktioner Leg med sand, v\u00e6ske og sten"},"content":{"rendered":"<p>Classic World Educational Garden Table har 6 funktioner, der udvikler dit barns t\u00e6nkning! Denne enhed med 6 rum er ideel til gruppespil. Den indeholder et net, en tragt og en balje. B\u00f8rnene kan eksperimentere med v\u00e6sker, sand og sten. Det perfekte s\u00e6t til b\u00f8rn, der vil udvikle motoriske f\u00e6rdigheder, kreativitet og kognitive evner, mens de udforsker forskellige materialer.<\/p>\n<p>Egenskaber:<\/p>\n<p>* &#8211; har 6 plader med funktioner &#8211; til leg med sand, v\u00e6sker og sten, inklusive et net, en tragt og en balje<br \/>\n* &#8211; designet til 1-4 personer,<br \/>\n* &#8211; ideel til leg i haven,<br \/>\n* &#8211; velegnet til b\u00f8rnehaver og privat brug,<br \/>\n* &#8211; fremstillet af materialer af h\u00f8jeste kvalitet.<\/p>\n<p>Leget\u00f8jet udvikler:<\/p>\n<p>* &#8211; motoriske f\u00e6rdigheder,<br \/>\n* &#8211; kreativitet,<br \/>\n* &#8211; kognitive f\u00e6rdigheder.<\/p>\n<p>Der er anvendt impr\u00e6gneret fyrretr\u00e6 for at sikre de bedste egenskaber i udend\u00f8rs milj\u00f8er. Takket v\u00e6re impr\u00e6gneringen er tr\u00e6et modstandsdygtigt over for vejrforhold, hvilket garanterer dets holdbarhed og \u00e6stetiske udseende i mange \u00e5r. Denne l\u00f8sning adskiller produktet fra l\u00f8sninger, der anvendes i konkurrerende produkter.<\/p>\n<p>\u00d8ko-leget\u00f8j er designet til de yngste b\u00f8rn og er fremstillet af helt naturlige, biologisk nedbrydelige og allergivenlige materialer, hvilket g\u00f8r dem 100 % sikre og ufarlige, ikke kun for milj\u00f8et, men ogs\u00e5 for dit barn.<\/p>\n","protected":false},"excerpt":{"rendered":"<p>Classic World Educational Garden Table har 6 funktioner, der udvikler dit barns t\u00e6nkning! Denne enhed med 6 rum er ideel til gruppespil. Den indeholder et net, en tragt og en balje. B\u00f8rnene kan eksperimentere med v\u00e6sker, sand og sten. Det perfekte s\u00e6t til b\u00f8rn, der vil udvikle motoriske f\u00e6rdigheder, kreativitet og kognitive evner, mens de [&hellip;]<\/p>\n","protected":false},"featured_media":0,"comment_status":"open","ping_status":"closed","template":"","meta":[],"product_brand":[],"product_cat":[31],"product_tag":[],"class_list":{"0":"post-20569","1":"product","2":"type-product","3":"status-publish","5":"product_cat-uncategorized-da","7":"first","8":"instock","9":"shipping-taxable","10":"purchasable","11":"product-type-simple"},"_links":{"self":[{"href":"https:\/\/nordicmart.andreevmaster.com\/da\/wp-json\/wp\/v2\/product\/20569","targetHints":{"allow":["GET"]}}],"collection":[{"href":"https:\/\/nordicmart.andreevmaster.com\/da\/wp-json\/wp\/v2\/product"}],"about":[{"href":"https:\/\/nordicmart.andreevmaster.com\/da\/wp-json\/wp\/v2\/types\/product"}],"replies":[{"embeddable":true,"href":"https:\/\/nordicmart.andreevmaster.com\/da\/wp-json\/wp\/v2\/comments?post=20569"}],"wp:attachment":[{"href":"https:\/\/nordicmart.andreevmaster.com\/da\/wp-json\/wp\/v2\/media?parent=20569"}],"wp:term":[{"taxonomy":"product_brand","embeddable":true,"href":"https:\/\/nordicmart.andreevmaster.com\/da\/wp-json\/wp\/v2\/product_brand?post=20569"},{"taxonomy":"product_cat","embeddable":true,"href":"https:\/\/nordicmart.andreevmaster.com\/da\/wp-json\/wp\/v2\/product_cat?post=20569"},{"taxonomy":"product_tag","embeddable":true,"href":"https:\/\/nordicmart.andreevmaster.com\/da\/wp-json\/wp\/v2\/product_tag?post=20569"}],"curies":[{"name":"wp","href":"https:\/\/api.w.org\/{rel}","templated":true}]}}