{"id":20568,"date":"2026-02-27T00:09:02","date_gmt":"2026-02-27T00:09:02","guid":{"rendered":"https:\/\/nordicmart.andreevmaster.com\/product\/classic-world-edu-traesandkasse-med-tag\/"},"modified":"2026-02-27T08:53:51","modified_gmt":"2026-02-27T08:53:51","slug":"classic-world-edu-traesandkasse-med-tag","status":"publish","type":"product","link":"https:\/\/nordicmart.andreevmaster.com\/da\/vare\/classic-world-edu-traesandkasse-med-tag\/","title":{"rendered":"CLASSIC WORLD EDU Tr\u00e6sandkasse med tag"},"content":{"rendered":"<p>Den tr\u00e6 sandkasse med tag fra CLASSIC WORLDs EDU-serie er et sted, hvor b\u00f8rn kan eksperimentere og udforske. Den er designet til, at b\u00f8rn kan sidde og grave i sandet, og har et tag, der beskytter dem mod sol og regn. Sandkassen kan omdannes til en fantastisk byggeplads, hvor b\u00f8rnene kan eksperimentere med forskellige materialer \u2013 det er den perfekte m\u00e5de at udvikle deres motoriske f\u00e6rdigheder p\u00e5, og ved at lege sammen udvikler de deres kommunikationsevner og is\u00e6r deres evne til at samarbejde!<\/p>\n<p>Egenskaber:<\/p>\n<p>* &#8211; leget\u00f8j til b\u00f8rn fra 3 \u00e5r,<br \/>\n* &#8211; fra den specielle EDU-serie,<br \/>\n* &#8211; udstyret med et visir \u2013 beskytter b\u00f8rnene mod sol og regn,<br \/>\n* &#8211; fremstillet af materialer af h\u00f8jeste kvalitet!<\/p>\n<p>Leget\u00f8jet udvikler:<\/p>\n<p>* &#8211; motoriske f\u00e6rdigheder,<br \/>\n* &#8211; kommunikations- og samarbejdsevner,<br \/>\n* &#8211; fantasi og kreativitet.<\/p>\n<p>Der er anvendt impr\u00e6gneret fyrretr\u00e6 for at sikre de bedste egenskaber i udend\u00f8rs milj\u00f8er. Takket v\u00e6re impr\u00e6gneringen er tr\u00e6et vejrbestandigt, hvilket garanterer dets holdbarhed og \u00e6stetiske udseende i mange \u00e5r. Denne l\u00f8sning adskiller produktet fra l\u00f8sninger, der anvendes i konkurrerende produkter.<\/p>\n<p>\u00d8ko-leget\u00f8j er designet til de yngste b\u00f8rn og er fremstillet af helt naturlige, biologisk nedbrydelige og allergivenlige materialer, hvilket g\u00f8r dem 100 % sikre og ufarlige, ikke kun for milj\u00f8et, men ogs\u00e5 for dit barn.<\/p>\n","protected":false},"excerpt":{"rendered":"<p>Den tr\u00e6 sandkasse med tag fra CLASSIC WORLDs EDU-serie er et sted, hvor b\u00f8rn kan eksperimentere og udforske. Den er designet til, at b\u00f8rn kan sidde og grave i sandet, og har et tag, der beskytter dem mod sol og regn. Sandkassen kan omdannes til en fantastisk byggeplads, hvor b\u00f8rnene kan eksperimentere med forskellige materialer [&hellip;]<\/p>\n","protected":false},"featured_media":0,"comment_status":"open","ping_status":"closed","template":"","meta":[],"product_brand":[],"product_cat":[31],"product_tag":[],"class_list":{"0":"post-20568","1":"product","2":"type-product","3":"status-publish","5":"product_cat-uncategorized-da","7":"first","8":"instock","9":"shipping-taxable","10":"purchasable","11":"product-type-simple"},"_links":{"self":[{"href":"https:\/\/nordicmart.andreevmaster.com\/da\/wp-json\/wp\/v2\/product\/20568","targetHints":{"allow":["GET"]}}],"collection":[{"href":"https:\/\/nordicmart.andreevmaster.com\/da\/wp-json\/wp\/v2\/product"}],"about":[{"href":"https:\/\/nordicmart.andreevmaster.com\/da\/wp-json\/wp\/v2\/types\/product"}],"replies":[{"embeddable":true,"href":"https:\/\/nordicmart.andreevmaster.com\/da\/wp-json\/wp\/v2\/comments?post=20568"}],"wp:attachment":[{"href":"https:\/\/nordicmart.andreevmaster.com\/da\/wp-json\/wp\/v2\/media?parent=20568"}],"wp:term":[{"taxonomy":"product_brand","embeddable":true,"href":"https:\/\/nordicmart.andreevmaster.com\/da\/wp-json\/wp\/v2\/product_brand?post=20568"},{"taxonomy":"product_cat","embeddable":true,"href":"https:\/\/nordicmart.andreevmaster.com\/da\/wp-json\/wp\/v2\/product_cat?post=20568"},{"taxonomy":"product_tag","embeddable":true,"href":"https:\/\/nordicmart.andreevmaster.com\/da\/wp-json\/wp\/v2\/product_tag?post=20568"}],"curies":[{"name":"wp","href":"https:\/\/api.w.org\/{rel}","templated":true}]}}