{"id":20567,"date":"2026-02-27T00:09:02","date_gmt":"2026-02-27T00:09:02","guid":{"rendered":"https:\/\/nordicmart.andreevmaster.com\/product\/classic-world-edu-paedagogisk-eksperimentersaet-til-observation-af-fisk-og-planter\/"},"modified":"2026-02-27T08:53:51","modified_gmt":"2026-02-27T08:53:51","slug":"classic-world-edu-paedagogisk-eksperimentersaet-til-observation-af-fisk-og-planter","status":"publish","type":"product","link":"https:\/\/nordicmart.andreevmaster.com\/da\/vare\/classic-world-edu-paedagogisk-eksperimentersaet-til-observation-af-fisk-og-planter\/","title":{"rendered":"CLASSIC WORLD EDU P\u00e6dagogisk eksperimenters\u00e6t til observation af fisk og planter"},"content":{"rendered":"<p>Et tr\u00e6br\u00e6t til observation af vandplanter og fisk til alle spirende sm\u00e5 kunstnere. Dette br\u00e6t fra det kendte m\u00e6rke Classic World er den perfekte gave. Ideelt til at forbedre motoriske f\u00e6rdigheder, \u00f8ve sig i at tegne, male og skrive bogstaver. Det udvikler motoriske f\u00e6rdigheder og styrker b\u00f8rns kreativitet. Den robuste tr\u00e6konstruktion sikrer en l\u00e6ngere levetid for produktet. Br\u00e6ttet har en dobbeltsidet glasplade, som ikke kun giver mulighed for at male p\u00e5 begge sider, men ogs\u00e5 for at observere akvariets indre p\u00e5 t\u00e6t hold. <\/p>\n<p>Egenskaber: <\/p>\n<p>* &#8211; produkt til b\u00f8rn fra 3 \u00e5r og opefter<br \/>\n* &#8211; Robust tr\u00e6konstruktion<br \/>\n* &#8211; ideel til leg i haven<br \/>\n* &#8211; Velegnet til b\u00f8rnehaver og privat brug<br \/>\n* &#8211; Materialer af h\u00f8jeste kvalitet<\/p>\n<p>Leget\u00f8jet udvikler:<\/p>\n<p>* &#8211; motoriske f\u00e6rdigheder<br \/>\n* &#8211; kreativitet<br \/>\n* &#8211; skrivef\u00e6rdigheder<br \/>\n* &#8211; kunstneriske f\u00e6rdigheder<\/p>\n<p>\u00d8ko-leget\u00f8j er designet til de yngste b\u00f8rn og er fremstillet af helt naturlige, biologisk nedbrydelige og allergivenlige materialer, hvilket g\u00f8r det 100 % sikkert og ufarligt ikke kun for milj\u00f8et, men ogs\u00e5 for dit barn.<\/p>\n","protected":false},"excerpt":{"rendered":"<p>Et tr\u00e6br\u00e6t til observation af vandplanter og fisk til alle spirende sm\u00e5 kunstnere. Dette br\u00e6t fra det kendte m\u00e6rke Classic World er den perfekte gave. Ideelt til at forbedre motoriske f\u00e6rdigheder, \u00f8ve sig i at tegne, male og skrive bogstaver. Det udvikler motoriske f\u00e6rdigheder og styrker b\u00f8rns kreativitet. Den robuste tr\u00e6konstruktion sikrer en l\u00e6ngere levetid [&hellip;]<\/p>\n","protected":false},"featured_media":0,"comment_status":"open","ping_status":"closed","template":"","meta":[],"product_brand":[],"product_cat":[31],"product_tag":[],"class_list":{"0":"post-20567","1":"product","2":"type-product","3":"status-publish","5":"product_cat-uncategorized-da","7":"first","8":"instock","9":"shipping-taxable","10":"purchasable","11":"product-type-simple"},"_links":{"self":[{"href":"https:\/\/nordicmart.andreevmaster.com\/da\/wp-json\/wp\/v2\/product\/20567","targetHints":{"allow":["GET"]}}],"collection":[{"href":"https:\/\/nordicmart.andreevmaster.com\/da\/wp-json\/wp\/v2\/product"}],"about":[{"href":"https:\/\/nordicmart.andreevmaster.com\/da\/wp-json\/wp\/v2\/types\/product"}],"replies":[{"embeddable":true,"href":"https:\/\/nordicmart.andreevmaster.com\/da\/wp-json\/wp\/v2\/comments?post=20567"}],"wp:attachment":[{"href":"https:\/\/nordicmart.andreevmaster.com\/da\/wp-json\/wp\/v2\/media?parent=20567"}],"wp:term":[{"taxonomy":"product_brand","embeddable":true,"href":"https:\/\/nordicmart.andreevmaster.com\/da\/wp-json\/wp\/v2\/product_brand?post=20567"},{"taxonomy":"product_cat","embeddable":true,"href":"https:\/\/nordicmart.andreevmaster.com\/da\/wp-json\/wp\/v2\/product_cat?post=20567"},{"taxonomy":"product_tag","embeddable":true,"href":"https:\/\/nordicmart.andreevmaster.com\/da\/wp-json\/wp\/v2\/product_tag?post=20567"}],"curies":[{"name":"wp","href":"https:\/\/api.w.org\/{rel}","templated":true}]}}