{"id":20565,"date":"2026-02-27T00:09:01","date_gmt":"2026-02-27T00:09:01","guid":{"rendered":"https:\/\/nordicmart.andreevmaster.com\/product\/classic-world-edu-undervisningssaet-til-dyrkning\/"},"modified":"2026-02-27T08:53:51","modified_gmt":"2026-02-27T08:53:51","slug":"classic-world-edu-undervisningssaet-til-dyrkning","status":"publish","type":"product","link":"https:\/\/nordicmart.andreevmaster.com\/da\/vare\/classic-world-edu-undervisningssaet-til-dyrkning\/","title":{"rendered":"CLASSIC WORLD EDU Undervisningss\u00e6t til dyrkning"},"content":{"rendered":"<p>Et tr\u00e6br\u00e6t til observation og dyrkning for alle begyndende sm\u00e5 kunstnere. Br\u00e6ttet fra det kendte m\u00e6rke Classic World er den perfekte gave. Ideelt til at forbedre motoriske f\u00e6rdigheder, \u00f8ve sig i at tegne, male og skrive bogstaver. Det udvikler motoriske f\u00e6rdigheder og styrker barnets kreativitet. Den robuste tr\u00e6konstruktion sikrer en l\u00e6ngere levetid for produktet. Br\u00e6ttet har en dobbeltsidet glasplade, som ikke kun g\u00f8r det muligt at male p\u00e5 begge sider, men ogs\u00e5 giver mulighed for n\u00f8je observation af akvariets indre. <\/p>\n<p>Egenskaber: <\/p>\n<p>* &#8211; produkt til b\u00f8rn fra 3 \u00e5r og opefter<br \/>\n* &#8211; Robust tr\u00e6konstruktion<br \/>\n* &#8211; ideel til leg i haven<br \/>\n* &#8211; Egnet til b\u00f8rnehaver og privat brug<br \/>\n* &#8211; Materialer af h\u00f8jeste kvalitet<\/p>\n<p>Leget\u00f8jet udvikler:<\/p>\n<p>* &#8211; motoriske f\u00e6rdigheder<br \/>\n* &#8211; kreativitet<br \/>\n* &#8211; skrivef\u00e6rdigheder<br \/>\n* &#8211; kunstneriske f\u00e6rdigheder<\/p>\n<p>Der er anvendt impr\u00e6gneret fyrretr\u00e6 for at sikre de bedste egenskaber i udend\u00f8rs milj\u00f8er. Takket v\u00e6re impr\u00e6gneringen er tr\u00e6et modstandsdygtigt over for vejrforhold, hvilket garanterer dets holdbarhed og \u00e6stetiske udseende i mange \u00e5r. Denne l\u00f8sning adskiller produktet fra l\u00f8sninger, der anvendes i konkurrerende produkter.<\/p>\n<p>\u00d8ko-leget\u00f8j er designet til de yngste b\u00f8rn og er fremstillet af helt naturlige, biologisk nedbrydelige og allergivenlige materialer, hvilket g\u00f8r dem 100 % sikre og ufarlige, ikke kun for milj\u00f8et, men ogs\u00e5 for dit barn.<\/p>\n","protected":false},"excerpt":{"rendered":"<p>Et tr\u00e6br\u00e6t til observation og dyrkning for alle begyndende sm\u00e5 kunstnere. Br\u00e6ttet fra det kendte m\u00e6rke Classic World er den perfekte gave. Ideelt til at forbedre motoriske f\u00e6rdigheder, \u00f8ve sig i at tegne, male og skrive bogstaver. Det udvikler motoriske f\u00e6rdigheder og styrker barnets kreativitet. Den robuste tr\u00e6konstruktion sikrer en l\u00e6ngere levetid for produktet. Br\u00e6ttet [&hellip;]<\/p>\n","protected":false},"featured_media":0,"comment_status":"open","ping_status":"closed","template":"","meta":[],"product_brand":[],"product_cat":[31],"product_tag":[],"class_list":{"0":"post-20565","1":"product","2":"type-product","3":"status-publish","5":"product_cat-uncategorized-da","7":"first","8":"instock","9":"shipping-taxable","10":"purchasable","11":"product-type-simple"},"_links":{"self":[{"href":"https:\/\/nordicmart.andreevmaster.com\/da\/wp-json\/wp\/v2\/product\/20565","targetHints":{"allow":["GET"]}}],"collection":[{"href":"https:\/\/nordicmart.andreevmaster.com\/da\/wp-json\/wp\/v2\/product"}],"about":[{"href":"https:\/\/nordicmart.andreevmaster.com\/da\/wp-json\/wp\/v2\/types\/product"}],"replies":[{"embeddable":true,"href":"https:\/\/nordicmart.andreevmaster.com\/da\/wp-json\/wp\/v2\/comments?post=20565"}],"wp:attachment":[{"href":"https:\/\/nordicmart.andreevmaster.com\/da\/wp-json\/wp\/v2\/media?parent=20565"}],"wp:term":[{"taxonomy":"product_brand","embeddable":true,"href":"https:\/\/nordicmart.andreevmaster.com\/da\/wp-json\/wp\/v2\/product_brand?post=20565"},{"taxonomy":"product_cat","embeddable":true,"href":"https:\/\/nordicmart.andreevmaster.com\/da\/wp-json\/wp\/v2\/product_cat?post=20565"},{"taxonomy":"product_tag","embeddable":true,"href":"https:\/\/nordicmart.andreevmaster.com\/da\/wp-json\/wp\/v2\/product_tag?post=20565"}],"curies":[{"name":"wp","href":"https:\/\/api.w.org\/{rel}","templated":true}]}}