{"id":20564,"date":"2026-02-27T00:09:01","date_gmt":"2026-02-27T00:09:01","guid":{"rendered":"https:\/\/nordicmart.andreevmaster.com\/product\/classic-world-edu-stort-trae-kokken-med-baldakin-tilbehor\/"},"modified":"2026-02-27T08:53:51","modified_gmt":"2026-02-27T08:53:51","slug":"classic-world-edu-stort-trae-kokken-med-baldakin-tilbehor","status":"publish","type":"product","link":"https:\/\/nordicmart.andreevmaster.com\/da\/vare\/classic-world-edu-stort-trae-kokken-med-baldakin-tilbehor\/","title":{"rendered":"CLASSIC WORLD EDU Stort tr\u00e6 k\u00f8kken med baldakin + tilbeh\u00f8r"},"content":{"rendered":"<p>Dette smukke tr\u00e6 k\u00f8kken til udend\u00f8rs brug fra det kendte tr\u00e6leget\u00f8jsm\u00e6rke Classic World er et godt valg til b\u00f8rn, der kan lide at lege forskellige voksenroller, som de ser i hverdagen. B\u00f8rnene vil f\u00f8le sig som rigtige kokke, og det vil v\u00e6re uendeligt sjovt at tilberede m\u00e5ltider til hele familien. K\u00f8kkenet kan bruges b\u00e5de inde og ude i haven. Master Chef Junior findes ikke l\u00e6ngere kun p\u00e5 tv!<\/p>\n<p>Egenskaber:<\/p>\n<p>* &#8211; Med fokus p\u00e5 kvalitet og sikkerhed er leget\u00f8jet fremstillet af udvalgte materialer af h\u00f8j kvalitet, der er specielt designet til mindre b\u00f8rn.<br \/>\n* &#8211; Leget\u00f8jet er designet uden skarpe kanter eller farlige elementer.<br \/>\n* &#8211; K\u00f8kkenet til sm\u00e5 kokke hj\u00e6lper med at udvikle barnet ved at stimulere dets fantasi og h\u00e5nd-\u00f8je-koordination. Leget\u00f8jet tilskynder til rollespil, der efterligner voksnes adf\u00e6rd, og udvikler sociale f\u00e6rdigheder. B\u00f8rnene finder selv p\u00e5 deres egne roller at spille.<br \/>\n* &#8211; Et s\u00e5 s\u00f8dt k\u00f8kken vil v\u00e6re en fantastisk tilf\u00f8jelse til din have eller dit hjem. <\/p>\n<p>S\u00e6ttet indeholder: <\/p>\n<p>* &#8211; Imiteret ovn med knapper til indstilling af temperaturen + tavle<br \/>\n* &#8211; K\u00f8kkenredskaber (dvs. spatel, suppeske)<br \/>\n* &#8211; Vask<br \/>\n* &#8211; Gryder<br \/>\n* &#8211; Stegepander<\/p>\n<p>Leget\u00f8jet udvikler:<\/p>\n<p>* &#8211; kreativitet,<br \/>\n* &#8211; h\u00e5nd-\u00f8je-koordination,<br \/>\n* &#8211; fantasi,<br \/>\n* &#8211; sociale f\u00e6rdigheder,<br \/>\n* &#8211; manuelle f\u00e6rdigheder,<br \/>\n* &#8211; nysgerrighed.<\/p>\n<p>\u00d8ko-leget\u00f8j er designet til de yngste b\u00f8rn og er fremstillet af helt naturlige, biologisk nedbrydelige og allergivenlige materialer, hvilket g\u00f8r det 100 % sikkert og ufarligt ikke kun for milj\u00f8et, men ogs\u00e5 for dit barn.<\/p>\n<p>Der anvendes impr\u00e6gneret fyrretr\u00e6 for at sikre de bedste egenskaber i udend\u00f8rs milj\u00f8er. Takket v\u00e6re impr\u00e6gneringen er tr\u00e6et modstandsdygtigt over for vejrforhold, hvilket garanterer dets holdbarhed og \u00e6stetiske udseende i mange \u00e5r. Denne l\u00f8sning adskiller produktet fra l\u00f8sninger, der anvendes i konkurrerende produkter.<\/p>\n","protected":false},"excerpt":{"rendered":"<p>Dette smukke tr\u00e6 k\u00f8kken til udend\u00f8rs brug fra det kendte tr\u00e6leget\u00f8jsm\u00e6rke Classic World er et godt valg til b\u00f8rn, der kan lide at lege forskellige voksenroller, som de ser i hverdagen. B\u00f8rnene vil f\u00f8le sig som rigtige kokke, og det vil v\u00e6re uendeligt sjovt at tilberede m\u00e5ltider til hele familien. K\u00f8kkenet kan bruges b\u00e5de inde [&hellip;]<\/p>\n","protected":false},"featured_media":0,"comment_status":"open","ping_status":"closed","template":"","meta":[],"product_brand":[],"product_cat":[31],"product_tag":[],"class_list":{"0":"post-20564","1":"product","2":"type-product","3":"status-publish","5":"product_cat-uncategorized-da","7":"first","8":"instock","9":"shipping-taxable","10":"purchasable","11":"product-type-simple"},"_links":{"self":[{"href":"https:\/\/nordicmart.andreevmaster.com\/da\/wp-json\/wp\/v2\/product\/20564","targetHints":{"allow":["GET"]}}],"collection":[{"href":"https:\/\/nordicmart.andreevmaster.com\/da\/wp-json\/wp\/v2\/product"}],"about":[{"href":"https:\/\/nordicmart.andreevmaster.com\/da\/wp-json\/wp\/v2\/types\/product"}],"replies":[{"embeddable":true,"href":"https:\/\/nordicmart.andreevmaster.com\/da\/wp-json\/wp\/v2\/comments?post=20564"}],"wp:attachment":[{"href":"https:\/\/nordicmart.andreevmaster.com\/da\/wp-json\/wp\/v2\/media?parent=20564"}],"wp:term":[{"taxonomy":"product_brand","embeddable":true,"href":"https:\/\/nordicmart.andreevmaster.com\/da\/wp-json\/wp\/v2\/product_brand?post=20564"},{"taxonomy":"product_cat","embeddable":true,"href":"https:\/\/nordicmart.andreevmaster.com\/da\/wp-json\/wp\/v2\/product_cat?post=20564"},{"taxonomy":"product_tag","embeddable":true,"href":"https:\/\/nordicmart.andreevmaster.com\/da\/wp-json\/wp\/v2\/product_tag?post=20564"}],"curies":[{"name":"wp","href":"https:\/\/api.w.org\/{rel}","templated":true}]}}