{"id":20563,"date":"2026-02-27T00:09:01","date_gmt":"2026-02-27T00:09:01","guid":{"rendered":"https:\/\/nordicmart.andreevmaster.com\/product\/classic-world-stort-klaver-til-born-med-stol-og-laerebog\/"},"modified":"2026-02-27T08:53:50","modified_gmt":"2026-02-27T08:53:50","slug":"classic-world-stort-klaver-til-born-med-stol-og-laerebog","status":"publish","type":"product","link":"https:\/\/nordicmart.andreevmaster.com\/da\/vare\/classic-world-stort-klaver-til-born-med-stol-og-laerebog\/","title":{"rendered":"CLASSIC WORLD Stort klaver til b\u00f8rn med stol og l\u00e6rebog"},"content":{"rendered":"<p>At l\u00e6re at spille klaver med Classic World er sjovt og hj\u00e6lper med at udvikle talentet. Leget\u00f8jet er modelleret efter \u00e6gte instrumenter, hvilket g\u00f8r de sm\u00e5 kunstnere mere ivrige efter at komme i gang med at l\u00e6re. At spille instrumenter har en positiv indvirkning p\u00e5 b\u00f8rns udvikling gennem eksponering for musik.<\/p>\n<p>Funktioner:<\/p>\n<p>* &#8211; Leget\u00f8j til b\u00f8rn fra 3 \u00e5r og opefter.<br \/>\n* &#8211; Lavet af naturligt tr\u00e6.* &#8211; Fantastisk design.<br \/>\n* &#8211; H\u00e5ndlavet.<br \/>\n* &#8211; Hj\u00e6lper med at udvikle dit barns musikalske talent.<br \/>\n* &#8211; Elegant emballage &#8211; perfekt til en gave.<\/p>\n<p>Inkluderet:<\/p>\n<p>* &#8211; klaver,<br \/>\n* &#8211; skammel,<br \/>\n* &#8211; nodestativ,<br \/>\n* &#8211; nodebog.<\/p>\n<p>* &#8211; h\u00f8resansen,<br \/>\n* &#8211; fantasien,<br \/>\n* &#8211; de kognitive evner,<br \/>\n* &#8211; f\u00f8lesansen,<br \/>\n* &#8211; f\u00f8lsomheden over for musik<\/p>\n","protected":false},"excerpt":{"rendered":"<p>At l\u00e6re at spille klaver med Classic World er sjovt og hj\u00e6lper med at udvikle talentet. Leget\u00f8jet er modelleret efter \u00e6gte instrumenter, hvilket g\u00f8r de sm\u00e5 kunstnere mere ivrige efter at komme i gang med at l\u00e6re. At spille instrumenter har en positiv indvirkning p\u00e5 b\u00f8rns udvikling gennem eksponering for musik. Funktioner: * &#8211; Leget\u00f8j [&hellip;]<\/p>\n","protected":false},"featured_media":0,"comment_status":"open","ping_status":"closed","template":"","meta":[],"product_brand":[],"product_cat":[31],"product_tag":[],"class_list":{"0":"post-20563","1":"product","2":"type-product","3":"status-publish","5":"product_cat-uncategorized-da","7":"first","8":"instock","9":"shipping-taxable","10":"purchasable","11":"product-type-simple"},"_links":{"self":[{"href":"https:\/\/nordicmart.andreevmaster.com\/da\/wp-json\/wp\/v2\/product\/20563","targetHints":{"allow":["GET"]}}],"collection":[{"href":"https:\/\/nordicmart.andreevmaster.com\/da\/wp-json\/wp\/v2\/product"}],"about":[{"href":"https:\/\/nordicmart.andreevmaster.com\/da\/wp-json\/wp\/v2\/types\/product"}],"replies":[{"embeddable":true,"href":"https:\/\/nordicmart.andreevmaster.com\/da\/wp-json\/wp\/v2\/comments?post=20563"}],"wp:attachment":[{"href":"https:\/\/nordicmart.andreevmaster.com\/da\/wp-json\/wp\/v2\/media?parent=20563"}],"wp:term":[{"taxonomy":"product_brand","embeddable":true,"href":"https:\/\/nordicmart.andreevmaster.com\/da\/wp-json\/wp\/v2\/product_brand?post=20563"},{"taxonomy":"product_cat","embeddable":true,"href":"https:\/\/nordicmart.andreevmaster.com\/da\/wp-json\/wp\/v2\/product_cat?post=20563"},{"taxonomy":"product_tag","embeddable":true,"href":"https:\/\/nordicmart.andreevmaster.com\/da\/wp-json\/wp\/v2\/product_tag?post=20563"}],"curies":[{"name":"wp","href":"https:\/\/api.w.org\/{rel}","templated":true}]}}