{"id":20562,"date":"2026-02-27T00:09:01","date_gmt":"2026-02-27T00:09:01","guid":{"rendered":"https:\/\/nordicmart.andreevmaster.com\/product\/classic-world-edu-torrestativ-til-kunstvaerker-30-niveauer\/"},"modified":"2026-02-27T08:53:50","modified_gmt":"2026-02-27T08:53:50","slug":"classic-world-edu-torrestativ-til-kunstvaerker-30-niveauer","status":"publish","type":"product","link":"https:\/\/nordicmart.andreevmaster.com\/da\/vare\/classic-world-edu-torrestativ-til-kunstvaerker-30-niveauer\/","title":{"rendered":"CLASSIC WORLD EDU T\u00f8rrestativ til kunstv\u00e6rker &#8211; 30 niveauer"},"content":{"rendered":"<p>T\u00f8rrestativet til kunstv\u00e6rker fra CLASSIC WORLDs EDU-serie f\u00e5r det bedste frem i dine sm\u00e5 kunstneres v\u00e6rker! Det flerlagede t\u00f8rrestativ kan rumme op til 30 tegninger (maks. st\u00f8rrelse A3). Takket v\u00e6re l\u00e5semekanismen p\u00e5 hjulene t\u00f8rrer kunstv\u00e6rkerne sikkert, og takket v\u00e6re h\u00e5ndtaget og de glatte hjul er det meget nemt at flytte t\u00f8rrestativet. Et must-have til ethvert klassev\u00e6relse, rum eller kulturrum!<\/p>\n<p>Egenskaber:<\/p>\n<p>* &#8211; leget\u00f8j til b\u00f8rn fra 12 m\u00e5neder og opefter,<br \/>\n* &#8211; fra den specielle EDU-serie,<br \/>\n* &#8211; udstyret med et behageligt h\u00e5ndtag og l\u00e5sbare hjul,<br \/>\n* &#8211; fremstillet af materialer af h\u00f8jeste kvalitet!<\/p>\n<p>Eco-leget\u00f8j er designet til de yngste b\u00f8rn og er fremstillet af helt naturlige, biologisk nedbrydelige og allergivenlige materialer, hvilket g\u00f8r dem 100 % sikre og ufarlige, ikke kun for milj\u00f8et, men ogs\u00e5 for dit barn.<\/p>\n<p>Classic World er en kendt leget\u00f8jsproducent. Virksomheden s\u00e6tter standarden h\u00f8jt for andre producenter, prim\u00e6rt med sin h\u00f8je kvalitet i h\u00e5ndv\u00e6rket. Vi ved, at b\u00f8rn fortjener kun det bedste leget\u00f8j. Classic World sikrer dette gennem en streng kvalitetskontrol og produktionsproces. Virksomheden overholder internationale kvalitetsstandarder.<\/p>\n","protected":false},"excerpt":{"rendered":"<p>T\u00f8rrestativet til kunstv\u00e6rker fra CLASSIC WORLDs EDU-serie f\u00e5r det bedste frem i dine sm\u00e5 kunstneres v\u00e6rker! Det flerlagede t\u00f8rrestativ kan rumme op til 30 tegninger (maks. st\u00f8rrelse A3). Takket v\u00e6re l\u00e5semekanismen p\u00e5 hjulene t\u00f8rrer kunstv\u00e6rkerne sikkert, og takket v\u00e6re h\u00e5ndtaget og de glatte hjul er det meget nemt at flytte t\u00f8rrestativet. Et must-have til ethvert [&hellip;]<\/p>\n","protected":false},"featured_media":0,"comment_status":"open","ping_status":"closed","template":"","meta":[],"product_brand":[],"product_cat":[31],"product_tag":[],"class_list":{"0":"post-20562","1":"product","2":"type-product","3":"status-publish","5":"product_cat-uncategorized-da","7":"first","8":"instock","9":"shipping-taxable","10":"purchasable","11":"product-type-simple"},"_links":{"self":[{"href":"https:\/\/nordicmart.andreevmaster.com\/da\/wp-json\/wp\/v2\/product\/20562","targetHints":{"allow":["GET"]}}],"collection":[{"href":"https:\/\/nordicmart.andreevmaster.com\/da\/wp-json\/wp\/v2\/product"}],"about":[{"href":"https:\/\/nordicmart.andreevmaster.com\/da\/wp-json\/wp\/v2\/types\/product"}],"replies":[{"embeddable":true,"href":"https:\/\/nordicmart.andreevmaster.com\/da\/wp-json\/wp\/v2\/comments?post=20562"}],"wp:attachment":[{"href":"https:\/\/nordicmart.andreevmaster.com\/da\/wp-json\/wp\/v2\/media?parent=20562"}],"wp:term":[{"taxonomy":"product_brand","embeddable":true,"href":"https:\/\/nordicmart.andreevmaster.com\/da\/wp-json\/wp\/v2\/product_brand?post=20562"},{"taxonomy":"product_cat","embeddable":true,"href":"https:\/\/nordicmart.andreevmaster.com\/da\/wp-json\/wp\/v2\/product_cat?post=20562"},{"taxonomy":"product_tag","embeddable":true,"href":"https:\/\/nordicmart.andreevmaster.com\/da\/wp-json\/wp\/v2\/product_tag?post=20562"}],"curies":[{"name":"wp","href":"https:\/\/api.w.org\/{rel}","templated":true}]}}