{"id":20561,"date":"2026-02-27T00:09:00","date_gmt":"2026-02-27T00:09:00","guid":{"rendered":"https:\/\/nordicmart.andreevmaster.com\/product\/classic-world-xxl-multifunktionelt-traekokken-med-vaskemaskine-og-tilbehor\/"},"modified":"2026-02-27T08:53:50","modified_gmt":"2026-02-27T08:53:50","slug":"classic-world-xxl-multifunktionelt-traekokken-med-vaskemaskine-og-tilbehor","status":"publish","type":"product","link":"https:\/\/nordicmart.andreevmaster.com\/da\/vare\/classic-world-xxl-multifunktionelt-traekokken-med-vaskemaskine-og-tilbehor\/","title":{"rendered":"CLASSIC WORLD XXL Multifunktionelt Tr\u00e6k\u00f8kken med Vaskemaskine og Tilbeh\u00f8r"},"content":{"rendered":"<p>Classic World &#8211; Legek\u00f8kken i Tr\u00e6<\/p>\n<p>Dette stilfulde, multifunktionelle k\u00f8kken er det perfekte sted til b\u00f8rns kulinariske eventyr. Naturlige farver, realistiske detaljer og tilbeh\u00f8r g\u00f8r legen endnu mere engagerende. B\u00f8rn kan efterligne hverdagssituationer, mens de udvikler kreativitet, selvst\u00e6ndighed og motoriske f\u00e6rdigheder.<\/p>\n<p>Funktioner:<\/p>\n<p>* &#8211; til b\u00f8rn fra 3 \u00e5r og op<br \/>\n* &#8211; k\u00f8kken i tr\u00e6 til leg med madlavning<br \/>\n* &#8211; \u00e6stetisk, naturligt design i pastelfarver<br \/>\n* &#8211; udvikler fantasi, motoriske f\u00e6rdigheder og sociale kompetencer<br \/>\n* &#8211; h\u00f8j kvalitet i forarbejdningen med sans for detaljer<br \/>\n* &#8211; k\u00f8kkentilbeh\u00f8r medf\u00f8lger<\/p>\n<p>Leget\u00f8jet udvikler:<\/p>\n<p>* &#8211; fantasi<br \/>\n* &#8211; grovmotorik<br \/>\n* &#8211; sociale kompetencer<\/p>\n","protected":false},"excerpt":{"rendered":"<p>Classic World &#8211; Legek\u00f8kken i Tr\u00e6 Dette stilfulde, multifunktionelle k\u00f8kken er det perfekte sted til b\u00f8rns kulinariske eventyr. Naturlige farver, realistiske detaljer og tilbeh\u00f8r g\u00f8r legen endnu mere engagerende. B\u00f8rn kan efterligne hverdagssituationer, mens de udvikler kreativitet, selvst\u00e6ndighed og motoriske f\u00e6rdigheder. Funktioner: * &#8211; til b\u00f8rn fra 3 \u00e5r og op * &#8211; k\u00f8kken i [&hellip;]<\/p>\n","protected":false},"featured_media":0,"comment_status":"open","ping_status":"closed","template":"","meta":[],"product_brand":[],"product_cat":[31],"product_tag":[],"class_list":{"0":"post-20561","1":"product","2":"type-product","3":"status-publish","5":"product_cat-uncategorized-da","7":"first","8":"instock","9":"shipping-taxable","10":"purchasable","11":"product-type-simple"},"_links":{"self":[{"href":"https:\/\/nordicmart.andreevmaster.com\/da\/wp-json\/wp\/v2\/product\/20561","targetHints":{"allow":["GET"]}}],"collection":[{"href":"https:\/\/nordicmart.andreevmaster.com\/da\/wp-json\/wp\/v2\/product"}],"about":[{"href":"https:\/\/nordicmart.andreevmaster.com\/da\/wp-json\/wp\/v2\/types\/product"}],"replies":[{"embeddable":true,"href":"https:\/\/nordicmart.andreevmaster.com\/da\/wp-json\/wp\/v2\/comments?post=20561"}],"wp:attachment":[{"href":"https:\/\/nordicmart.andreevmaster.com\/da\/wp-json\/wp\/v2\/media?parent=20561"}],"wp:term":[{"taxonomy":"product_brand","embeddable":true,"href":"https:\/\/nordicmart.andreevmaster.com\/da\/wp-json\/wp\/v2\/product_brand?post=20561"},{"taxonomy":"product_cat","embeddable":true,"href":"https:\/\/nordicmart.andreevmaster.com\/da\/wp-json\/wp\/v2\/product_cat?post=20561"},{"taxonomy":"product_tag","embeddable":true,"href":"https:\/\/nordicmart.andreevmaster.com\/da\/wp-json\/wp\/v2\/product_tag?post=20561"}],"curies":[{"name":"wp","href":"https:\/\/api.w.org\/{rel}","templated":true}]}}