{"id":20560,"date":"2026-02-27T00:09:00","date_gmt":"2026-02-27T00:09:00","guid":{"rendered":"https:\/\/nordicmart.andreevmaster.com\/product\/classic-world-traetoiletsbord-med-spejl-stol-og-tilbehor-pastel\/"},"modified":"2026-02-27T08:53:50","modified_gmt":"2026-02-27T08:53:50","slug":"classic-world-traetoiletsbord-med-spejl-stol-og-tilbehor-pastel","status":"publish","type":"product","link":"https:\/\/nordicmart.andreevmaster.com\/da\/vare\/classic-world-traetoiletsbord-med-spejl-stol-og-tilbehor-pastel\/","title":{"rendered":"CLASSIC WORLD Tr\u00e6toiletsbord med spejl, stol og tilbeh\u00f8r Pastel"},"content":{"rendered":"<p>Toilettebordet med spejl fra Classic World er designet specielt til sm\u00e5 piger, der dr\u00f8mmer om at have deres eget hj\u00f8rne, hvor de kan lege med makeup og elsker at kl\u00e6de sig ud. S\u00e6ttet indeholder en rund skammel, et spejl og forskellige tilbeh\u00f8r s\u00e5som et armb\u00e5nd, h\u00e5rsp\u00e6nder og en halsk\u00e6de. Med dette toilettebord kan b\u00f8rn udvikle deres fantasi, efterligne voksne og \u00f8ve deres manuelle f\u00e6rdigheder, mens de leger.<\/p>\n<p>Egenskaber:<\/p>\n<p>* &#8211; S\u00e6t til b\u00f8rn fra 3 \u00e5r<br \/>\n* &#8211; Pastelfarver<br \/>\n* &#8211; Fremstillet af tr\u00e6 af h\u00f8j kvalitet<br \/>\n* &#8211; Rollespil \u2013 b\u00f8rnene kan lege, at de er voksne<br \/>\n* &#8211; Med skuffe til tilbeh\u00f8r<\/p>\n<p>S\u00e6ttet indeholder:<\/p>\n<p>* &#8211; Toiletbord<br \/>\n* &#8211; Stol<br \/>\n* &#8211; Halsk\u00e6de<br \/>\n* &#8211; Armb\u00e5nd<br \/>\n* &#8211; 4 h\u00e5rsp\u00e6nder<\/p>\n<p>Leget\u00f8jet udvikler:<\/p>\n<p>* &#8211; Manuelle f\u00e6rdigheder<br \/>\n* &#8211; Fantasi<br \/>\n* &#8211; Kreativitet<br \/>\n* &#8211; H\u00e5nd-\u00f8je-koordination<\/p>\n","protected":false},"excerpt":{"rendered":"<p>Toilettebordet med spejl fra Classic World er designet specielt til sm\u00e5 piger, der dr\u00f8mmer om at have deres eget hj\u00f8rne, hvor de kan lege med makeup og elsker at kl\u00e6de sig ud. S\u00e6ttet indeholder en rund skammel, et spejl og forskellige tilbeh\u00f8r s\u00e5som et armb\u00e5nd, h\u00e5rsp\u00e6nder og en halsk\u00e6de. Med dette toilettebord kan b\u00f8rn udvikle [&hellip;]<\/p>\n","protected":false},"featured_media":0,"comment_status":"open","ping_status":"closed","template":"","meta":[],"product_brand":[],"product_cat":[31],"product_tag":[],"class_list":{"0":"post-20560","1":"product","2":"type-product","3":"status-publish","5":"product_cat-uncategorized-da","7":"first","8":"instock","9":"shipping-taxable","10":"purchasable","11":"product-type-simple"},"_links":{"self":[{"href":"https:\/\/nordicmart.andreevmaster.com\/da\/wp-json\/wp\/v2\/product\/20560","targetHints":{"allow":["GET"]}}],"collection":[{"href":"https:\/\/nordicmart.andreevmaster.com\/da\/wp-json\/wp\/v2\/product"}],"about":[{"href":"https:\/\/nordicmart.andreevmaster.com\/da\/wp-json\/wp\/v2\/types\/product"}],"replies":[{"embeddable":true,"href":"https:\/\/nordicmart.andreevmaster.com\/da\/wp-json\/wp\/v2\/comments?post=20560"}],"wp:attachment":[{"href":"https:\/\/nordicmart.andreevmaster.com\/da\/wp-json\/wp\/v2\/media?parent=20560"}],"wp:term":[{"taxonomy":"product_brand","embeddable":true,"href":"https:\/\/nordicmart.andreevmaster.com\/da\/wp-json\/wp\/v2\/product_brand?post=20560"},{"taxonomy":"product_cat","embeddable":true,"href":"https:\/\/nordicmart.andreevmaster.com\/da\/wp-json\/wp\/v2\/product_cat?post=20560"},{"taxonomy":"product_tag","embeddable":true,"href":"https:\/\/nordicmart.andreevmaster.com\/da\/wp-json\/wp\/v2\/product_tag?post=20560"}],"curies":[{"name":"wp","href":"https:\/\/api.w.org\/{rel}","templated":true}]}}