{"id":20559,"date":"2026-02-27T00:09:00","date_gmt":"2026-02-27T00:09:00","guid":{"rendered":"https:\/\/nordicmart.andreevmaster.com\/product\/classic-world-vintage-traedukkevogn\/"},"modified":"2026-02-27T08:53:50","modified_gmt":"2026-02-27T08:53:50","slug":"classic-world-vintage-traedukkevogn","status":"publish","type":"product","link":"https:\/\/nordicmart.andreevmaster.com\/da\/vare\/classic-world-vintage-traedukkevogn\/","title":{"rendered":"CLASSIC WORLD Vintage tr\u00e6dukkevogn"},"content":{"rendered":"<p>Tr\u00e6dukkevogn \u2013 vintage stil med rygl\u00e6n i rattan!<\/p>\n<p>Denne charmerende dukkevogn kombinerer klassisk stil med naturlige materialer. Det gr\u00f8nne design med blomsterdekorationer og rygl\u00e6n i rattan tiltr\u00e6kker opm\u00e6rksomhed og skaber en unik retro-atmosf\u00e6re. Det er det perfekte leget\u00f8j til b\u00f8rn, der kan lide at lege rollespil og passe p\u00e5 deres dukker og udstoppede dyr.<\/p>\n<p>Egenskaber:<\/p>\n<p>* &#8211; leget\u00f8j til b\u00f8rn fra 3 \u00e5r<br \/>\n* &#8211; elegant barnevogn til dukker og k\u00e6ledyr<br \/>\n* &#8211; stabil konstruktion i tr\u00e6<br \/>\n* &#8211; Vintage-stil med rygl\u00e6n i rattan<br \/>\n* &#8211; charmerende blomsterdekorationer<br \/>\n* &#8211; underst\u00f8tter udviklingen af fantasi og omsorg<\/p>\n<p>Leget\u00f8jet udvikler:<\/p>\n<p>* &#8211; fantasi<br \/>\n* &#8211; grovmotorik<br \/>\n* &#8211; sociale f\u00e6rdigheder<\/p>\n","protected":false},"excerpt":{"rendered":"<p>Tr\u00e6dukkevogn \u2013 vintage stil med rygl\u00e6n i rattan! Denne charmerende dukkevogn kombinerer klassisk stil med naturlige materialer. Det gr\u00f8nne design med blomsterdekorationer og rygl\u00e6n i rattan tiltr\u00e6kker opm\u00e6rksomhed og skaber en unik retro-atmosf\u00e6re. Det er det perfekte leget\u00f8j til b\u00f8rn, der kan lide at lege rollespil og passe p\u00e5 deres dukker og udstoppede dyr. Egenskaber: [&hellip;]<\/p>\n","protected":false},"featured_media":0,"comment_status":"open","ping_status":"closed","template":"","meta":[],"product_brand":[],"product_cat":[31],"product_tag":[],"class_list":{"0":"post-20559","1":"product","2":"type-product","3":"status-publish","5":"product_cat-uncategorized-da","7":"first","8":"instock","9":"shipping-taxable","10":"purchasable","11":"product-type-simple"},"_links":{"self":[{"href":"https:\/\/nordicmart.andreevmaster.com\/da\/wp-json\/wp\/v2\/product\/20559","targetHints":{"allow":["GET"]}}],"collection":[{"href":"https:\/\/nordicmart.andreevmaster.com\/da\/wp-json\/wp\/v2\/product"}],"about":[{"href":"https:\/\/nordicmart.andreevmaster.com\/da\/wp-json\/wp\/v2\/types\/product"}],"replies":[{"embeddable":true,"href":"https:\/\/nordicmart.andreevmaster.com\/da\/wp-json\/wp\/v2\/comments?post=20559"}],"wp:attachment":[{"href":"https:\/\/nordicmart.andreevmaster.com\/da\/wp-json\/wp\/v2\/media?parent=20559"}],"wp:term":[{"taxonomy":"product_brand","embeddable":true,"href":"https:\/\/nordicmart.andreevmaster.com\/da\/wp-json\/wp\/v2\/product_brand?post=20559"},{"taxonomy":"product_cat","embeddable":true,"href":"https:\/\/nordicmart.andreevmaster.com\/da\/wp-json\/wp\/v2\/product_cat?post=20559"},{"taxonomy":"product_tag","embeddable":true,"href":"https:\/\/nordicmart.andreevmaster.com\/da\/wp-json\/wp\/v2\/product_tag?post=20559"}],"curies":[{"name":"wp","href":"https:\/\/api.w.org\/{rel}","templated":true}]}}