{"id":20558,"date":"2026-02-27T00:09:00","date_gmt":"2026-02-27T00:09:00","guid":{"rendered":"https:\/\/nordicmart.andreevmaster.com\/product\/classic-world-vintage-traehojstol-til-dukker\/"},"modified":"2026-02-27T08:53:50","modified_gmt":"2026-02-27T08:53:50","slug":"classic-world-vintage-traehojstol-til-dukker","status":"publish","type":"product","link":"https:\/\/nordicmart.andreevmaster.com\/da\/vare\/classic-world-vintage-traehojstol-til-dukker\/","title":{"rendered":"CLASSIC WORLD Vintage tr\u00e6h\u00f8jstol til dukker"},"content":{"rendered":"<p>Tr\u00e6stol til dukker \u2013 vintage stil med rygl\u00e6n i rattan!<\/p>\n<p>Denne elegante h\u00f8jstol til dukker er det perfekte tilbeh\u00f8r til leg med at v\u00e6re omsorgsperson. Den er dekoreret i gr\u00f8nne nuancer med diskrete blomsterpynt og henviser til klassisk vintage stil. Det naturlige rattanv\u00e6v i rygl\u00e6net giver den en unik charme og et autentisk look. Den er perfekt til temaleg, der udvikler dit barns empati og fantasi.<\/p>\n<p>Egenskaber:<\/p>\n<p>* &#8211; leget\u00f8j beregnet til b\u00f8rn fra 3 \u00e5r<br \/>\n* &#8211; h\u00f8jstol til at made dukker<br \/>\n* &#8211; rottingv\u00e6v p\u00e5 rygl\u00e6net \u2013 et naturligt accent<br \/>\n* &#8211; stabil konstruktion i tr\u00e6<br \/>\n* &#8211; malede detaljer og blomsterm\u00f8nstre i vintage-stil<br \/>\n* &#8211; fremmer kreativ leg og social udvikling<\/p>\n<p>Leget\u00f8jet udvikler:<\/p>\n<p>* &#8211; motoriske f\u00e6rdigheder<br \/>\n* &#8211; manuelle f\u00e6rdigheder<br \/>\n* &#8211; nysgerrighed<br \/>\n* &#8211; kreativitet<\/p>\n","protected":false},"excerpt":{"rendered":"<p>Tr\u00e6stol til dukker \u2013 vintage stil med rygl\u00e6n i rattan! Denne elegante h\u00f8jstol til dukker er det perfekte tilbeh\u00f8r til leg med at v\u00e6re omsorgsperson. Den er dekoreret i gr\u00f8nne nuancer med diskrete blomsterpynt og henviser til klassisk vintage stil. Det naturlige rattanv\u00e6v i rygl\u00e6net giver den en unik charme og et autentisk look. Den [&hellip;]<\/p>\n","protected":false},"featured_media":0,"comment_status":"open","ping_status":"closed","template":"","meta":[],"product_brand":[],"product_cat":[31],"product_tag":[],"class_list":{"0":"post-20558","1":"product","2":"type-product","3":"status-publish","5":"product_cat-uncategorized-da","7":"first","8":"instock","9":"shipping-taxable","10":"purchasable","11":"product-type-simple"},"_links":{"self":[{"href":"https:\/\/nordicmart.andreevmaster.com\/da\/wp-json\/wp\/v2\/product\/20558","targetHints":{"allow":["GET"]}}],"collection":[{"href":"https:\/\/nordicmart.andreevmaster.com\/da\/wp-json\/wp\/v2\/product"}],"about":[{"href":"https:\/\/nordicmart.andreevmaster.com\/da\/wp-json\/wp\/v2\/types\/product"}],"replies":[{"embeddable":true,"href":"https:\/\/nordicmart.andreevmaster.com\/da\/wp-json\/wp\/v2\/comments?post=20558"}],"wp:attachment":[{"href":"https:\/\/nordicmart.andreevmaster.com\/da\/wp-json\/wp\/v2\/media?parent=20558"}],"wp:term":[{"taxonomy":"product_brand","embeddable":true,"href":"https:\/\/nordicmart.andreevmaster.com\/da\/wp-json\/wp\/v2\/product_brand?post=20558"},{"taxonomy":"product_cat","embeddable":true,"href":"https:\/\/nordicmart.andreevmaster.com\/da\/wp-json\/wp\/v2\/product_cat?post=20558"},{"taxonomy":"product_tag","embeddable":true,"href":"https:\/\/nordicmart.andreevmaster.com\/da\/wp-json\/wp\/v2\/product_tag?post=20558"}],"curies":[{"name":"wp","href":"https:\/\/api.w.org\/{rel}","templated":true}]}}