{"id":20557,"date":"2026-02-27T00:09:00","date_gmt":"2026-02-27T00:09:00","guid":{"rendered":"https:\/\/nordicmart.andreevmaster.com\/product\/classic-world-vintage-traedukkehus\/"},"modified":"2026-02-27T08:53:49","modified_gmt":"2026-02-27T08:53:49","slug":"classic-world-vintage-traedukkehus","status":"publish","type":"product","link":"https:\/\/nordicmart.andreevmaster.com\/da\/vare\/classic-world-vintage-traedukkehus\/","title":{"rendered":"CLASSIC WORLD Vintage tr\u00e6dukkehus"},"content":{"rendered":"<p>Et charmerende dukkehus i vintage-stil fra CLASSIC WORLD, som vil begejstre alle b\u00f8rn! Dette fantastiske 3-etagers hus er smukt indrettet med en r\u00e6kke m\u00f8bler. Huset kan \u00e5bnes via taget, hvilket giver bedre adgang til de forskellige rum. S\u00e6ttet indeholder indretningstilbeh\u00f8r s\u00e5som en seng med senget\u00e6ppe, et badekar, en sofa, en lampe, et bord, to stole, et k\u00f8kken og et k\u00f8leskab. <\/p>\n<p>Egenskaber: <\/p>\n<p>* &#8211; Leget\u00f8j beregnet til b\u00f8rn fra 3 \u00e5r<br \/>\n* &#8211; S\u00e6ttet best\u00e5r af 36 elementer<br \/>\n* &#8211; Hvidt hus<br \/>\n* &#8211; Huset har 2 etager + et loft<br \/>\n* &#8211; Let at transportere, alle elementer kan opbevares i huset<\/p>\n<p>Leget\u00f8jet udvikler:<\/p>\n<p>* &#8211; Social adf\u00e6rd<br \/>\n* &#8211; Kreativitet<\/p>\n","protected":false},"excerpt":{"rendered":"<p>Et charmerende dukkehus i vintage-stil fra CLASSIC WORLD, som vil begejstre alle b\u00f8rn! Dette fantastiske 3-etagers hus er smukt indrettet med en r\u00e6kke m\u00f8bler. Huset kan \u00e5bnes via taget, hvilket giver bedre adgang til de forskellige rum. S\u00e6ttet indeholder indretningstilbeh\u00f8r s\u00e5som en seng med senget\u00e6ppe, et badekar, en sofa, en lampe, et bord, to stole, [&hellip;]<\/p>\n","protected":false},"featured_media":0,"comment_status":"open","ping_status":"closed","template":"","meta":[],"product_brand":[],"product_cat":[31],"product_tag":[],"class_list":{"0":"post-20557","1":"product","2":"type-product","3":"status-publish","5":"product_cat-uncategorized-da","7":"first","8":"instock","9":"shipping-taxable","10":"purchasable","11":"product-type-simple"},"_links":{"self":[{"href":"https:\/\/nordicmart.andreevmaster.com\/da\/wp-json\/wp\/v2\/product\/20557","targetHints":{"allow":["GET"]}}],"collection":[{"href":"https:\/\/nordicmart.andreevmaster.com\/da\/wp-json\/wp\/v2\/product"}],"about":[{"href":"https:\/\/nordicmart.andreevmaster.com\/da\/wp-json\/wp\/v2\/types\/product"}],"replies":[{"embeddable":true,"href":"https:\/\/nordicmart.andreevmaster.com\/da\/wp-json\/wp\/v2\/comments?post=20557"}],"wp:attachment":[{"href":"https:\/\/nordicmart.andreevmaster.com\/da\/wp-json\/wp\/v2\/media?parent=20557"}],"wp:term":[{"taxonomy":"product_brand","embeddable":true,"href":"https:\/\/nordicmart.andreevmaster.com\/da\/wp-json\/wp\/v2\/product_brand?post=20557"},{"taxonomy":"product_cat","embeddable":true,"href":"https:\/\/nordicmart.andreevmaster.com\/da\/wp-json\/wp\/v2\/product_cat?post=20557"},{"taxonomy":"product_tag","embeddable":true,"href":"https:\/\/nordicmart.andreevmaster.com\/da\/wp-json\/wp\/v2\/product_tag?post=20557"}],"curies":[{"name":"wp","href":"https:\/\/api.w.org\/{rel}","templated":true}]}}