{"id":20556,"date":"2026-02-27T00:08:59","date_gmt":"2026-02-27T00:08:59","guid":{"rendered":"https:\/\/nordicmart.andreevmaster.com\/product\/classic-world-traegarage-i-3-niveauer-med-elevator-eco-zone\/"},"modified":"2026-02-27T08:53:49","modified_gmt":"2026-02-27T08:53:49","slug":"classic-world-traegarage-i-3-niveauer-med-elevator-eco-zone","status":"publish","type":"product","link":"https:\/\/nordicmart.andreevmaster.com\/da\/vare\/classic-world-traegarage-i-3-niveauer-med-elevator-eco-zone\/","title":{"rendered":"CLASSIC WORLD Tr\u00e6garage i 3 niveauer med elevator &#8220;Eco Zone&#8221;"},"content":{"rendered":"<p>Den tr\u00e6parkering i flere niveauer fra Classic World, komplet med en ladestation til elbiler, elevator, solcellepaneler, vindm\u00f8lle og helikopterlandingsplads, vil v\u00e6kke fantasien hos enhver bil- og motorentusiast. For at f\u00e5 et k\u00f8ret\u00f8j ind eller ud af parkeringshuset skal man l\u00f8fte bommen. Takket v\u00e6re elevatoren (som betjenes manuelt) kan k\u00f8ret\u00f8jer bev\u00e6ge sig mellem etagerne. En speciel snoet rampe g\u00f8r det muligt for biler at k\u00f8re hurtigt ned fra hver etage. Garagen er ogs\u00e5 udstyret med en ladestation til elbiler. Derudover indeholder s\u00e6ttet 3 leget\u00f8jsbiler og en helikopter.<\/p>\n<p>Funktioner:<\/p>\n<p>* &#8211; Leget\u00f8j til b\u00f8rn fra 3 \u00e5r<br \/>\n* &#8211; Bev\u00e6gelige dele s\u00e5som propeller, vindm\u00f8lle og elevator<br \/>\n* &#8211; &#8220;Eco Zone&#8221;-parkeringshuset er lavet af tr\u00e6 af h\u00f8jeste kvalitet<br \/>\n* &#8211; Parkeringspladsen har plads til mange biler<br \/>\n* &#8211; Perfekt som gave, ser flot ud p\u00e5 en hylde efter legetid<br \/>\n* &#8211; S\u00e6ttet fremmer \u00f8kologi og pr\u00e6senterer p\u00e5 en enkel m\u00e5de, hvordan vedvarende energikilder s\u00e5som solcellepaneler og vindm\u00f8ller fungerer<\/p>\n<p>S\u00e6ttet indeholder:<\/p>\n<p>* &#8211; 4 tr\u00e6biler \u2013 politibil, kranvogn, bus, helikopter<br \/>\n* &#8211; 3-etagers garage med elevator, 2 rutsjebaner og en bom<br \/>\n* &#8211; 3 solcellepaneler<br \/>\n* &#8211; ladestation til k\u00f8ret\u00f8jer, vindm\u00f8lle<\/p>\n","protected":false},"excerpt":{"rendered":"<p>Den tr\u00e6parkering i flere niveauer fra Classic World, komplet med en ladestation til elbiler, elevator, solcellepaneler, vindm\u00f8lle og helikopterlandingsplads, vil v\u00e6kke fantasien hos enhver bil- og motorentusiast. For at f\u00e5 et k\u00f8ret\u00f8j ind eller ud af parkeringshuset skal man l\u00f8fte bommen. Takket v\u00e6re elevatoren (som betjenes manuelt) kan k\u00f8ret\u00f8jer bev\u00e6ge sig mellem etagerne. En speciel [&hellip;]<\/p>\n","protected":false},"featured_media":0,"comment_status":"open","ping_status":"closed","template":"","meta":[],"product_brand":[],"product_cat":[31],"product_tag":[],"class_list":{"0":"post-20556","1":"product","2":"type-product","3":"status-publish","5":"product_cat-uncategorized-da","7":"first","8":"instock","9":"shipping-taxable","10":"purchasable","11":"product-type-simple"},"_links":{"self":[{"href":"https:\/\/nordicmart.andreevmaster.com\/da\/wp-json\/wp\/v2\/product\/20556","targetHints":{"allow":["GET"]}}],"collection":[{"href":"https:\/\/nordicmart.andreevmaster.com\/da\/wp-json\/wp\/v2\/product"}],"about":[{"href":"https:\/\/nordicmart.andreevmaster.com\/da\/wp-json\/wp\/v2\/types\/product"}],"replies":[{"embeddable":true,"href":"https:\/\/nordicmart.andreevmaster.com\/da\/wp-json\/wp\/v2\/comments?post=20556"}],"wp:attachment":[{"href":"https:\/\/nordicmart.andreevmaster.com\/da\/wp-json\/wp\/v2\/media?parent=20556"}],"wp:term":[{"taxonomy":"product_brand","embeddable":true,"href":"https:\/\/nordicmart.andreevmaster.com\/da\/wp-json\/wp\/v2\/product_brand?post=20556"},{"taxonomy":"product_cat","embeddable":true,"href":"https:\/\/nordicmart.andreevmaster.com\/da\/wp-json\/wp\/v2\/product_cat?post=20556"},{"taxonomy":"product_tag","embeddable":true,"href":"https:\/\/nordicmart.andreevmaster.com\/da\/wp-json\/wp\/v2\/product_tag?post=20556"}],"curies":[{"name":"wp","href":"https:\/\/api.w.org\/{rel}","templated":true}]}}