{"id":20555,"date":"2026-02-27T00:08:59","date_gmt":"2026-02-27T00:08:59","guid":{"rendered":"https:\/\/nordicmart.andreevmaster.com\/product\/classic-world-traepizzaovn-3-fsc\/"},"modified":"2026-02-27T08:53:49","modified_gmt":"2026-02-27T08:53:49","slug":"classic-world-traepizzaovn-3-fsc","status":"publish","type":"product","link":"https:\/\/nordicmart.andreevmaster.com\/da\/vare\/classic-world-traepizzaovn-3-fsc\/","title":{"rendered":"CLASSIC WORLD Tr\u00e6pizzaovn 3+ FSC"},"content":{"rendered":"<p>Tr\u00e6pizzaovnen fra Classic World er et komplet restaurant-leges\u00e6t designet til sm\u00e5 kokke. S\u00e6ttet indeholder bev\u00e6gelige tilbeh\u00f8rsdele og pizza-tilbeh\u00f8r, som engagerer b\u00f8rnene i kreative rollelege. Produktet er lavet af glat tr\u00e6, malet med sikre, giftfri malinger \u2014 leget\u00f8jet er holdbart og b\u00f8rnevenligt.<\/p>\n<p>Egenskaber:<\/p>\n<p>* &#8211; til b\u00f8rn fra 3 \u00e5r<br \/>\n* &#8211; 31 dele i s\u00e6ttet<br \/>\n* &#8211; pizzaovn\/ovn med tilbeh\u00f8r<br \/>\n* &#8211; filt tilbeh\u00f8r (f.eks. ost, l\u00f8g) og bev\u00e6gelige dele<br \/>\n* &#8211; lavet af tr\u00e6 af h\u00f8j kvalitet<br \/>\n* &#8211; glatte og sikre kanter<\/p>\n<p>S\u00e6ttet indeholder:<\/p>\n<p>* &#8211; pizzaovn\/ovn (af tr\u00e6)<br \/>\n* &#8211; pizzabr\u00e6t af tr\u00e6<br \/>\n* &#8211; 6 pizzastykker<br \/>\n* &#8211; 13 pizzaingredienser (gr\u00f8ntsager, ost, toppings, herunder filt)<br \/>\n* &#8211; pizzaspade<br \/>\n* &#8211; pizzask\u00e6rer<br \/>\n* &#8211; 2 tallerkener<br \/>\n* &#8211; andre supplerende dele \u2014 i alt 31 stykker<\/p>\n<p>Leget\u00f8jet udvikler:<\/p>\n<p>* &#8211; kreativitet og fantasi<br \/>\n* &#8211; manuelle f\u00e6rdigheder<br \/>\n* &#8211; h\u00e5nd-\u00f8je-koordination<br \/>\n* &#8211; genkendelse af former og farver<br \/>\n* &#8211; t\u00e5lmodighed og koncentration<br \/>\n* &#8211; evnen til rollespil og leg i en gruppe<\/p>\n","protected":false},"excerpt":{"rendered":"<p>Tr\u00e6pizzaovnen fra Classic World er et komplet restaurant-leges\u00e6t designet til sm\u00e5 kokke. S\u00e6ttet indeholder bev\u00e6gelige tilbeh\u00f8rsdele og pizza-tilbeh\u00f8r, som engagerer b\u00f8rnene i kreative rollelege. Produktet er lavet af glat tr\u00e6, malet med sikre, giftfri malinger \u2014 leget\u00f8jet er holdbart og b\u00f8rnevenligt. Egenskaber: * &#8211; til b\u00f8rn fra 3 \u00e5r * &#8211; 31 dele i s\u00e6ttet [&hellip;]<\/p>\n","protected":false},"featured_media":0,"comment_status":"open","ping_status":"closed","template":"","meta":[],"product_brand":[],"product_cat":[31],"product_tag":[],"class_list":{"0":"post-20555","1":"product","2":"type-product","3":"status-publish","5":"product_cat-uncategorized-da","7":"first","8":"instock","9":"shipping-taxable","10":"purchasable","11":"product-type-simple"},"_links":{"self":[{"href":"https:\/\/nordicmart.andreevmaster.com\/da\/wp-json\/wp\/v2\/product\/20555","targetHints":{"allow":["GET"]}}],"collection":[{"href":"https:\/\/nordicmart.andreevmaster.com\/da\/wp-json\/wp\/v2\/product"}],"about":[{"href":"https:\/\/nordicmart.andreevmaster.com\/da\/wp-json\/wp\/v2\/types\/product"}],"replies":[{"embeddable":true,"href":"https:\/\/nordicmart.andreevmaster.com\/da\/wp-json\/wp\/v2\/comments?post=20555"}],"wp:attachment":[{"href":"https:\/\/nordicmart.andreevmaster.com\/da\/wp-json\/wp\/v2\/media?parent=20555"}],"wp:term":[{"taxonomy":"product_brand","embeddable":true,"href":"https:\/\/nordicmart.andreevmaster.com\/da\/wp-json\/wp\/v2\/product_brand?post=20555"},{"taxonomy":"product_cat","embeddable":true,"href":"https:\/\/nordicmart.andreevmaster.com\/da\/wp-json\/wp\/v2\/product_cat?post=20555"},{"taxonomy":"product_tag","embeddable":true,"href":"https:\/\/nordicmart.andreevmaster.com\/da\/wp-json\/wp\/v2\/product_tag?post=20555"}],"curies":[{"name":"wp","href":"https:\/\/api.w.org\/{rel}","templated":true}]}}