{"id":20554,"date":"2026-02-27T00:08:59","date_gmt":"2026-02-27T00:08:59","guid":{"rendered":"https:\/\/nordicmart.andreevmaster.com\/product\/classic-world-traehus-til-dukker-31-dele\/"},"modified":"2026-02-27T08:53:49","modified_gmt":"2026-02-27T08:53:49","slug":"classic-world-traehus-til-dukker-31-dele","status":"publish","type":"product","link":"https:\/\/nordicmart.andreevmaster.com\/da\/vare\/classic-world-traehus-til-dukker-31-dele\/","title":{"rendered":"CLASSIC WORLD Tr\u00e6hus til dukker, 31 dele"},"content":{"rendered":"<p>Tr\u00e6huset fra CLASSIC WORLD giver dit barn uendelig megen sjov! Dette unikke dukkehus stimulerer dit barns fantasi. Huset er fuldt funktionelt. Drengedukken kan tr\u00e6kke en spand op ved hj\u00e6lp af en talje, mens pigedukken kan lege med en hvalp. Egernet kan spise en fyrretr\u00e6skogle. Dukkerne kan gynge p\u00e5 gyngerne og klatre op ad stigen til tr\u00e6huset. S\u00e6ttet indeholder 2 b\u00f8rnefigurer, 2 dyr og fantastiske tilbeh\u00f8r, herunder en vippe, d\u00e6kgynge, spand, skattekiste, seng, bord og stole. S\u00e6ttet er lavet af naturligt tr\u00e6. Dette unikke hus vil opmuntre dit barn til at skabe historier og eventyr for sine sm\u00e5 dukker. <\/p>\n<p>Egenskaber: <\/p>\n<p>* &#8211; leget\u00f8j til b\u00f8rn fra 3 \u00e5r,<br \/>\n* &#8211; indeholder 31 elementer,<br \/>\n* &#8211; fuldt funktionelt, f.eks. bev\u00e6gelig spand og gynger,<br \/>\n* &#8211; naturligt tr\u00e6.<\/p>\n<p>Inkluderet:<\/p>\n<p>* &#8211; tr\u00e6hus,<br \/>\n* &#8211; 2 b\u00f8rnefigurer,<br \/>\n* &#8211; 2 dyr,<br \/>\n* &#8211; tilbeh\u00f8r: vippe, d\u00e6ksving, spand, skattekiste, seng, bord, stole.* vippe,<br \/>\n* d\u00e6kgynge,<br \/>\n* spand,<br \/>\n* skattekiste,<br \/>\n* seng,<br \/>\n* bord,<br \/>\n* stole.<\/p>\n<p>* vippe,<br \/>\n* d\u00e6kgynge,<br \/>\n* spand,<br \/>\n* skattekiste,<br \/>\n* seng,<br \/>\n* bord,<br \/>\n* stole.Leget\u00f8jet udvikler:<\/p>\n<p>* &#8211; fantasi og kreativitet<\/p>\n<p>&lt;center&gt;&lt;iframe width=&#8221;467&#8243; height=&#8221;830&#8243; src=&#8221;https:\/\/www.youtube.com\/embed\/ERsLGhwvnjY&#8221; title=&#8221;CLASSIC WORLD Tr\u00e6hus til dukker, 31 stykker&#8221; frameborder=&#8221;0&#8243; allow=&#8221;accelerometer; autoplay; clipboard-write; encrypted-media; gyroscope; picture-in-picture; web-share&#8221; referrerpolicy=&#8221;strict-origin-when-cross-origin&#8221; allowfullscreen&gt;&lt;\/iframe&gt;&lt;\/center&gt;<\/p>\n","protected":false},"excerpt":{"rendered":"<p>Tr\u00e6huset fra CLASSIC WORLD giver dit barn uendelig megen sjov! Dette unikke dukkehus stimulerer dit barns fantasi. Huset er fuldt funktionelt. Drengedukken kan tr\u00e6kke en spand op ved hj\u00e6lp af en talje, mens pigedukken kan lege med en hvalp. Egernet kan spise en fyrretr\u00e6skogle. Dukkerne kan gynge p\u00e5 gyngerne og klatre op ad stigen til [&hellip;]<\/p>\n","protected":false},"featured_media":0,"comment_status":"open","ping_status":"closed","template":"","meta":[],"product_brand":[],"product_cat":[31],"product_tag":[],"class_list":{"0":"post-20554","1":"product","2":"type-product","3":"status-publish","5":"product_cat-uncategorized-da","7":"first","8":"instock","9":"shipping-taxable","10":"purchasable","11":"product-type-simple"},"_links":{"self":[{"href":"https:\/\/nordicmart.andreevmaster.com\/da\/wp-json\/wp\/v2\/product\/20554","targetHints":{"allow":["GET"]}}],"collection":[{"href":"https:\/\/nordicmart.andreevmaster.com\/da\/wp-json\/wp\/v2\/product"}],"about":[{"href":"https:\/\/nordicmart.andreevmaster.com\/da\/wp-json\/wp\/v2\/types\/product"}],"replies":[{"embeddable":true,"href":"https:\/\/nordicmart.andreevmaster.com\/da\/wp-json\/wp\/v2\/comments?post=20554"}],"wp:attachment":[{"href":"https:\/\/nordicmart.andreevmaster.com\/da\/wp-json\/wp\/v2\/media?parent=20554"}],"wp:term":[{"taxonomy":"product_brand","embeddable":true,"href":"https:\/\/nordicmart.andreevmaster.com\/da\/wp-json\/wp\/v2\/product_brand?post=20554"},{"taxonomy":"product_cat","embeddable":true,"href":"https:\/\/nordicmart.andreevmaster.com\/da\/wp-json\/wp\/v2\/product_cat?post=20554"},{"taxonomy":"product_tag","embeddable":true,"href":"https:\/\/nordicmart.andreevmaster.com\/da\/wp-json\/wp\/v2\/product_tag?post=20554"}],"curies":[{"name":"wp","href":"https:\/\/api.w.org\/{rel}","templated":true}]}}